{"id":146767,"date":"2021-01-15T10:54:11","date_gmt":"2021-01-15T10:54:11","guid":{"rendered":"https:\/\/codengine3.ch\/?product=import-placeholder-for-202491"},"modified":"2024-03-11T14:49:24","modified_gmt":"2024-03-11T13:49:24","slug":"tour-monte-rosa-matterhorn","status":"publish","type":"product","link":"https:\/\/pizbube.ch\/en\/shop\/tour-monte-rosa-matterhorn\/","title":{"rendered":"Tour Monte Rosa Matterhorn"},"content":{"rendered":"<p><span class=\"value\"><span class=\"expandableText\"><span class=\"intro\">Von Zermatt f\u00fchrt ein Weg \u00fcber den Theodulpass nach Italien, \u00fcber den Monte- Moro- Pass zur\u00fcck in die Schweiz nach Saas Fee und weiter nach Gr\u00e4chen , wo der Europaweg, die K\u00f6nigsetappen nach Zermatt, beginnt. Dieser Touren- F\u00fchrer erleichtert dem Wanderer die Planung und die Durchf\u00fchrung der Tour Monte Rosa und gibt dank der vielen Fotos einen tollen Eindruck davon. Wir w\u00fcnschen allen Toureng\u00e4ngern viel Erfolg und Spass mit diesem B\u00fcchlein.<\/span><\/span><\/span><\/p>\n<p><span class=\"value\">Namen, die Emotionen wecken. Traumberge, die zu den sch\u00f6nsten Massiven unserer Alpen geh\u00f6ren. Eine grossartige H\u00f6henwanderung rund um den Monte Rosa im Angesicht des majest\u00e4tischen Matterhorns.Ein Paradies in einer intakten Natur mit einer einmaligen Flora und Fauna. Sie ziehen durch eine Gegend, die die Geschichte der Walser atmet und geniessen die Vielfalt der einheimischen Spezialit\u00e4ten. Mehr als 190 Kilometer sind in neun anspruchsvollen Tagesetappen von 5 bis 7 Stunden zur\u00fcckzulegen. Von Zermatt f\u00fchrt der Weg \u00fcber den Theodulpass nach Italien, \u00fcber den Monte-Moro-Pass zur\u00fcck in die Schweiz ins Saastal und weiter nach Gr\u00e4chen, wo der Europaweg, die K\u00f6nigsetappe nach Zermatt, beginnt.<\/span><\/p>\n<p>104 Seiten<\/p>","protected":false},"excerpt":{"rendered":"<p>Von Zermatt f\u00fchrt ein Weg \u00fcber den Theodulpass nach Italien, \u00fcber den Monte- Moro- Pass zur\u00fcck in die Schweiz nach Saas Fee und weiter nach Gr\u00e4chen , wo der Europaweg, die K\u00f6nigsetappen nach Zermatt, beginnt. Dieser Touren- F\u00fchrer erleichtert dem Wanderer die Planung und die Durchf\u00fchrung der Tour Monte Rosa und gibt dank der vielen [&#8230;]\n","protected":false},"featured_media":160792,"template":"","meta":[],"product_brand":[],"product_cat":[21605],"product_tag":[],"class_list":{"0":"post-146767","1":"product","2":"type-product","3":"status-publish","4":"has-post-thumbnail","6":"product_cat-wanderfuehrer-trekking","7":"pa_autor-nanzer","8":"pa_erscheinungsjahr-21621","9":"pa_region-schweiz","10":"pa_sprache-de","12":"first","13":"outofstock","14":"taxable","15":"shipping-taxable","16":"purchasable","17":"product-type-simple"},"_links":{"self":[{"href":"https:\/\/pizbube.ch\/en\/wp-json\/wp\/v2\/product\/146767","targetHints":{"allow":["GET"]}}],"collection":[{"href":"https:\/\/pizbube.ch\/en\/wp-json\/wp\/v2\/product"}],"about":[{"href":"https:\/\/pizbube.ch\/en\/wp-json\/wp\/v2\/types\/product"}],"wp:featuredmedia":[{"embeddable":true,"href":"https:\/\/pizbube.ch\/en\/wp-json\/wp\/v2\/media\/160792"}],"wp:attachment":[{"href":"https:\/\/pizbube.ch\/en\/wp-json\/wp\/v2\/media?parent=146767"}],"wp:term":[{"taxonomy":"product_brand","embeddable":true,"href":"https:\/\/pizbube.ch\/en\/wp-json\/wp\/v2\/product_brand?post=146767"},{"taxonomy":"product_cat","embeddable":true,"href":"https:\/\/pizbube.ch\/en\/wp-json\/wp\/v2\/product_cat?post=146767"},{"taxonomy":"product_tag","embeddable":true,"href":"https:\/\/pizbube.ch\/en\/wp-json\/wp\/v2\/product_tag?post=146767"}],"curies":[{"name":"wp","href":"https:\/\/api.w.org\/{rel}","templated":true}]}}