{"id":146768,"date":"2021-01-15T10:54:11","date_gmt":"2021-01-15T10:54:11","guid":{"rendered":"https:\/\/codengine3.ch\/?product=import-placeholder-for-203942"},"modified":"2021-01-15T14:28:07","modified_gmt":"2021-01-15T14:28:07","slug":"tour-monte-rosa-matterhorn-1-50000","status":"publish","type":"product","link":"https:\/\/pizbube.ch\/en\/shop\/tour-monte-rosa-matterhorn-1-50000\/","title":{"rendered":"Tour Monte Rosa Matterhorn 1: 50&#8217;000"},"content":{"rendered":"<p>\nWanderkarte 1:50 000, die in fachlicher Zusammenarbeit mit dem SAC entstanden<br \/>\nist:<\/p>\n<p>In neun Etappendurch die atemberaubende Bergwelt rund um das Monte-Rosa-<br \/>\nMassiv, vorbei an den Traumbergen der Alpen. Sorgf\u00e4ltig gepr\u00fcfte<br \/>\nInformationen, H\u00f6henprofile, Zeittabelle. 101,5 x 64,5 cm, gefalzt auf 13 x 19<br \/>\ncm  <\/p>","protected":false},"excerpt":{"rendered":"<p>Wanderkarte 1:50 000, die in fachlicher Zusammenarbeit mit dem SAC entstanden ist: In neun Etappendurch die atemberaubende Bergwelt rund um das Monte-Rosa- Massiv, vorbei an den Traumbergen der Alpen. Sorgf\u00e4ltig gepr\u00fcfte Informationen, H\u00f6henprofile, Zeittabelle. 101,5 x 64,5 cm, gefalzt auf 13 x 19 cm<\/p>","protected":false},"featured_media":38088,"template":"","meta":[],"product_brand":[],"product_cat":[21543],"product_tag":[],"class_list":{"0":"post-146768","1":"product","2":"type-product","3":"status-publish","4":"has-post-thumbnail","6":"product_cat-landkarten","7":"pa_autor-rotten","8":"pa_erscheinungsjahr-21830","9":"pa_region-schweiz","10":"pa_sprache-d","11":"pa_sprache-e","12":"pa_sprache-f","13":"pa_sprache-i","15":"first","16":"outofstock","17":"taxable","18":"shipping-taxable","19":"purchasable","20":"product-type-simple"},"_links":{"self":[{"href":"https:\/\/pizbube.ch\/en\/wp-json\/wp\/v2\/product\/146768","targetHints":{"allow":["GET"]}}],"collection":[{"href":"https:\/\/pizbube.ch\/en\/wp-json\/wp\/v2\/product"}],"about":[{"href":"https:\/\/pizbube.ch\/en\/wp-json\/wp\/v2\/types\/product"}],"wp:featuredmedia":[{"embeddable":true,"href":"https:\/\/pizbube.ch\/en\/wp-json\/wp\/v2\/media\/38088"}],"wp:attachment":[{"href":"https:\/\/pizbube.ch\/en\/wp-json\/wp\/v2\/media?parent=146768"}],"wp:term":[{"taxonomy":"product_brand","embeddable":true,"href":"https:\/\/pizbube.ch\/en\/wp-json\/wp\/v2\/product_brand?post=146768"},{"taxonomy":"product_cat","embeddable":true,"href":"https:\/\/pizbube.ch\/en\/wp-json\/wp\/v2\/product_cat?post=146768"},{"taxonomy":"product_tag","embeddable":true,"href":"https:\/\/pizbube.ch\/en\/wp-json\/wp\/v2\/product_tag?post=146768"}],"curies":[{"name":"wp","href":"https:\/\/api.w.org\/{rel}","templated":true}]}}