{"id":146770,"date":"2021-01-15T10:54:11","date_gmt":"2021-01-15T10:54:11","guid":{"rendered":"https:\/\/codengine3.ch\/?product=import-placeholder-for-204933"},"modified":"2021-01-15T14:37:23","modified_gmt":"2021-01-15T14:37:23","slug":"tour-matterhorn","status":"publish","type":"product","link":"https:\/\/pizbube.ch\/en\/shop\/tour-matterhorn\/","title":{"rendered":"Tour Matterhorn"},"content":{"rendered":"<p>Wanderf\u00fchrer<br \/>\nRund um den Berg der Berge:<br \/>\nEine nahrhafte Tour \u00fcber 7 traumhafte P\u00e4sse und durch 7 wundervolle T\u00e4ler. Ein<br \/>\nWeitwanderweg der Sonderklasse. 96 Seiten  <\/p>","protected":false},"excerpt":{"rendered":"<p>Wanderf\u00fchrer Rund um den Berg der Berge: Eine nahrhafte Tour \u00fcber 7 traumhafte P\u00e4sse und durch 7 wundervolle T\u00e4ler. Ein Weitwanderweg der Sonderklasse. 96 Seiten<\/p>","protected":false},"featured_media":33487,"template":"","meta":[],"product_brand":[],"product_cat":[21605],"product_tag":[],"class_list":{"0":"post-146770","1":"product","2":"type-product","3":"status-publish","4":"has-post-thumbnail","6":"product_cat-wanderfuehrer-trekking","7":"pa_autor-nanzer","8":"pa_erscheinungsjahr-21842","9":"pa_region-schweiz","10":"pa_sprache-de","12":"first","13":"instock","14":"taxable","15":"shipping-taxable","16":"purchasable","17":"product-type-simple"},"_links":{"self":[{"href":"https:\/\/pizbube.ch\/en\/wp-json\/wp\/v2\/product\/146770","targetHints":{"allow":["GET"]}}],"collection":[{"href":"https:\/\/pizbube.ch\/en\/wp-json\/wp\/v2\/product"}],"about":[{"href":"https:\/\/pizbube.ch\/en\/wp-json\/wp\/v2\/types\/product"}],"wp:featuredmedia":[{"embeddable":true,"href":"https:\/\/pizbube.ch\/en\/wp-json\/wp\/v2\/media\/33487"}],"wp:attachment":[{"href":"https:\/\/pizbube.ch\/en\/wp-json\/wp\/v2\/media?parent=146770"}],"wp:term":[{"taxonomy":"product_brand","embeddable":true,"href":"https:\/\/pizbube.ch\/en\/wp-json\/wp\/v2\/product_brand?post=146770"},{"taxonomy":"product_cat","embeddable":true,"href":"https:\/\/pizbube.ch\/en\/wp-json\/wp\/v2\/product_cat?post=146770"},{"taxonomy":"product_tag","embeddable":true,"href":"https:\/\/pizbube.ch\/en\/wp-json\/wp\/v2\/product_tag?post=146770"}],"curies":[{"name":"wp","href":"https:\/\/api.w.org\/{rel}","templated":true}]}}