{"id":146771,"date":"2021-01-15T10:54:11","date_gmt":"2021-01-15T10:54:11","guid":{"rendered":"https:\/\/codengine3.ch\/?product=import-placeholder-for-204934"},"modified":"2025-06-24T10:30:17","modified_gmt":"2025-06-24T08:30:17","slug":"wanderkarte-tour-matterhorn-1-50-000","status":"publish","type":"product","link":"https:\/\/pizbube.ch\/en\/shop\/wanderkarte-tour-matterhorn-1-50-000\/","title":{"rendered":"Wanderkarte Tour Matterhorn &#8211; Tour du Cervin &#8211; Giro del Cervino 1: 50 000"},"content":{"rendered":"<p>Rund um den Berg der Berge<\/p>\n<p>Wanderkarte 1:50&#8217;000, Matterhorn, Couronne Imperial &#8211; ein Weitwanderweg der Sonderklasse. Die Karte zeigt die Tour mit ihren Zu- und Abstiegen, das H\u00f6henprofil der gesamten Tour und die Zeittabelle mit den Schwierigkeitsgraden der einzelnen Etappen und vielen n\u00fctzlichen Informationen zu den Unterk\u00fcnften entlang der Tour. In Zusammenarbeit mit Valrando und SAC.<\/p>\n<p><span class=\"value\">\u00dcber sieben traumhafte P\u00e4sse und durch sieben wundervolle T\u00e4ler und meist verschont von den Segnungen der modernen Zeit; mitunter am Seil und mit Steigeisen \u00fcber gleissende Gletscher, ab und zu \u00fcber Stahltritte und Leitern, immer aber in einer atemberaubenden Natur.Quirlige Gebirgsb\u00e4chlein queren den Weg, G\u00e4msen, Steinb\u00f6cke und Murmeltiere lassen sich blicken, mit Gl\u00fcck der Adler, wenn er \u00fcber den imposanten Gipfeln seine Kreise zieht: Solche Erlebnisse sind Ihnen gewiss, wenn Sie sich auf die Tour Matterhorn machen, einen Weitwanderweg der Sonderklasse.Was gelingen soll, muss gut vorbereitet sein. Das beste Mittel: Die Wanderkarte Tour Matterhorn aus dem Rotten Verlag. Sie zeigt die gesamte Tour mit ihren Zu- und Abstiegen, das H\u00f6henprofil und die Zeittabelle, die Schwierigkeitsgrade der einzelnen Etappen und enth\u00e4lt viele n\u00fctzliche Informationen zu den Unterk\u00fcnften. Entstanden ist sie in Zusammenarbeit mit Valrando und dem SAC &#8211; Sicherheit und Vergn\u00fcgen sind also garantiert.<\/span><\/p>","protected":false},"excerpt":{"rendered":"<p>Rund um den Berg der Berge Wanderkarte 1:50&#8217;000, Matterhorn, Couronne Imperial &#8211; ein Weitwanderweg der Sonderklasse. Die Karte zeigt die Tour mit ihren Zu- und Abstiegen, das H\u00f6henprofil der gesamten Tour und die Zeittabelle mit den Schwierigkeitsgraden der einzelnen Etappen und vielen n\u00fctzlichen Informationen zu den Unterk\u00fcnften entlang der Tour. In Zusammenarbeit mit Valrando und [&#8230;]\n","protected":false},"featured_media":163993,"template":"","meta":[],"product_brand":[],"product_cat":[21543],"product_tag":[],"class_list":{"0":"post-146771","1":"product","2":"type-product","3":"status-publish","4":"has-post-thumbnail","6":"product_cat-landkarten","7":"pa_autor-edition-ig-ivrn","8":"pa_erscheinungsjahr-21568","9":"pa_region-schweiz","10":"pa_sprache-d","11":"pa_sprache-e","12":"pa_sprache-f","13":"pa_sprache-i","15":"first","16":"instock","17":"taxable","18":"shipping-taxable","19":"purchasable","20":"product-type-simple"},"_links":{"self":[{"href":"https:\/\/pizbube.ch\/en\/wp-json\/wp\/v2\/product\/146771","targetHints":{"allow":["GET"]}}],"collection":[{"href":"https:\/\/pizbube.ch\/en\/wp-json\/wp\/v2\/product"}],"about":[{"href":"https:\/\/pizbube.ch\/en\/wp-json\/wp\/v2\/types\/product"}],"wp:featuredmedia":[{"embeddable":true,"href":"https:\/\/pizbube.ch\/en\/wp-json\/wp\/v2\/media\/163993"}],"wp:attachment":[{"href":"https:\/\/pizbube.ch\/en\/wp-json\/wp\/v2\/media?parent=146771"}],"wp:term":[{"taxonomy":"product_brand","embeddable":true,"href":"https:\/\/pizbube.ch\/en\/wp-json\/wp\/v2\/product_brand?post=146771"},{"taxonomy":"product_cat","embeddable":true,"href":"https:\/\/pizbube.ch\/en\/wp-json\/wp\/v2\/product_cat?post=146771"},{"taxonomy":"product_tag","embeddable":true,"href":"https:\/\/pizbube.ch\/en\/wp-json\/wp\/v2\/product_tag?post=146771"}],"curies":[{"name":"wp","href":"https:\/\/api.w.org\/{rel}","templated":true}]}}