{"id":146772,"date":"2021-01-15T10:54:11","date_gmt":"2021-01-15T10:54:11","guid":{"rendered":"https:\/\/codengine3.ch\/?product=import-placeholder-for-205404"},"modified":"2021-07-16T10:10:45","modified_gmt":"2021-07-16T08:10:45","slug":"huettentrekking-schweiz","status":"publish","type":"product","link":"https:\/\/pizbube.ch\/en\/shop\/huettentrekking-schweiz\/","title":{"rendered":"H\u00fcttentrekking Schweiz"},"content":{"rendered":"<p>Die Schweizer Bergwelt erlebt man am sch\u00f6nsten und eindrucksvollsten auf einer mehrt\u00e4gigen Wanderung von H\u00fctte zu H\u00fctte. Inmitten von Bergen, Felsen und Almwiesen l\u00e4sst sich der L\u00e4rm der Zivilisation schnell vergessen. Der Band \u00bbH\u00fcttentrekking Schweiz\u00ab aus der Reihe Rother Selection stellt 36 H\u00fcttentouren in der ganzen Schweiz vor. Die Bandbreite reicht von kurzen Wochenendtrips und familientauglichen Mehrtageswanderungen bis zu anspruchsvollen, langen Trekkingtouren, die Erfahrung im alpinen Gel\u00e4nde und mit Gletschern voraussetzen.<\/p>\n<p>Die abwechslungsreichen Touren in diesem Buch lassen zwischen drei und neun Tagen in die Schweizer Berge eintauchen: Klassiker, wie der B\u00e4rentrek und die Tour Monte Rosa, d\u00fcrfen in der Auswahl nicht fehlen. Daneben geht es aber auch auf den Toggenburger H\u00f6henweg, in die sonnige Landschaft des Tessins und einmal rund um das Matterhorn. Und mit Panorama auf Eiger, M\u00f6nch und Jungfrau l\u00e4sst sich das Berner Oberland durchqueren. Selbst ausgewiesene Kenner der Schweizer Bergwelt werden in diesem Buch noch manch unbekannte Traumtour finden.<\/p>\n<p>Jede Tour wird mit einer ausf\u00fchrlichen Wegbeschreibung, einer Karte mit eingezeichnetem Routenverlauf und einem aussagekr\u00e4ftigen H\u00f6henprofil vorgestellt. Eine praktische Touren\u00fcbersicht informiert \u00fcber alle wichtigen Punkte zur Wanderung. GPS-Tracks stehen zum Download bereit. Besonders praktisch ist der Touren\u00fcberblick im Umschlag, der s\u00e4mtliche Touren im Vergleich pr\u00e4sentiert. Die vielen fantastischen Fotos wecken die Vorfreude auf die H\u00fcttentour.<\/p>\n<p>Die neue Auflage von \u00bbH\u00fcttentrekking Band 2 \u2013 Schweiz\u00ab wurde um sechs Touren erweitert und mit GPS-Tracks versehen.<\/p>\n<p>6. Auflage 2021<br \/>\n296 Seiten mit 149 Farbabbildungen<br \/>\n38 Tourenkarten im Ma\u00dfstab 1:75.000, 1:100.000 und 1:125.000, 39 H\u00f6henprofile, eine \u00dcbersichtskarte<br \/>\nFormat 16,3 x 23 cm<br \/>\nEnglische Broschur mit Umschlagklappe<\/p>","protected":false},"excerpt":{"rendered":"<ul>\n<li><a href=\"https:\/\/pizbube.ch\/wp-content\/uploads\/2021\/01\/huettentrekking_schweiz_inhalt.pdf\" target=\"_blank\" rel=\"noopener\"><strong>h\u00fcttentrekking_schweiz_inhalt<\/strong><\/a><\/li>\n<\/ul>","protected":false},"featured_media":158020,"template":"","meta":[],"product_brand":[],"product_cat":[21605],"product_tag":[26788,26787],"class_list":{"0":"post-146772","1":"product","2":"type-product","3":"status-publish","4":"has-post-thumbnail","6":"product_cat-wanderfuehrer-trekking","7":"product_tag-von-huette-zu-huette","8":"product_tag-weitwandern-schweiz","9":"pa_autor-gantzhorn-hagenbusch","10":"pa_erscheinungsjahr-21571","11":"pa_region-schweiz","12":"pa_sprache-de","14":"first","15":"instock","16":"taxable","17":"shipping-taxable","18":"purchasable","19":"product-type-simple"},"_links":{"self":[{"href":"https:\/\/pizbube.ch\/en\/wp-json\/wp\/v2\/product\/146772","targetHints":{"allow":["GET"]}}],"collection":[{"href":"https:\/\/pizbube.ch\/en\/wp-json\/wp\/v2\/product"}],"about":[{"href":"https:\/\/pizbube.ch\/en\/wp-json\/wp\/v2\/types\/product"}],"wp:featuredmedia":[{"embeddable":true,"href":"https:\/\/pizbube.ch\/en\/wp-json\/wp\/v2\/media\/158020"}],"wp:attachment":[{"href":"https:\/\/pizbube.ch\/en\/wp-json\/wp\/v2\/media?parent=146772"}],"wp:term":[{"taxonomy":"product_brand","embeddable":true,"href":"https:\/\/pizbube.ch\/en\/wp-json\/wp\/v2\/product_brand?post=146772"},{"taxonomy":"product_cat","embeddable":true,"href":"https:\/\/pizbube.ch\/en\/wp-json\/wp\/v2\/product_cat?post=146772"},{"taxonomy":"product_tag","embeddable":true,"href":"https:\/\/pizbube.ch\/en\/wp-json\/wp\/v2\/product_tag?post=146772"}],"curies":[{"name":"wp","href":"https:\/\/api.w.org\/{rel}","templated":true}]}}