{"id":146773,"date":"2021-01-15T10:54:11","date_gmt":"2021-01-15T10:54:11","guid":{"rendered":"https:\/\/codengine3.ch\/?product=import-placeholder-for-203328"},"modified":"2021-01-15T14:22:10","modified_gmt":"2021-01-15T14:22:10","slug":"schweiz-italien-matterhorn-rundweg","status":"publish","type":"product","link":"https:\/\/pizbube.ch\/en\/shop\/schweiz-italien-matterhorn-rundweg\/","title":{"rendered":"Schweiz\/ Italien: Matterhorn-Rundweg"},"content":{"rendered":"<p>Tour du Cervin &#8211; Der Rundweg in 8 Etappen; Infos von A- Z;<\/p>\n<p>Im Sommer 2002 war es endlich so weit, dass die schon bestehenden<br \/>\nBergwanderwege rund um den ber\u00fchmtesten Felsgigant der Schweiz miteinander<br \/>\nverkn\u00fcpft wurden, um einen neuen Wanderklassiker zu geb\u00e4ren. Auf einem gut<br \/>\nmarkierten H\u00f6henweg kann nun in 8 Tagen und 220 km das Matterhorn umrundet<br \/>\nwerden. Dabei durchwandernt man sechs in sich v\u00f6llig verschiedene T\u00e4ler und<br \/>\ndrei Kulturen: das deutsche Hochwallis, das franz\u00f6sische Zentralwallis, das<br \/>\nAostatal Italiens.<br \/>\nMehr als 25 Viertausender-Gipfel, pr\u00e4chtige Alpenflora, idyllische Alpen und<br \/>\nSeen, aussichtsreiche P\u00e4sse und wilde Gletscherstr\u00f6me, rustikale<br \/>\nBergunterk\u00fcnfte in spektakul\u00e4rer Lage und Hotels in romantischen D\u00f6rfern<br \/>\ns\u00e4umen die Route und versetzen einen in den Traum von Heidi und ihren Bergen.<br \/>\nDie Autorin beschreibt nicht nur den Weg und seine Varianten, sondern geht<br \/>\nauch auf die unterschiedlichen Br\u00e4uche, die Geologie sowie Flora und Fauna<br \/>\nein.<\/p>\n<p>3 farb., 20 s\/w. Fotos, Abb., 11 Karten. 96 S.<\/p>","protected":false},"excerpt":{"rendered":"<p>Tour du Cervin &#8211; Der Rundweg in 8 Etappen; Infos von A- Z; Im Sommer 2002 war es endlich so weit, dass die schon bestehenden Bergwanderwege rund um den ber\u00fchmtesten Felsgigant der Schweiz miteinander verkn\u00fcpft wurden, um einen neuen Wanderklassiker zu geb\u00e4ren. Auf einem gut markierten H\u00f6henweg kann nun in 8 Tagen und 220 km [&#8230;]\n","protected":false},"featured_media":30915,"template":"","meta":[],"product_brand":[],"product_cat":[21605],"product_tag":[],"class_list":{"0":"post-146773","1":"product","2":"type-product","3":"status-publish","4":"has-post-thumbnail","6":"product_cat-wanderfuehrer-trekking","7":"pa_autor-kuerschner","8":"pa_erscheinungsjahr-21920","9":"pa_region-schweiz","10":"pa_sprache-de","12":"first","13":"instock","14":"taxable","15":"shipping-taxable","16":"purchasable","17":"product-type-simple"},"_links":{"self":[{"href":"https:\/\/pizbube.ch\/en\/wp-json\/wp\/v2\/product\/146773","targetHints":{"allow":["GET"]}}],"collection":[{"href":"https:\/\/pizbube.ch\/en\/wp-json\/wp\/v2\/product"}],"about":[{"href":"https:\/\/pizbube.ch\/en\/wp-json\/wp\/v2\/types\/product"}],"wp:featuredmedia":[{"embeddable":true,"href":"https:\/\/pizbube.ch\/en\/wp-json\/wp\/v2\/media\/30915"}],"wp:attachment":[{"href":"https:\/\/pizbube.ch\/en\/wp-json\/wp\/v2\/media?parent=146773"}],"wp:term":[{"taxonomy":"product_brand","embeddable":true,"href":"https:\/\/pizbube.ch\/en\/wp-json\/wp\/v2\/product_brand?post=146773"},{"taxonomy":"product_cat","embeddable":true,"href":"https:\/\/pizbube.ch\/en\/wp-json\/wp\/v2\/product_cat?post=146773"},{"taxonomy":"product_tag","embeddable":true,"href":"https:\/\/pizbube.ch\/en\/wp-json\/wp\/v2\/product_tag?post=146773"}],"curies":[{"name":"wp","href":"https:\/\/api.w.org\/{rel}","templated":true}]}}