{"id":146775,"date":"2021-01-15T10:54:11","date_gmt":"2021-01-15T10:54:11","guid":{"rendered":"https:\/\/codengine3.ch\/?product=import-placeholder-for-208443"},"modified":"2025-08-05T12:08:30","modified_gmt":"2025-08-05T10:08:30","slug":"adriatic-coast-istria-klettergebiete-ohne-grenzen-adriakueste-istrien","status":"publish","type":"product","link":"https:\/\/pizbube.ch\/en\/shop\/adriatic-coast-istria-klettergebiete-ohne-grenzen-adriakueste-istrien\/","title":{"rendered":"Istria &#8211; Adriatic Coast Klettergebiete ohne Grenzen Adriak\u00fcste Istrien"},"content":{"rendered":"<p>Kletterf\u00fchrer \u00fcber das Dreil\u00e4ndereck Italien &#8211; Slowenien &#8211; Kroatien.<\/p>\n<p>Der durchweg auch ins Deutsche \u00fcbersetzte F\u00fchrer beschreibt neben Osp und<br \/>\nMisja Pec auch die Klettergebiete um Triest sowie viele neue Kletterziele auf<br \/>\nder Halbinsel Istrien, die erst j\u00fcngst erschlossen wurden. Der F\u00fchrer umfasst<br \/>\n24 Klettergebiete im Triester Hinterland, am Karstrand und in Istrien, die<br \/>\ngeographisch eine abgeschlossene Einheit bilden, sich aber durch drei<br \/>\nverschiedene L\u00e4nder Italien, Slowenien und Croatien, erstrecken. Die angenehme<br \/>\nmediterrane Gegend, die Meeresn\u00e4he, \u00fcber 2500 Routen im besten Kalk und noch<br \/>\nvieles mehr&#8230;<\/p>\n<p>Beschrieben sin nachstehende Gebiete:<br \/>\nItalien: Doberdo, Sistiana, Costiera, Grotta Caterina, Santa Croze, Napoleonica, Val Rosandra<br \/>\nSlovenien: Osp, Misja pec, Crni Kal<br \/>\nKroatien (Istrien): Raspadalica, Nugla, Kompanj, Sopot, Bzuetski kanjon, Kamena vrata, Istarske toplice, Cepic, Ponte Porton, Pazin,<br \/>\nVranjska Drago, Dvigrad, Limskis kanal, Rovinj, Vinkuran, Rabac, Moscenicka Draga, Medveja, Brsec<\/p>\n<p>&nbsp;<\/p>\n<p>&nbsp;<\/p>\n<p>A new, completely renovated edition of a sports climbing guide Climbing<br \/>\nwithout frontiers is to be published on October 2021. Over 2500 routes, new<br \/>\nroutes, sectors and climbing areas in Trieste and its surrounding, slovenian<br \/>\nand croatian part of Istrian peninsula.<\/p>\n<p>All the routes are identified on clear topo diagrams with French grades.<br \/>\nThis guidebook is in Slovenian, Croatian, Italian, German and English text<br \/>\nthroughout.<\/p>\n<p>revised and updated 6th Edition 2023<\/p>\n<p>15 x 24 cm<br \/>\n416 pages<br \/>\nSoft cover binding<br \/>\nColour photos<br \/>\nTopos<\/p>","protected":false},"excerpt":{"rendered":"<ul>\n<li><strong><a href=\"https:\/\/pizbube.ch\/wp-content\/uploads\/attachments\/a_003\/2383C275B1E4B24BFFC2516B7AD37BBD.pdf\" target=\"_blank\" rel=\"noopener\">PDF: Klettern_ohne_Grenzen_Inhalt.pdf<\/a><\/strong><\/li>\n<\/ul>","protected":false},"featured_media":159256,"template":"","meta":[],"product_brand":[],"product_cat":[21539],"product_tag":[],"class_list":{"0":"post-146775","1":"product","2":"type-product","3":"status-publish","4":"has-post-thumbnail","6":"product_cat-fuehrerliteratur-sportklettern-bouldern","7":"pa_autor-svab","8":"pa_erscheinungsjahr-27129","9":"pa_region-osteuropa","10":"pa_sprache-de-it-en-slov","12":"first","13":"instock","14":"taxable","15":"shipping-taxable","16":"purchasable","17":"product-type-simple"},"_links":{"self":[{"href":"https:\/\/pizbube.ch\/en\/wp-json\/wp\/v2\/product\/146775","targetHints":{"allow":["GET"]}}],"collection":[{"href":"https:\/\/pizbube.ch\/en\/wp-json\/wp\/v2\/product"}],"about":[{"href":"https:\/\/pizbube.ch\/en\/wp-json\/wp\/v2\/types\/product"}],"wp:featuredmedia":[{"embeddable":true,"href":"https:\/\/pizbube.ch\/en\/wp-json\/wp\/v2\/media\/159256"}],"wp:attachment":[{"href":"https:\/\/pizbube.ch\/en\/wp-json\/wp\/v2\/media?parent=146775"}],"wp:term":[{"taxonomy":"product_brand","embeddable":true,"href":"https:\/\/pizbube.ch\/en\/wp-json\/wp\/v2\/product_brand?post=146775"},{"taxonomy":"product_cat","embeddable":true,"href":"https:\/\/pizbube.ch\/en\/wp-json\/wp\/v2\/product_cat?post=146775"},{"taxonomy":"product_tag","embeddable":true,"href":"https:\/\/pizbube.ch\/en\/wp-json\/wp\/v2\/product_tag?post=146775"}],"curies":[{"name":"wp","href":"https:\/\/api.w.org\/{rel}","templated":true}]}}