{"id":146777,"date":"2021-01-15T10:54:11","date_gmt":"2021-01-15T10:54:11","guid":{"rendered":"https:\/\/codengine3.ch\/?product=import-placeholder-for-203382"},"modified":"2023-04-05T10:58:12","modified_gmt":"2023-04-05T08:58:12","slug":"istrien-mit-kvarner-bucht-krk-cres-und-losinj","status":"publish","type":"product","link":"https:\/\/pizbube.ch\/en\/shop\/istrien-mit-kvarner-bucht-krk-cres-und-losinj\/","title":{"rendered":"Istrien mit Kvarner-Bucht, Krk, Cres und Lo\u0161inj"},"content":{"rendered":"<p><span class=\"value\">Kristallklares Meer und mediterrane Natur, bergige K\u00fcste und unz\u00e4hlige Inseln \u2013 in Kroatien l\u00e4sst sich Baden und Wandern aufs Beste verbinden. Istrien und die Inseln der Kvarner-Bucht laden zu ausgedehnten Entdeckungsreisen zu Fu\u00df ein: wo man gerade noch den Ausblick von einem Gipfel genie\u00dft, kann man nur kurze Zeit sp\u00e4ter schon ins k\u00fchle Nass tauchen. Der Rother Wanderf\u00fchrer \u00bbIstrien\u00ab stellt 50 ausgew\u00e4hlte Wanderungen vor.<\/span><\/p>\n<p>Abseits des Touristenrummels pr\u00e4sentiert sich die Natur in einer eindrucksvollen Vielfalt: H\u00f6hlen, Wasserf\u00e4lle und tiefe W\u00e4lder im Landesinneren bilden einen reizvollen Kontrast zu dem von typischer Mittelmeervegetation gepr\u00e4gten K\u00fcstenland und den malerischen Buchten und Fjorden. In kleinen, historischen St\u00e4dtchen l\u00e4sst sich eine Wanderung hervorragend f\u00fcr Besichtigungen oder eine Einkehr unterbrechen.<\/p>\n<p>Die Auswahl an Touren in diesem Wanderf\u00fchrer ist gro\u00df: Sie reicht von familientauglichen Genusswanderungen mit Badem\u00f6glichkeiten bis hin zu anspruchsvolleren Runden, von Touren auf Aussichtsgipfel bis zu Wanderungen durch tiefe Schluchten. Jede Tour wird mit allen wichtigen Angaben, exakter Wegbeschreibung, Kartenausschnitt mit Routenverlauf und H\u00f6henprofil vorgestellt. GPS-Tracks stehen von der Internetseite des Bergverlag Rother zum Download bereit. Die Autorin Johanna St\u00f6ckl gibt zudem zahlreiche Tipps zu interessanten Varianten. Der Traumurlaub in Istrien kann kommen!<\/p>\n<p>200 Seiten; 50 H\u00f6henprofile, 50 Wanderk\u00e4rtchen im Ma\u00dfstab 1:50.000 und 1:75.000,<br \/>\neine \u00dcbersichtskarte im Ma\u00dfstab 1:800.000, GPS-Tracks zum Download<\/p>\n<p>3., aktualisierte Auflage 2022<\/p>","protected":false},"excerpt":{"rendered":"<p>Kristallklares Meer und mediterrane Natur, bergige K\u00fcste und unz\u00e4hlige Inseln \u2013 in Kroatien l\u00e4sst sich Baden und Wandern aufs Beste verbinden. Istrien und die Inseln der Kvarner-Bucht laden zu ausgedehnten Entdeckungsreisen zu Fu\u00df ein: wo man gerade noch den Ausblick von einem Gipfel genie\u00dft, kann man nur kurze Zeit sp\u00e4ter schon ins k\u00fchle Nass tauchen. [&#8230;]\n","protected":false},"featured_media":162275,"template":"","meta":[],"product_brand":[],"product_cat":[21605],"product_tag":[],"class_list":{"0":"post-146777","1":"product","2":"type-product","3":"status-publish","4":"has-post-thumbnail","6":"product_cat-wanderfuehrer-trekking","7":"pa_autor-stoeckl","8":"pa_erscheinungsjahr-27013","9":"pa_region-osteuropa","10":"pa_sprache-de","12":"first","13":"instock","14":"taxable","15":"shipping-taxable","16":"purchasable","17":"product-type-simple"},"_links":{"self":[{"href":"https:\/\/pizbube.ch\/en\/wp-json\/wp\/v2\/product\/146777","targetHints":{"allow":["GET"]}}],"collection":[{"href":"https:\/\/pizbube.ch\/en\/wp-json\/wp\/v2\/product"}],"about":[{"href":"https:\/\/pizbube.ch\/en\/wp-json\/wp\/v2\/types\/product"}],"wp:featuredmedia":[{"embeddable":true,"href":"https:\/\/pizbube.ch\/en\/wp-json\/wp\/v2\/media\/162275"}],"wp:attachment":[{"href":"https:\/\/pizbube.ch\/en\/wp-json\/wp\/v2\/media?parent=146777"}],"wp:term":[{"taxonomy":"product_brand","embeddable":true,"href":"https:\/\/pizbube.ch\/en\/wp-json\/wp\/v2\/product_brand?post=146777"},{"taxonomy":"product_cat","embeddable":true,"href":"https:\/\/pizbube.ch\/en\/wp-json\/wp\/v2\/product_cat?post=146777"},{"taxonomy":"product_tag","embeddable":true,"href":"https:\/\/pizbube.ch\/en\/wp-json\/wp\/v2\/product_tag?post=146777"}],"curies":[{"name":"wp","href":"https:\/\/api.w.org\/{rel}","templated":true}]}}