{"id":146778,"date":"2021-01-15T10:54:11","date_gmt":"2021-01-15T10:54:11","guid":{"rendered":"https:\/\/codengine3.ch\/?product=import-placeholder-for-207851"},"modified":"2021-01-15T16:59:19","modified_gmt":"2021-01-15T16:59:19","slug":"kroatien-23-wanderungen","status":"publish","type":"product","link":"https:\/\/pizbube.ch\/en\/shop\/kroatien-23-wanderungen\/","title":{"rendered":"Kroatien &#8211; 23 Wanderungen"},"content":{"rendered":"<p>Eine lange K\u00fcste mit zahlreichen Inseln, Karstberge, tolle T\u00e4ler und gleich<br \/>\nmehrere UNESCO-Weltkulturerbest\u00e4tten laden in Kroatien zu abwechslungsreichen<br \/>\nWanderungen ein \u2013 Kulturfans kommen hier ebenso auf ihre Kosten wie<br \/>\nNaturliebhaber.<\/p>\n<p>Das Buch beschreibt 23 Tageswanderungen in verschiedenen Regionen, z. B. in<br \/>\nIstrien, an den Plitvicer Seen oder an der dalmatischen K\u00fcste. Zu jeder Tour<br \/>\ngibt es Tipps f\u00fcr Wanderer mit Kind und Hund und Informationen zu Anreise,<br \/>\nEinkehrm\u00f6glichkeiten, Markierungen u. v. m. Karten und H\u00f6henprofile erg\u00e4nzen<br \/>\ndie genauen Wegbeschreibungen, GPS-Daten zu jeder Tour k\u00f6nnen im Internet<br \/>\nkostenlos heruntergeladen werden.<\/p>\n<p>1. Auflage 2016, 159 Seiten, 26 Karten, 47 farbige Abbildungen, 25 farbige<br \/>\nH\u00f6henprofile<\/p>","protected":false},"excerpt":{"rendered":"<p>Eine lange K\u00fcste mit zahlreichen Inseln, Karstberge, tolle T\u00e4ler und gleich mehrere UNESCO-Weltkulturerbest\u00e4tten laden in Kroatien zu abwechslungsreichen Wanderungen ein \u2013 Kulturfans kommen hier ebenso auf ihre Kosten wie Naturliebhaber. Das Buch beschreibt 23 Tageswanderungen in verschiedenen Regionen, z. B. in Istrien, an den Plitvicer Seen oder an der dalmatischen K\u00fcste. Zu jeder Tour gibt [&#8230;]\n","protected":false},"featured_media":38615,"template":"","meta":[],"product_brand":[],"product_cat":[21605],"product_tag":[],"class_list":{"0":"post-146778","1":"product","2":"type-product","3":"status-publish","4":"has-post-thumbnail","6":"product_cat-wanderfuehrer-trekking","7":"pa_autor-barelds","8":"pa_erscheinungsjahr-21571","9":"pa_region-osteuropa","10":"pa_sprache-de","12":"first","13":"instock","14":"taxable","15":"shipping-taxable","16":"purchasable","17":"product-type-simple"},"_links":{"self":[{"href":"https:\/\/pizbube.ch\/en\/wp-json\/wp\/v2\/product\/146778","targetHints":{"allow":["GET"]}}],"collection":[{"href":"https:\/\/pizbube.ch\/en\/wp-json\/wp\/v2\/product"}],"about":[{"href":"https:\/\/pizbube.ch\/en\/wp-json\/wp\/v2\/types\/product"}],"wp:featuredmedia":[{"embeddable":true,"href":"https:\/\/pizbube.ch\/en\/wp-json\/wp\/v2\/media\/38615"}],"wp:attachment":[{"href":"https:\/\/pizbube.ch\/en\/wp-json\/wp\/v2\/media?parent=146778"}],"wp:term":[{"taxonomy":"product_brand","embeddable":true,"href":"https:\/\/pizbube.ch\/en\/wp-json\/wp\/v2\/product_brand?post=146778"},{"taxonomy":"product_cat","embeddable":true,"href":"https:\/\/pizbube.ch\/en\/wp-json\/wp\/v2\/product_cat?post=146778"},{"taxonomy":"product_tag","embeddable":true,"href":"https:\/\/pizbube.ch\/en\/wp-json\/wp\/v2\/product_tag?post=146778"}],"curies":[{"name":"wp","href":"https:\/\/api.w.org\/{rel}","templated":true}]}}