{"id":146779,"date":"2021-01-15T10:54:12","date_gmt":"2021-01-15T10:54:12","guid":{"rendered":"https:\/\/codengine3.ch\/?product=import-placeholder-for-200512"},"modified":"2021-09-09T15:51:51","modified_gmt":"2021-09-09T13:51:51","slug":"karst-edge","status":"publish","type":"product","link":"https:\/\/pizbube.ch\/en\/shop\/karst-edge\/","title":{"rendered":"Karst Edge"},"content":{"rendered":"<p>This is the new edition of the Karst Edge climbing guidebook &#8211; its much<br \/>\nrevised and covers the additional areas of Vipava and Gorizia and includes the<br \/>\ncrags Vipava, Vipavska Bela, Dolge Njive, Lijak plus the bouldering area of<br \/>\nVitovlje.<\/p>\n<p>The guidebook now describes 20 crags and has over 2,600 across Slovenia and<br \/>\nItaly. It includes detailed access information, with over 30 maps easy-to-<br \/>\nfollow maps that also include GPS coordinates. The other crags from the first<br \/>\nedition have all been checked and updated where necessary, most have been re-<br \/>\nphotographed as well.<\/p>\n<p>&nbsp;<\/p>\n<p>Die neueste Ausgabe des Karst Edge Kletterf\u00fchrers ist im M\u00e4rz 2019 erschienen.<br \/>\nDiesmal pr\u00e4sentiert sich der F\u00fchrer noch umfangreicher mit den zus\u00e4tzlichen<br \/>\nGebieten Vipava und Gorizia, wo die Kletterg\u00e4rten Vipava, Vipavska Bela, Dolge<br \/>\nNjive, Lijak und das Bouldergebiet Vitovlje zu finden sind. Im Buch enthalten<br \/>\nsind die Topos von 20 verschiedenen Kletterg\u00e4rten mit \u00fcber 2600 Routen in<br \/>\nSlowenien und Italien.<\/p>\n<p>Die Informationen zum Zugang sind sehr detailliert gestaltet und neben 30<br \/>\nKarten sind auch GPS Koordinaten verf\u00fcgbar. Die vorhandenen Kletterg\u00e4rten<br \/>\nwurden aktualisiert und zum Teil neu fotografiert: Osp und Mi\u0161ja pe\u010d, \u010crni<br \/>\nKal, \u010crnoti\u010de und Risnik in Slowenien und Napoleonica, Santa Croce, Costiera,<br \/>\nAurisina, Grotta Katerina, Sistiana, Doberdo und Val Rosandra in Italien. Der<br \/>\nKletterf\u00fchrer ist sehr \u00fcbersichtlich aufgebaut, alle Texte sind komplett auf<br \/>\nSlowenisch und Englisch verf\u00fcgbar.<\/p>\n<p>Zu den einzelnen Gebieten sind auch Informationen auf Deutsch, Italienisch,<br \/>\nFranz\u00f6sisch und Kroatisch vorhanden.<\/p>\n<p>Zudem enth\u00e4lt der Kletterf\u00fchrer viel Zusatzinformation zu (Kletter)Geschichte,<br \/>\nInterviews und Tipps f\u00fcr Rasttage.<br \/>\ninkl. digitale App-Version<\/p>","protected":false},"excerpt":{"rendered":"<p>This is the new edition of the Karst Edge climbing guidebook &#8211; its much revised and covers the additional areas of Vipava and Gorizia and includes the crags Vipava, Vipavska Bela, Dolge Njive, Lijak plus the bouldering area of Vitovlje. The guidebook now describes 20 crags and has over 2,600 across Slovenia and Italy. It [&#8230;]\n","protected":false},"featured_media":158772,"template":"","meta":[],"product_brand":[],"product_cat":[21539],"product_tag":[],"class_list":{"0":"post-146779","1":"product","2":"type-product","3":"status-publish","4":"has-post-thumbnail","6":"product_cat-fuehrerliteratur-sportklettern-bouldern","7":"pa_autor-ravnik","8":"pa_erscheinungsjahr-21586","9":"pa_region-osteuropa","10":"pa_sprache-de-en-fr-slow","12":"first","13":"instock","14":"taxable","15":"shipping-taxable","16":"purchasable","17":"product-type-simple"},"_links":{"self":[{"href":"https:\/\/pizbube.ch\/en\/wp-json\/wp\/v2\/product\/146779","targetHints":{"allow":["GET"]}}],"collection":[{"href":"https:\/\/pizbube.ch\/en\/wp-json\/wp\/v2\/product"}],"about":[{"href":"https:\/\/pizbube.ch\/en\/wp-json\/wp\/v2\/types\/product"}],"wp:featuredmedia":[{"embeddable":true,"href":"https:\/\/pizbube.ch\/en\/wp-json\/wp\/v2\/media\/158772"}],"wp:attachment":[{"href":"https:\/\/pizbube.ch\/en\/wp-json\/wp\/v2\/media?parent=146779"}],"wp:term":[{"taxonomy":"product_brand","embeddable":true,"href":"https:\/\/pizbube.ch\/en\/wp-json\/wp\/v2\/product_brand?post=146779"},{"taxonomy":"product_cat","embeddable":true,"href":"https:\/\/pizbube.ch\/en\/wp-json\/wp\/v2\/product_cat?post=146779"},{"taxonomy":"product_tag","embeddable":true,"href":"https:\/\/pizbube.ch\/en\/wp-json\/wp\/v2\/product_tag?post=146779"}],"curies":[{"name":"wp","href":"https:\/\/api.w.org\/{rel}","templated":true}]}}