{"id":146780,"date":"2021-01-15T10:54:12","date_gmt":"2021-01-15T10:54:12","guid":{"rendered":"https:\/\/codengine3.ch\/?product=import-placeholder-for-204491"},"modified":"2022-09-28T09:57:08","modified_gmt":"2022-09-28T07:57:08","slug":"istrien-istra-istria-175000-wk-238","status":"publish","type":"product","link":"https:\/\/pizbube.ch\/en\/shop\/istrien-istra-istria-175000-wk-238\/","title":{"rendered":"Istrien \/ Istra \/ Istria 1:75&#8217;000 (WK 238)"},"content":{"rendered":"<p>Wanderkarte mit Kurzf\u00fchrer, Radrouten und Ortspl\u00e4nen. 1:75000<br \/>\nWK 238<\/p>\n<p>Die 3in1 Wanderkarte ist jetzt noch \u00fcbersichtlicher und besser lesbar. Die<br \/>\nWanderkarte ist mit zus\u00e4tzlichen Ortspl\u00e4nen ausgestattet. Der Aktiv Guide<br \/>\ninformiert Sie rund um das Thema Outdoor. Das bildet die perfekte Grundlage<br \/>\nf\u00fcr die Planung einer Wandertour.<\/p>\n<p>Die pr\u00e4zise Kartografie zeigt alle begehbaren Wanderwege inklusive<br \/>\nKlassifizierung. Informationen wie Schwimmb\u00e4der, Klettersteige,<br \/>\nKinderspielpl\u00e4tze, H\u00fctten und vieles mehr sind in der Karte ebenfalls<br \/>\nenthalten. Dank der rei\u00df- und wetterfesten Papierqualit\u00e4t ist die Karte bei<br \/>\njedem Wetter ein treuer Begleiter.<\/p>","protected":false},"excerpt":{"rendered":"<p>Wanderkarte mit Kurzf\u00fchrer, Radrouten und Ortspl\u00e4nen. 1:75000 WK 238 Die 3in1 Wanderkarte ist jetzt noch \u00fcbersichtlicher und besser lesbar. Die Wanderkarte ist mit zus\u00e4tzlichen Ortspl\u00e4nen ausgestattet. Der Aktiv Guide informiert Sie rund um das Thema Outdoor. Das bildet die perfekte Grundlage f\u00fcr die Planung einer Wandertour. Die pr\u00e4zise Kartografie zeigt alle begehbaren Wanderwege inklusive Klassifizierung. [&#8230;]\n","protected":false},"featured_media":36064,"template":"","meta":[],"product_brand":[],"product_cat":[21543],"product_tag":[],"class_list":{"0":"post-146780","1":"product","2":"type-product","3":"status-publish","4":"has-post-thumbnail","6":"product_cat-landkarten","7":"pa_autor-kompass","8":"pa_erscheinungsjahr-21546","9":"pa_region-osteuropa","10":"pa_sprache-de","12":"first","13":"instock","14":"taxable","15":"shipping-taxable","16":"purchasable","17":"product-type-simple"},"_links":{"self":[{"href":"https:\/\/pizbube.ch\/en\/wp-json\/wp\/v2\/product\/146780","targetHints":{"allow":["GET"]}}],"collection":[{"href":"https:\/\/pizbube.ch\/en\/wp-json\/wp\/v2\/product"}],"about":[{"href":"https:\/\/pizbube.ch\/en\/wp-json\/wp\/v2\/types\/product"}],"wp:featuredmedia":[{"embeddable":true,"href":"https:\/\/pizbube.ch\/en\/wp-json\/wp\/v2\/media\/36064"}],"wp:attachment":[{"href":"https:\/\/pizbube.ch\/en\/wp-json\/wp\/v2\/media?parent=146780"}],"wp:term":[{"taxonomy":"product_brand","embeddable":true,"href":"https:\/\/pizbube.ch\/en\/wp-json\/wp\/v2\/product_brand?post=146780"},{"taxonomy":"product_cat","embeddable":true,"href":"https:\/\/pizbube.ch\/en\/wp-json\/wp\/v2\/product_cat?post=146780"},{"taxonomy":"product_tag","embeddable":true,"href":"https:\/\/pizbube.ch\/en\/wp-json\/wp\/v2\/product_tag?post=146780"}],"curies":[{"name":"wp","href":"https:\/\/api.w.org\/{rel}","templated":true}]}}