{"id":146781,"date":"2021-01-15T10:54:12","date_gmt":"2021-01-15T10:54:12","guid":{"rendered":"https:\/\/codengine3.ch\/?product=import-placeholder-for-206695"},"modified":"2021-01-15T14:50:56","modified_gmt":"2021-01-15T14:50:56","slug":"pohorje-bouldering","status":"publish","type":"product","link":"https:\/\/pizbube.ch\/en\/shop\/pohorje-bouldering\/","title":{"rendered":"POHORJE bouldering"},"content":{"rendered":"<p>Pohorje bouldering: Der erste Boulderf\u00fchrer f\u00fcr Slowenien f\u00fcr die Gegend rund<br \/>\num Pohorje im Nordosten des Landes, ca. 100 Kilometer von Bratislava entfernt.<\/p>\n<p>Im Jahr 2007 wurden dort die ersten Granitboulder entdeckt. Da man sonst in<br \/>\nSlowenien haupts\u00e4chlich auf Kalkstein klettert, was jedoch beim Bouldern nicht<br \/>\nunbedingt die erste Wahl ist, haben die Autoren jede Menge Aufwand betrieben,<br \/>\num die nun bereits 5 Bouldergebiete auf Granit komplett neu zu erschlie\u00dfen und<br \/>\nin diesem F\u00fchrer festzuhalten. Beschrieben werden insgesamt 13 Crags mit mehr<br \/>\nals 600 Boulderproblemen in allen Schwierigkeitsgraden. Die Felsqualit\u00e4t sowie<br \/>\ndie Art der Kletterei variieren sehr stark, sodass das Bouldern in diesem<br \/>\nGebiet besonders abwechslungsreich ist und von unterschiedlich geformten<br \/>\nBl\u00f6cken und verschiedenen Griffformen f\u00fcr jeden genau das richtige bereith\u00e4lt.<\/p>\n<p>Der F\u00fchrer ist sehr \u00fcbersichtlich gestaltet und beschreibt durch Text und<br \/>\nPiktogramme alle Details zu den Bl\u00f6cken selbst sowie zu den einzelnen<br \/>\nBoulderproblemen und Anfahrt bzw. Zustieg. Alle Topos sind auf Schwarz-Wei\u00df<br \/>\nFotos eingezeichnet, ebenso gibt es zahlreiche Kletterfotos und Kurzportraits<br \/>\nvon bedeutenden Klettern aus der Gegend.  <\/p>","protected":false},"excerpt":{"rendered":"<p>Pohorje bouldering: Der erste Boulderf\u00fchrer f\u00fcr Slowenien f\u00fcr die Gegend rund um Pohorje im Nordosten des Landes, ca. 100 Kilometer von Bratislava entfernt. Im Jahr 2007 wurden dort die ersten Granitboulder entdeckt. Da man sonst in Slowenien haupts\u00e4chlich auf Kalkstein klettert, was jedoch beim Bouldern nicht unbedingt die erste Wahl ist, haben die Autoren jede [&#8230;]\n","protected":false},"featured_media":35865,"template":"","meta":[],"product_brand":[],"product_cat":[21539],"product_tag":[],"class_list":{"0":"post-146781","1":"product","2":"type-product","3":"status-publish","4":"has-post-thumbnail","6":"product_cat-fuehrerliteratur-sportklettern-bouldern","7":"pa_autor-klancnik-dvorsek-potocnik","8":"pa_erscheinungsjahr-21571","9":"pa_region-osteuropa","10":"pa_sprache-en-slow","12":"first","13":"outofstock","14":"taxable","15":"shipping-taxable","16":"purchasable","17":"product-type-simple"},"_links":{"self":[{"href":"https:\/\/pizbube.ch\/en\/wp-json\/wp\/v2\/product\/146781","targetHints":{"allow":["GET"]}}],"collection":[{"href":"https:\/\/pizbube.ch\/en\/wp-json\/wp\/v2\/product"}],"about":[{"href":"https:\/\/pizbube.ch\/en\/wp-json\/wp\/v2\/types\/product"}],"wp:featuredmedia":[{"embeddable":true,"href":"https:\/\/pizbube.ch\/en\/wp-json\/wp\/v2\/media\/35865"}],"wp:attachment":[{"href":"https:\/\/pizbube.ch\/en\/wp-json\/wp\/v2\/media?parent=146781"}],"wp:term":[{"taxonomy":"product_brand","embeddable":true,"href":"https:\/\/pizbube.ch\/en\/wp-json\/wp\/v2\/product_brand?post=146781"},{"taxonomy":"product_cat","embeddable":true,"href":"https:\/\/pizbube.ch\/en\/wp-json\/wp\/v2\/product_cat?post=146781"},{"taxonomy":"product_tag","embeddable":true,"href":"https:\/\/pizbube.ch\/en\/wp-json\/wp\/v2\/product_tag?post=146781"}],"curies":[{"name":"wp","href":"https:\/\/api.w.org\/{rel}","templated":true}]}}