{"id":146782,"date":"2021-01-15T10:54:12","date_gmt":"2021-01-15T10:54:12","guid":{"rendered":"https:\/\/codengine3.ch\/?product=import-placeholder-for-200101"},"modified":"2022-07-09T16:22:22","modified_gmt":"2022-07-09T14:22:22","slug":"karte-der-wildnis","status":"publish","type":"product","link":"https:\/\/pizbube.ch\/en\/shop\/karte-der-wildnis\/","title":{"rendered":"Karte der Wildnis"},"content":{"rendered":"<p>Wo gibt es heute noch Wildnis ? fragt sich Robert Macfarlane, als er den<br \/>\nStra\u00dfenatlas ausbreitet und beschlie\u00dft, die letzten unber\u00fchrten Flecken Natur<br \/>\nzu finden, die sich hinter den Schraffuren und Linien, Farben und Symbolen<br \/>\nfernab der Schnellstra\u00dfen verstecken: abgelegene Inseln und verborgene<br \/>\nGebirge, unwegsame Moore und undurchdringliche W\u00e4lder.<\/p>\n<p>Seine Suche f\u00fchrt ihn von den schroffen Klippen im Norden Schottlands zu den<br \/>\nverwunschenen Hohlwegen S\u00fcdenglands, von der kargen Kalksteinlandschaft<br \/>\nWestirlands zu den st\u00fcrmischen Str\u00e4nden Norfolks. Macfarlane durchschwimmt<br \/>\nbrandende See und stehende Gew\u00e4sser, erklimmt steile H\u00e4nge und windumtoste<br \/>\nGipfel, oft an den Grenzen der Belastbarkeit, um am eigenen Leibe zu erfahren,<br \/>\nwas Wildnis ist \u2013 und liest die Berichte derjenigen, die diese Orte vor ihm<br \/>\naufsuchten: Pilger und Philosophen, Forscher und Literaten.<\/p>\n<p>Was als Reise zur ungez\u00e4hmten Natur begann, wird zum lebendigen Streifzug<br \/>\ndurch Raum und Zeit, der geologische wie kulturhistorische Schichten<br \/>\ngleicherma\u00dfen durchst\u00f6\u00dft und auch vor der Wildnis der St\u00e4dte nicht die Augen<br \/>\nverschlie\u00dft. Am Ende entsteht tats\u00e4chlich eine \u203aKarte der Wildnis\u2039, eine<br \/>\nsprachm\u00e4chtige Einladung zum Staunen, wie nah das Ferne, Fremde, Wilde uns<br \/>\nimmer noch ist.<\/p>","protected":false},"excerpt":{"rendered":"<p>Wo gibt es heute noch Wildnis ? fragt sich Robert Macfarlane, als er den Stra\u00dfenatlas ausbreitet und beschlie\u00dft, die letzten unber\u00fchrten Flecken Natur zu finden, die sich hinter den Schraffuren und Linien, Farben und Symbolen fernab der Schnellstra\u00dfen verstecken: abgelegene Inseln und verborgene Gebirge, unwegsame Moore und undurchdringliche W\u00e4lder. Seine Suche f\u00fchrt ihn von den [&#8230;]\n","protected":false},"featured_media":25929,"template":"","meta":[],"product_brand":[],"product_cat":[21542],"product_tag":[],"class_list":{"0":"post-146782","1":"product","2":"type-product","3":"status-publish","4":"has-post-thumbnail","6":"product_cat-sachbuecher-dokumentationen","7":"pa_autor-macfarlane","8":"pa_erscheinungsjahr-21597","9":"pa_region-deutschland","10":"pa_sprache-de","12":"first","13":"instock","14":"taxable","15":"shipping-taxable","16":"purchasable","17":"product-type-simple"},"_links":{"self":[{"href":"https:\/\/pizbube.ch\/en\/wp-json\/wp\/v2\/product\/146782","targetHints":{"allow":["GET"]}}],"collection":[{"href":"https:\/\/pizbube.ch\/en\/wp-json\/wp\/v2\/product"}],"about":[{"href":"https:\/\/pizbube.ch\/en\/wp-json\/wp\/v2\/types\/product"}],"wp:featuredmedia":[{"embeddable":true,"href":"https:\/\/pizbube.ch\/en\/wp-json\/wp\/v2\/media\/25929"}],"wp:attachment":[{"href":"https:\/\/pizbube.ch\/en\/wp-json\/wp\/v2\/media?parent=146782"}],"wp:term":[{"taxonomy":"product_brand","embeddable":true,"href":"https:\/\/pizbube.ch\/en\/wp-json\/wp\/v2\/product_brand?post=146782"},{"taxonomy":"product_cat","embeddable":true,"href":"https:\/\/pizbube.ch\/en\/wp-json\/wp\/v2\/product_cat?post=146782"},{"taxonomy":"product_tag","embeddable":true,"href":"https:\/\/pizbube.ch\/en\/wp-json\/wp\/v2\/product_tag?post=146782"}],"curies":[{"name":"wp","href":"https:\/\/api.w.org\/{rel}","templated":true}]}}