{"id":146783,"date":"2021-01-15T10:54:12","date_gmt":"2021-01-15T10:54:12","guid":{"rendered":"https:\/\/codengine3.ch\/?product=import-placeholder-for-208363"},"modified":"2021-12-18T12:09:03","modified_gmt":"2021-12-18T11:09:03","slug":"alte-wege","status":"publish","type":"product","link":"https:\/\/pizbube.ch\/en\/shop\/alte-wege\/","title":{"rendered":"Alte Wege"},"content":{"rendered":"<p>Robert Macfarlane folgt den alten Wegen \u2013 jenen Pfaden, Hohlstra\u00dfen, Fuhrten,<br \/>\nFeld- und Seewegen, die seit der Antike die menschlichen Siedlungsr\u00e4ume<br \/>\nmiteinander verbinden und noch immer als unsichtbare Wegweiser unsere<br \/>\nBewegungen bestimmen. Seine Reise f\u00fchrt den wichtigsten Naturschriftsteller<br \/>\nGro\u00dfbritanniens von den englischen Kreidefelsen zu den einsamen Vogelinseln<br \/>\nSchottlands, von den Kulturlandschaften Spaniens zu den Pilgerrouten<br \/>\nPal\u00e4stinas und bis in den Himalaya.<\/p>\n<p>Sie l\u00e4sst ihn in f\u00fcnftausend Jahre alte Fu\u00dfstapfen treten und in einem kleinen<br \/>\nSegelboot auf den n\u00e4chtlichen Atlantik hinaustreiben. Er lauscht den<br \/>\nGeschichten, die diese alten Wege noch immer erz\u00e4hlen, und den Stimmen<br \/>\nderjenigen, die er auf seinen Fu\u00dfm\u00e4rschen begegnet : andere Wanderer,<br \/>\nSpazierg\u00e4nger und Sinnsucher, sogar tibetanische M\u00f6nche.<\/p>\n<p>Diese alten Pfade, begreift er bald, sind mehr als M\u00f6glichkeiten, einen Raum<br \/>\nzu durchmessen. Nach ihrer jahrhundertelanger Begehung sind sie vielmehr auch<br \/>\nKnotenpunkte unseres Denkens, Netzwerke unseres Wissens und ein geographisches<br \/>\nGewebe unserer Gef\u00fchle geworden.<\/p>","protected":false},"excerpt":{"rendered":"<ul>\n<li><a href=\"https:\/\/pizbube.ch\/wp-content\/uploads\/attachments\/a_029\/D8335B86F6CCCA38B753F1E4457F8567.pdf\" target=\"_blank\" rel=\"noopener\">PDF: LESEPROBE_ALTE_WEGE.pdf<\/a><\/li>\n<\/ul>","protected":false},"featured_media":41134,"template":"","meta":[],"product_brand":[],"product_cat":[21542],"product_tag":[],"class_list":{"0":"post-146783","1":"product","2":"type-product","3":"status-publish","4":"has-post-thumbnail","6":"product_cat-sachbuecher-dokumentationen","7":"pa_autor-macfarlane","8":"pa_erscheinungsjahr-21571","9":"pa_region-deutschland","10":"pa_sprache-de","12":"first","13":"instock","14":"taxable","15":"shipping-taxable","16":"purchasable","17":"product-type-simple"},"_links":{"self":[{"href":"https:\/\/pizbube.ch\/en\/wp-json\/wp\/v2\/product\/146783","targetHints":{"allow":["GET"]}}],"collection":[{"href":"https:\/\/pizbube.ch\/en\/wp-json\/wp\/v2\/product"}],"about":[{"href":"https:\/\/pizbube.ch\/en\/wp-json\/wp\/v2\/types\/product"}],"wp:featuredmedia":[{"embeddable":true,"href":"https:\/\/pizbube.ch\/en\/wp-json\/wp\/v2\/media\/41134"}],"wp:attachment":[{"href":"https:\/\/pizbube.ch\/en\/wp-json\/wp\/v2\/media?parent=146783"}],"wp:term":[{"taxonomy":"product_brand","embeddable":true,"href":"https:\/\/pizbube.ch\/en\/wp-json\/wp\/v2\/product_brand?post=146783"},{"taxonomy":"product_cat","embeddable":true,"href":"https:\/\/pizbube.ch\/en\/wp-json\/wp\/v2\/product_cat?post=146783"},{"taxonomy":"product_tag","embeddable":true,"href":"https:\/\/pizbube.ch\/en\/wp-json\/wp\/v2\/product_tag?post=146783"}],"curies":[{"name":"wp","href":"https:\/\/api.w.org\/{rel}","templated":true}]}}