{"id":146784,"date":"2021-01-15T10:54:12","date_gmt":"2021-01-15T10:54:12","guid":{"rendered":"https:\/\/codengine3.ch\/?product=import-placeholder-for-203313"},"modified":"2021-01-15T14:22:01","modified_gmt":"2021-01-15T14:22:01","slug":"wildnis","status":"publish","type":"product","link":"https:\/\/pizbube.ch\/en\/shop\/wildnis\/","title":{"rendered":"Wildnis"},"content":{"rendered":"<p>Ein Wegbegleiter durchs Gebirge: Was ist Wildnis, und (wo) gibt es sie? Die<br \/>\nAlpenschutzbewegung Mountain Wilderness stellt aus Anlass ihres 10-Jahres-<br \/>\nJubil\u00e4ums Fragen nach der historischen, k\u00fcnstlerischen, gesellschaftlichen und<br \/>\n\u00f6kologischen Bedeutung von Wildnis. M\u00f6gliche Antworten liefern \u00fcber 70<br \/>\nAutorinnen und Autoren in Text und Bild. Welche Vorstellungen weckte die<br \/>\nWildnis in der Vergangenheit, was ist ihr heutiger Stellenwert, und welche<br \/>\nRolle kann sie in Zukunft spielen? Wildnis ? Ein Wegbegleiter durchs Gebirge<br \/>\nist eine Sammlung von Statements, Gespr\u00e4chen und Ansichten aus Wissenschaft<br \/>\nund Kunst, aus Alltag und Utopie, von St\u00e4dtern wie von Berglerinnen. Mit 25<br \/>\nOriginalabbildungen, 250 S.<\/p>","protected":false},"excerpt":{"rendered":"<p>Ein Wegbegleiter durchs Gebirge: Was ist Wildnis, und (wo) gibt es sie? Die Alpenschutzbewegung Mountain Wilderness stellt aus Anlass ihres 10-Jahres- Jubil\u00e4ums Fragen nach der historischen, k\u00fcnstlerischen, gesellschaftlichen und \u00f6kologischen Bedeutung von Wildnis. M\u00f6gliche Antworten liefern \u00fcber 70 Autorinnen und Autoren in Text und Bild. Welche Vorstellungen weckte die Wildnis in der Vergangenheit, was ist [&#8230;]\n","protected":false},"featured_media":30897,"template":"","meta":[],"product_brand":[],"product_cat":[21542],"product_tag":[],"class_list":{"0":"post-146784","1":"product","2":"type-product","3":"status-publish","4":"has-post-thumbnail","6":"product_cat-sachbuecher-dokumentationen","7":"pa_autor-flueeler-volken","8":"pa_erscheinungsjahr-21920","9":"pa_region-schweiz","10":"pa_sprache-de","12":"first","13":"instock","14":"taxable","15":"shipping-taxable","16":"purchasable","17":"product-type-simple"},"_links":{"self":[{"href":"https:\/\/pizbube.ch\/en\/wp-json\/wp\/v2\/product\/146784","targetHints":{"allow":["GET"]}}],"collection":[{"href":"https:\/\/pizbube.ch\/en\/wp-json\/wp\/v2\/product"}],"about":[{"href":"https:\/\/pizbube.ch\/en\/wp-json\/wp\/v2\/types\/product"}],"wp:featuredmedia":[{"embeddable":true,"href":"https:\/\/pizbube.ch\/en\/wp-json\/wp\/v2\/media\/30897"}],"wp:attachment":[{"href":"https:\/\/pizbube.ch\/en\/wp-json\/wp\/v2\/media?parent=146784"}],"wp:term":[{"taxonomy":"product_brand","embeddable":true,"href":"https:\/\/pizbube.ch\/en\/wp-json\/wp\/v2\/product_brand?post=146784"},{"taxonomy":"product_cat","embeddable":true,"href":"https:\/\/pizbube.ch\/en\/wp-json\/wp\/v2\/product_cat?post=146784"},{"taxonomy":"product_tag","embeddable":true,"href":"https:\/\/pizbube.ch\/en\/wp-json\/wp\/v2\/product_tag?post=146784"}],"curies":[{"name":"wp","href":"https:\/\/api.w.org\/{rel}","templated":true}]}}