{"id":146785,"date":"2021-01-15T10:54:12","date_gmt":"2021-01-15T10:54:12","guid":{"rendered":"https:\/\/codengine3.ch\/?product=import-placeholder-for-203925"},"modified":"2021-04-07T14:35:19","modified_gmt":"2021-04-07T12:35:19","slug":"kulturlandschaft-oder-wildnis-in-den-alpen","status":"publish","type":"product","link":"https:\/\/pizbube.ch\/en\/shop\/kulturlandschaft-oder-wildnis-in-den-alpen\/","title":{"rendered":"Kulturlandschaft oder Wildnis in den Alpen?"},"content":{"rendered":"<p>Fallstudien im Val Grande-Nationalpark und im Stronatal (Piemont\/Italien):<br \/>\nW\u00e4hrend in vielen Alpengebieten die traditionelle Kulturlandschaft durch<br \/>\nVerst\u00e4dterung und Industrialisierung in Gefahr ist, erobert sich auf der<br \/>\nS\u00fcdabdachung des Alpenbogens die Natur ganze Landschaften zur\u00fcck. Gleichzeitig<br \/>\ngewinnt in der naturschutzfachlichen Diskussion die Forderung nach<br \/>\nunbeeinflusster Naturdynamik und Wildnis im Kontrast zu den statisch<br \/>\nkonservierenden Managementkonzepten zunehmend an Bedeutung.<\/p>\n<p>In einem transdisziplin\u00e4ren Forschungsansatz untersuchten die Autoren die \u00f6kologischen<br \/>\nund sozialen Folgen von Entsiedelung, Verbrachung und ungelenkter<br \/>\nLandschaftsdynamik an zwei vom R\u00fcckzug des Menschen gepr\u00e4gten Gebieten in den<br \/>\nAlpen des Piemont (Italien): am Val Grande-Nationalpark westlich des Lago<br \/>\nMaggiore zwischen dem Ossolatal sowie dem Vigezzo- bzw. Cannobinatal gelegen,<br \/>\n1992 als Wildnisgebiet eingerichtet, und am Stronatal.<\/p>\n<p>Das Buch beschreibt Methoden und Ergebnisse der historischen und vegetations\u00f6kologischen<br \/>\nLandschaftsanalyse und gibt Meinungsumfragen unter Bewohnern, Almhirten,<br \/>\nTouristen und Politikern wieder.<\/p>","protected":false},"excerpt":{"rendered":"<p>Fallstudien im Val Grande-Nationalpark und im Stronatal (Piemont\/Italien): W\u00e4hrend in vielen Alpengebieten die traditionelle Kulturlandschaft durch Verst\u00e4dterung und Industrialisierung in Gefahr ist, erobert sich auf der S\u00fcdabdachung des Alpenbogens die Natur ganze Landschaften zur\u00fcck. Gleichzeitig gewinnt in der naturschutzfachlichen Diskussion die Forderung nach unbeeinflusster Naturdynamik und Wildnis im Kontrast zu den statisch konservierenden Managementkonzepten zunehmend [&#8230;]\n","protected":false},"featured_media":31637,"template":"","meta":[],"product_brand":[],"product_cat":[21542],"product_tag":[],"class_list":{"0":"post-146785","1":"product","2":"type-product","3":"status-publish","4":"has-post-thumbnail","6":"product_cat-sachbuecher-dokumentationen","7":"pa_autor-hoechtl-lehringer-konold","8":"pa_erscheinungsjahr-21776","9":"pa_region-italien","10":"pa_sprache-de","12":"first","13":"onbackorder","14":"taxable","15":"shipping-taxable","16":"purchasable","17":"product-type-simple"},"_links":{"self":[{"href":"https:\/\/pizbube.ch\/en\/wp-json\/wp\/v2\/product\/146785","targetHints":{"allow":["GET"]}}],"collection":[{"href":"https:\/\/pizbube.ch\/en\/wp-json\/wp\/v2\/product"}],"about":[{"href":"https:\/\/pizbube.ch\/en\/wp-json\/wp\/v2\/types\/product"}],"wp:featuredmedia":[{"embeddable":true,"href":"https:\/\/pizbube.ch\/en\/wp-json\/wp\/v2\/media\/31637"}],"wp:attachment":[{"href":"https:\/\/pizbube.ch\/en\/wp-json\/wp\/v2\/media?parent=146785"}],"wp:term":[{"taxonomy":"product_brand","embeddable":true,"href":"https:\/\/pizbube.ch\/en\/wp-json\/wp\/v2\/product_brand?post=146785"},{"taxonomy":"product_cat","embeddable":true,"href":"https:\/\/pizbube.ch\/en\/wp-json\/wp\/v2\/product_cat?post=146785"},{"taxonomy":"product_tag","embeddable":true,"href":"https:\/\/pizbube.ch\/en\/wp-json\/wp\/v2\/product_tag?post=146785"}],"curies":[{"name":"wp","href":"https:\/\/api.w.org\/{rel}","templated":true}]}}