{"id":146789,"date":"2021-01-15T10:54:12","date_gmt":"2021-01-15T10:54:12","guid":{"rendered":"https:\/\/codengine3.ch\/?product=import-placeholder-for-204000"},"modified":"2022-12-06T10:28:15","modified_gmt":"2022-12-06T09:28:15","slug":"tuerkei-lykischer-weg","status":"publish","type":"product","link":"https:\/\/pizbube.ch\/en\/shop\/tuerkei-lykischer-weg\/","title":{"rendered":"T\u00fcrkei: Lykischer Weg"},"content":{"rendered":"<p>Der Lykische Weg ist der erste markierte Weitwanderweg der T\u00fcrkei. Er verl\u00e4uft<br \/>\nimmer entlang der t\u00fcrkischen Mittelmeerk\u00fcste und wechselt st\u00e4ndig zwischen<br \/>\nparadiesischen Str\u00e4nden und den Gipfeln des Taurusgebirges hin und her, die<br \/>\nsich, die l\u00e4ngste Zeit des Jahres schneegepudert, \u00fcber das t\u00fcrkisfarbene Meer<br \/>\nerheben.<\/p>\n<p>Unterwegs entdecken Sie antike St\u00e4dte mit gut erhaltenen Amphitheatern,<br \/>\nSteinsarkophagen und Gr\u00e4bern und wandern zu abgelegenen Bergd\u00f6rfern, in denen<br \/>\ndie Zeit still zu stehen scheint und wo Sie von den Bewohnern herzlich und<br \/>\ngastfreundlich empfangen werden. Dieses Buch ist ihr treuer Begleiter auf dem<br \/>\nsch\u00f6nsten Abschnitt zwischen Kas und Antalya.<\/p>\n<p>Langstreckenwanderer finden alle relevanten Informationen und GPS-Daten zu<br \/>\nStreckenverlauf, Einkaufsm\u00f6glichkeiten und \u00dcbernachtungsst\u00e4tten. Wenn Sie<br \/>\nnicht die gesamte Strecke wandern m\u00f6chten, zeigt Ihnen dieser Reisef\u00fchrer die<br \/>\nsch\u00f6nsten Tagesetappen, die gut mit \u00f6ffentlichen Verkehrsmitteln zu erreichen<br \/>\nsind, sodass Sie problemlos den Bade- mit einem Wanderurlaub kombinieren<br \/>\nk\u00f6nnen.<br \/>\n102 Seiten, eine Farbkarte, 7 weitere Karten, 20 farbige Abbildungen, 6<br \/>\nschwarz-wei\u00df Abbildungen.<\/p>\n<p>5., erweiterte und aktualisierte Auflage.<\/p>","protected":false},"excerpt":{"rendered":"<p>Der Lykische Weg ist der erste markierte Weitwanderweg der T\u00fcrkei. Er verl\u00e4uft immer entlang der t\u00fcrkischen Mittelmeerk\u00fcste und wechselt st\u00e4ndig zwischen paradiesischen Str\u00e4nden und den Gipfeln des Taurusgebirges hin und her, die sich, die l\u00e4ngste Zeit des Jahres schneegepudert, \u00fcber das t\u00fcrkisfarbene Meer erheben. Unterwegs entdecken Sie antike St\u00e4dte mit gut erhaltenen Amphitheatern, Steinsarkophagen und [&#8230;]\n","protected":false},"featured_media":31731,"template":"","meta":[],"product_brand":[],"product_cat":[21605],"product_tag":[],"class_list":{"0":"post-146789","1":"product","2":"type-product","3":"status-publish","4":"has-post-thumbnail","6":"product_cat-wanderfuehrer-trekking","7":"pa_autor-hennemann","8":"pa_erscheinungsjahr-21574","9":"pa_region-osteuropa","10":"pa_sprache-de","12":"first","13":"outofstock","14":"taxable","15":"shipping-taxable","16":"purchasable","17":"product-type-simple"},"_links":{"self":[{"href":"https:\/\/pizbube.ch\/en\/wp-json\/wp\/v2\/product\/146789","targetHints":{"allow":["GET"]}}],"collection":[{"href":"https:\/\/pizbube.ch\/en\/wp-json\/wp\/v2\/product"}],"about":[{"href":"https:\/\/pizbube.ch\/en\/wp-json\/wp\/v2\/types\/product"}],"wp:featuredmedia":[{"embeddable":true,"href":"https:\/\/pizbube.ch\/en\/wp-json\/wp\/v2\/media\/31731"}],"wp:attachment":[{"href":"https:\/\/pizbube.ch\/en\/wp-json\/wp\/v2\/media?parent=146789"}],"wp:term":[{"taxonomy":"product_brand","embeddable":true,"href":"https:\/\/pizbube.ch\/en\/wp-json\/wp\/v2\/product_brand?post=146789"},{"taxonomy":"product_cat","embeddable":true,"href":"https:\/\/pizbube.ch\/en\/wp-json\/wp\/v2\/product_cat?post=146789"},{"taxonomy":"product_tag","embeddable":true,"href":"https:\/\/pizbube.ch\/en\/wp-json\/wp\/v2\/product_tag?post=146789"}],"curies":[{"name":"wp","href":"https:\/\/api.w.org\/{rel}","templated":true}]}}