{"id":146790,"date":"2021-01-15T10:54:12","date_gmt":"2021-01-15T10:54:12","guid":{"rendered":"https:\/\/codengine3.ch\/?product=import-placeholder-for-204844"},"modified":"2024-11-26T14:13:26","modified_gmt":"2024-11-26T13:13:26","slug":"tuerkische-riviera-mountainbikefuehrer","status":"publish","type":"product","link":"https:\/\/pizbube.ch\/en\/shop\/tuerkische-riviera-mountainbikefuehrer\/","title":{"rendered":"T\u00fcrkische Riviera (Mountainbikef\u00fchrer )"},"content":{"rendered":"<p>Lykien: Antalya &#8211; Kemer &#8211; Fethiye<\/p>\n<p>Jetzt gibt es ihn endlich, den ersten Mountainbikef\u00fchrer zur t\u00fcrkischen<br \/>\nRiviera westlich von Antalya und zur sich anschlie\u00dfenden lykischen K\u00fcste.<br \/>\nBeide Gebiete sind in den Herbst- und Wintermonaten ein sehr g\u00fcnstiges, aber<br \/>\ndennoch luxuri\u00f6ses Reiseziel. Dank des milden Klimas kann man zu dieser Zeit<br \/>\neinen Erholungsurlaub ideal mit herrlichen Mountainbiketouren kombinieren. Die<br \/>\nbis direkt an die K\u00fcste heranreichenden, bis \u00fcber 2000 m hohen Berge des<br \/>\nTaurusgebirges laden zu einer ausgiebigen Erkundung ein. Kaum befahrene<br \/>\nNebenstra\u00dfen, abgelegene Schotterpisten und reizvolle Singletrails erm\u00f6glichen<br \/>\n\u00e4u\u00dferst abwechslungsreiche Touren. Der Rother Bike Guide T\u00fcrkische Riviera<br \/>\nstellt erstmalig eine lohnende Auswahl vor: 35 Touren auf rund 2000 Kilometer<br \/>\nStrecke und insgesamt 31.000 H\u00f6henmetern.<\/p>\n<p>Ob Genussradler oder Extremsportler &#8211; der Bike Guide T\u00fcrkische Riviera bietet<br \/>\nf\u00fcr jeden geeignete Touren. Eine tabellarische \u00dcbersicht verzeichnet alle<br \/>\nwichtigen Eigenschaften der Touren und erleichtert die Auswahl. Wie bei allen<br \/>\nRother-B\u00fcchern wurde auf eine ebenso ansprechende wie informative Illustration<br \/>\nWert gelegt. H\u00f6henprofile lassen auf einen Blick Steigungen, Gef\u00e4lle und<br \/>\nBeschaffenheit des Untergrunds erkennen. Zahlreiche Farbfotos machen Lust aufs<br \/>\nBiken. F\u00fcr jede Tour liefert ein klar gegliederter Tourensteckbrief alles<br \/>\nWissenswerte zu Fahrzeit, H\u00f6henunterschied, Ausgangspunkt, Varianten,<br \/>\nKombinations- und Verpflegungsm\u00f6glichkeiten. Pr\u00e4zise Tourenbeschreibungen mit<br \/>\nexakten Kilometerangaben und eindeutigen Symbolen f\u00fcr jede Wegverzweigung<br \/>\nsowie farbige Kartenausschnitte mit eingetragenem Routenverlauf garantieren<br \/>\neine problemlose Orientierung. Die Spiralbindung erleichtert die Handhabung.<\/p>","protected":false},"excerpt":{"rendered":"<p>Lykien: Antalya &#8211; Kemer &#8211; Fethiye Jetzt gibt es ihn endlich, den ersten Mountainbikef\u00fchrer zur t\u00fcrkischen Riviera westlich von Antalya und zur sich anschlie\u00dfenden lykischen K\u00fcste. Beide Gebiete sind in den Herbst- und Wintermonaten ein sehr g\u00fcnstiges, aber dennoch luxuri\u00f6ses Reiseziel. Dank des milden Klimas kann man zu dieser Zeit einen Erholungsurlaub ideal mit herrlichen [&#8230;]\n","protected":false},"featured_media":33374,"template":"","meta":[],"product_brand":[],"product_cat":[21606],"product_tag":[],"class_list":{"0":"post-146790","1":"product","2":"type-product","3":"status-publish","4":"has-post-thumbnail","6":"product_cat-mountainbikefuehrer","7":"pa_autor-eichhorn","8":"pa_erscheinungsjahr-21842","9":"pa_region-osteuropa","10":"pa_sprache-de","12":"first","13":"outofstock","14":"taxable","15":"shipping-taxable","16":"purchasable","17":"product-type-simple"},"_links":{"self":[{"href":"https:\/\/pizbube.ch\/en\/wp-json\/wp\/v2\/product\/146790","targetHints":{"allow":["GET"]}}],"collection":[{"href":"https:\/\/pizbube.ch\/en\/wp-json\/wp\/v2\/product"}],"about":[{"href":"https:\/\/pizbube.ch\/en\/wp-json\/wp\/v2\/types\/product"}],"wp:featuredmedia":[{"embeddable":true,"href":"https:\/\/pizbube.ch\/en\/wp-json\/wp\/v2\/media\/33374"}],"wp:attachment":[{"href":"https:\/\/pizbube.ch\/en\/wp-json\/wp\/v2\/media?parent=146790"}],"wp:term":[{"taxonomy":"product_brand","embeddable":true,"href":"https:\/\/pizbube.ch\/en\/wp-json\/wp\/v2\/product_brand?post=146790"},{"taxonomy":"product_cat","embeddable":true,"href":"https:\/\/pizbube.ch\/en\/wp-json\/wp\/v2\/product_cat?post=146790"},{"taxonomy":"product_tag","embeddable":true,"href":"https:\/\/pizbube.ch\/en\/wp-json\/wp\/v2\/product_tag?post=146790"}],"curies":[{"name":"wp","href":"https:\/\/api.w.org\/{rel}","templated":true}]}}