{"id":146791,"date":"2021-01-15T10:54:12","date_gmt":"2021-01-15T10:54:12","guid":{"rendered":"https:\/\/codengine3.ch\/?product=import-placeholder-for-205818"},"modified":"2021-04-01T09:26:22","modified_gmt":"2021-04-01T07:26:22","slug":"tuerkische-riviera-lykische-kueste-von-antalya-bis-fethiye","status":"publish","type":"product","link":"https:\/\/pizbube.ch\/en\/shop\/tuerkische-riviera-lykische-kueste-von-antalya-bis-fethiye\/","title":{"rendered":"T\u00fcrkische Riviera &#8211; Lykische K\u00fcste von Antalya bis Fethiye"},"content":{"rendered":"<p>Lykische K\u00fcste von Antalya bis Fethiye<br \/>\n40 Touren mit Lykischem Weg<\/p>\n<p>Viel Sonne und Str\u00e4nde ohne Ende sind nicht das Einzige, was die T\u00fcrkische<br \/>\nRiviera zu bieten hat. Das Hinterland der von Halbinseln, Kaps und den<br \/>\nAusl\u00e4ufern des Taurus gepr\u00e4gten buchtenreichen K\u00fcste darf ohne zu \u00fcbertreiben<br \/>\neine der sch\u00f6nsten Wanderregionen am Mittelmeer genannt werden und h\u00e4lt Routen<br \/>\nf\u00fcr alle Anspr\u00fcche bereit. Die Lykische K\u00fcste wurde seit 4000 Jahren von<br \/>\ngro\u00dfen Kulturv\u00f6lkern besiedelt, sie alle hinterlie\u00dfen mehr oder weniger gut<br \/>\nsichtbare Spuren. Viele der arch\u00e4ologischen St\u00e4tten, so die Bergfestung<br \/>\nTermessos, der Hafen Phaselis, die Hausgr\u00e4ber von Phellos oder das halb im<br \/>\nWasser versunkene antike Simena, sind in eine grandiose Berg- und<br \/>\nKulturlandschaft eingebettet. Dazu gesellen sich beeindruckende Naturwunder:<br \/>\ndie Schmetterlingsbucht bei Faralya, die Ewigen Flammen von \u00c7irali, der<br \/>\ngewaltige Canyon von Saklikent oder die bizarren Zedernw\u00e4lder am Fu\u00df des<br \/>\nOlympos, der mit seinen gut 2300 m hoch \u00fcber der K\u00fcste thront. Attraktive<br \/>\nWanderziele gibt es also mehr als genug.<\/p>\n<p>Die meisten der 40 Tourenvorschl\u00e4ge in diesem Rother Wanderf\u00fchrer gruppieren<br \/>\nsich um den Lykischen Fernwanderweg, der auf einer L\u00e4nge von \u00fcber 500 km<br \/>\nparallel zur K\u00fcste verl\u00e4uft. Ausgehend von den Ferienorten werden auf bequemen<br \/>\nTagestouren die sch\u00f6nsten Streckenabschnitte vorgestellt. Ein \u00fcbersichtlicher<br \/>\nTourensteckbrief mit allen wichtigen Informationen, farbige Wanderk\u00e4rtchen mit<br \/>\neingetragenem Routenverlauf, aussagekr\u00e4ftige H\u00f6henprofile und eine genaue<br \/>\nWegbeschreibung zu jeder Wanderung erleichtern die Auswahl der Touren und die<br \/>\nOrientierung vor Ort.<br \/>\nF\u00fcr Weitwanderer wird zus\u00e4tzlich der gesamte Verlauf des Lykischen<br \/>\nFernwanderwegs beschrieben, inklusive vieler Informationen zu<br \/>\n\u00dcbernachtungsm\u00f6glichkeiten an der Strecke.<\/p>\n<p>2. aktualis. Auflage 2014; 174 Seiten mit 103 Farbabbildungen<br \/>\n39 H\u00f6henprofile, 39 Wanderk\u00e4rtchen im Ma\u00dfstab 1:50.000\/1:75.000, zwei<br \/>\n\u00dcbersichtskarten<\/p>","protected":false},"excerpt":{"rendered":"<ul>\n<li><a href=\"https:\/\/pizbube.ch\/wp-content\/uploads\/attachments\/a_015\/565D878AD8AD58E1DDA6753DCAFCB37A.pdf\" target=\"_blank\" rel=\"noopener\">PDF: t\u00fcrkische riviera_inhalt.pdf<\/a><\/li>\n<\/ul>","protected":false},"featured_media":32796,"template":"","meta":[],"product_brand":[],"product_cat":[21605],"product_tag":[],"class_list":{"0":"post-146791","1":"product","2":"type-product","3":"status-publish","4":"has-post-thumbnail","6":"product_cat-wanderfuehrer-trekking","7":"pa_autor-goetz","8":"pa_erscheinungsjahr-21550","9":"pa_region-osteuropa","10":"pa_sprache-de","12":"first","13":"outofstock","14":"taxable","15":"shipping-taxable","16":"purchasable","17":"product-type-simple"},"_links":{"self":[{"href":"https:\/\/pizbube.ch\/en\/wp-json\/wp\/v2\/product\/146791","targetHints":{"allow":["GET"]}}],"collection":[{"href":"https:\/\/pizbube.ch\/en\/wp-json\/wp\/v2\/product"}],"about":[{"href":"https:\/\/pizbube.ch\/en\/wp-json\/wp\/v2\/types\/product"}],"wp:featuredmedia":[{"embeddable":true,"href":"https:\/\/pizbube.ch\/en\/wp-json\/wp\/v2\/media\/32796"}],"wp:attachment":[{"href":"https:\/\/pizbube.ch\/en\/wp-json\/wp\/v2\/media?parent=146791"}],"wp:term":[{"taxonomy":"product_brand","embeddable":true,"href":"https:\/\/pizbube.ch\/en\/wp-json\/wp\/v2\/product_brand?post=146791"},{"taxonomy":"product_cat","embeddable":true,"href":"https:\/\/pizbube.ch\/en\/wp-json\/wp\/v2\/product_cat?post=146791"},{"taxonomy":"product_tag","embeddable":true,"href":"https:\/\/pizbube.ch\/en\/wp-json\/wp\/v2\/product_tag?post=146791"}],"curies":[{"name":"wp","href":"https:\/\/api.w.org\/{rel}","templated":true}]}}