{"id":146792,"date":"2021-01-15T10:54:12","date_gmt":"2021-01-15T10:54:12","guid":{"rendered":"https:\/\/codengine3.ch\/?product=import-placeholder-for-206767"},"modified":"2023-09-05T16:53:40","modified_gmt":"2023-09-05T14:53:40","slug":"lycia-west-hiking-map-150000-inklusive-dem-lykischen-weg","status":"publish","type":"product","link":"https:\/\/pizbube.ch\/en\/shop\/lycia-west-hiking-map-150000-inklusive-dem-lykischen-weg\/","title":{"rendered":"Lycia West Hiking Map 1:50&#8217;000 (Inklusive dem Lykischen Weg)"},"content":{"rendered":"<p>Zweiteiliges Karten-Set f\u00fcr den westlichen Teil der Lykischen K\u00fcste inklusive<br \/>\ndem Lykischen Weg (Lycian Way) von Demre bis Fethiye. Ma\u00dfstab 1:50.000<\/p>\n<p>Beide Wanderkartenkarten decken den gesamten Westen und S\u00fcd-Westen der<br \/>\nLykischen K\u00fcste ab. Neben allen wichtigen topographischen Inhalten enthalten<br \/>\ndie Karten u. A. wichtige Wanderwege, Sehensw\u00fcrdigkeiten,<br \/>\nWasserentnahmestellen, Zelt- und Biwak-Pl\u00e4tze sowie den exakten Wegverlauf mit<br \/>\nallen Varianten des Lykischen Weges von Fethiye bis Demre.<\/p>","protected":false},"excerpt":{"rendered":"<p>Zweiteiliges Karten-Set f\u00fcr den westlichen Teil der Lykischen K\u00fcste inklusive dem Lykischen Weg (Lycian Way) von Demre bis Fethiye. Ma\u00dfstab 1:50.000 Beide Wanderkartenkarten decken den gesamten Westen und S\u00fcd-Westen der Lykischen K\u00fcste ab. Neben allen wichtigen topographischen Inhalten enthalten die Karten u. A. wichtige Wanderwege, Sehensw\u00fcrdigkeiten, Wasserentnahmestellen, Zelt- und Biwak-Pl\u00e4tze sowie den exakten Wegverlauf mit [&#8230;]\n","protected":false},"featured_media":36102,"template":"","meta":[],"product_brand":[],"product_cat":[21543],"product_tag":[],"class_list":{"0":"post-146792","1":"product","2":"type-product","3":"status-publish","4":"has-post-thumbnail","6":"product_cat-landkarten","7":"pa_autor-mapsite","8":"pa_erscheinungsjahr-21597","9":"pa_region-osteuropa","10":"pa_sprache-de-en-3","12":"first","13":"outofstock","14":"taxable","15":"shipping-taxable","16":"purchasable","17":"product-type-simple"},"_links":{"self":[{"href":"https:\/\/pizbube.ch\/en\/wp-json\/wp\/v2\/product\/146792","targetHints":{"allow":["GET"]}}],"collection":[{"href":"https:\/\/pizbube.ch\/en\/wp-json\/wp\/v2\/product"}],"about":[{"href":"https:\/\/pizbube.ch\/en\/wp-json\/wp\/v2\/types\/product"}],"wp:featuredmedia":[{"embeddable":true,"href":"https:\/\/pizbube.ch\/en\/wp-json\/wp\/v2\/media\/36102"}],"wp:attachment":[{"href":"https:\/\/pizbube.ch\/en\/wp-json\/wp\/v2\/media?parent=146792"}],"wp:term":[{"taxonomy":"product_brand","embeddable":true,"href":"https:\/\/pizbube.ch\/en\/wp-json\/wp\/v2\/product_brand?post=146792"},{"taxonomy":"product_cat","embeddable":true,"href":"https:\/\/pizbube.ch\/en\/wp-json\/wp\/v2\/product_cat?post=146792"},{"taxonomy":"product_tag","embeddable":true,"href":"https:\/\/pizbube.ch\/en\/wp-json\/wp\/v2\/product_tag?post=146792"}],"curies":[{"name":"wp","href":"https:\/\/api.w.org\/{rel}","templated":true}]}}