{"id":146794,"date":"2021-01-15T10:54:12","date_gmt":"2021-01-15T10:54:12","guid":{"rendered":"https:\/\/codengine3.ch\/?product=import-placeholder-for-200103"},"modified":"2026-04-09T08:41:01","modified_gmt":"2026-04-09T06:41:01","slug":"ski-de-pente-raide-en-dauphine","status":"publish","type":"product","link":"https:\/\/pizbube.ch\/en\/shop\/ski-de-pente-raide-en-dauphine\/","title":{"rendered":"Ski de pente raide en Dauphin\u00e9"},"content":{"rendered":"<p>Les plus belles descentes<\/p>\n<p>Une s\u00e9lection de 50 courses de pente raide, mythiques pour certaines,<br \/>\nexceptionnelles pour la plupart, in\u00e9dites pour le reste. Une mine<br \/>\nd\u2019informations pour les pratiquants confirm\u00e9s ainsi que pour les bons skieurs<br \/>\nattir\u00e9s par de nouveaux d\u00e9fis.<\/p>\n<p>Gr\u00e2ce \u00e0 l\u2019\u00e9volution du mat\u00e9riel et du niveau technique des pratiquants, par un<br \/>\neffet Internet ind\u00e9niable via les sites collaboratifs ou la profusion des<br \/>\nvid\u00e9os en ligne, le ski de pente raide est redevenu \u00e0 la mode ces dix<br \/>\nderni\u00e8res ann\u00e9es, amenant des skieurs dans des itin\u00e9raires autrefois craints.<\/p>\n<p>Des courses les plus mythiques \u00e0 des nouveaut\u00e9s plus intimistes d\u00e9nich\u00e9es<br \/>\ngr\u00e2ce au temp\u00e9rament d\u2019aventurier et de d\u00e9couvreur de l\u2019auteur, Thierry Clavel<br \/>\nnous entra\u00eene \u00e0 travers une s\u00e9lection des 50 plus belles courses entre \u00c9crins<br \/>\net D\u00e9voluy, Vercors et Armet, Rousses et Oisans.<\/p>\n<p>La passion de la montagne et la connaissance du terrain transpirent dans<br \/>\nchacun des descriptifs. Par souci d\u2019honn\u00eatet\u00e9, l\u2019auteur a choisi de ne<br \/>\npr\u00e9senter que des itin\u00e9raires qu\u2019il a lui-m\u00eame parcourus, offrant ainsi une<br \/>\nsuperbe anthologie du ski de pente raide dans le Dauphin\u00e9.<\/p>\n<p>Au ressenti intime respirant le v\u00e9cu qui \u00e9mane des textes et t\u00e9moigne de<br \/>\nl\u2019ambiance de chacune des courses s\u2019ajoute la pr\u00e9cision des trac\u00e9s<br \/>\nd\u2019itin\u00e9raires sur photos auxquels sont adjointes des mesures pr\u00e9cises de<br \/>\nl\u2019inclinaison des diff\u00e9rentes sections des parcours, la p\u00e9riode optimale,<br \/>\nl\u2019approche conseill\u00e9e, le mat\u00e9riel n\u00e9cessaire&#8230;<\/p>","protected":false},"excerpt":{"rendered":"<p>Les plus belles descentes Une s\u00e9lection de 50 courses de pente raide, mythiques pour certaines, exceptionnelles pour la plupart, in\u00e9dites pour le reste. Une mine d\u2019informations pour les pratiquants confirm\u00e9s ainsi que pour les bons skieurs attir\u00e9s par de nouveaux d\u00e9fis. Gr\u00e2ce \u00e0 l\u2019\u00e9volution du mat\u00e9riel et du niveau technique des pratiquants, par un effet [&#8230;]\n","protected":false},"featured_media":182742,"template":"","meta":[],"product_brand":[],"product_cat":[21540],"product_tag":[],"class_list":{"0":"post-146794","1":"product","2":"type-product","3":"status-publish","4":"has-post-thumbnail","6":"product_cat-fuehrerliteratur-alpin-winter","7":"pa_autor-clavel","8":"pa_erscheinungsjahr-21571","9":"pa_region-frankreich","10":"pa_sprache-fr","12":"first","13":"instock","14":"taxable","15":"shipping-taxable","16":"purchasable","17":"product-type-simple"},"_links":{"self":[{"href":"https:\/\/pizbube.ch\/en\/wp-json\/wp\/v2\/product\/146794","targetHints":{"allow":["GET"]}}],"collection":[{"href":"https:\/\/pizbube.ch\/en\/wp-json\/wp\/v2\/product"}],"about":[{"href":"https:\/\/pizbube.ch\/en\/wp-json\/wp\/v2\/types\/product"}],"wp:featuredmedia":[{"embeddable":true,"href":"https:\/\/pizbube.ch\/en\/wp-json\/wp\/v2\/media\/182742"}],"wp:attachment":[{"href":"https:\/\/pizbube.ch\/en\/wp-json\/wp\/v2\/media?parent=146794"}],"wp:term":[{"taxonomy":"product_brand","embeddable":true,"href":"https:\/\/pizbube.ch\/en\/wp-json\/wp\/v2\/product_brand?post=146794"},{"taxonomy":"product_cat","embeddable":true,"href":"https:\/\/pizbube.ch\/en\/wp-json\/wp\/v2\/product_cat?post=146794"},{"taxonomy":"product_tag","embeddable":true,"href":"https:\/\/pizbube.ch\/en\/wp-json\/wp\/v2\/product_tag?post=146794"}],"curies":[{"name":"wp","href":"https:\/\/api.w.org\/{rel}","templated":true}]}}