{"id":146796,"date":"2021-01-15T10:54:12","date_gmt":"2021-01-15T10:54:12","guid":{"rendered":"https:\/\/codengine3.ch\/?product=import-placeholder-for-201832"},"modified":"2021-01-15T12:04:57","modified_gmt":"2021-01-15T12:04:57","slug":"ouest-dauphine","status":"publish","type":"product","link":"https:\/\/pizbube.ch\/en\/shop\/ouest-dauphine\/","title":{"rendered":"Ouest Dauphin\u00e9"},"content":{"rendered":"<p>couvre les massifs du Taillefer, du D\u00e9voluy et du Vercors: 160 itin\u00e9raires en<br \/>\nd\u00e9tail, trac\u00e9s sur 200 photos Des parois sombres du Taillefer aux paysages<br \/>\nlumineux du Devoluy, la diversite des paysages caracterise ce volume. Tres<br \/>\nadapte a la decouverte de la montagne hivernale, quand les massifs du nord<br \/>\nsont dans la grisaille.  <\/p>","protected":false},"excerpt":{"rendered":"<p>couvre les massifs du Taillefer, du D\u00e9voluy et du Vercors: 160 itin\u00e9raires en d\u00e9tail, trac\u00e9s sur 200 photos Des parois sombres du Taillefer aux paysages lumineux du Devoluy, la diversite des paysages caracterise ce volume. Tres adapte a la decouverte de la montagne hivernale, quand les massifs du nord sont dans la grisaille.<\/p>","protected":false},"featured_media":29217,"template":"","meta":[],"product_brand":[],"product_cat":[21540],"product_tag":[],"class_list":{"0":"post-146796","1":"product","2":"type-product","3":"status-publish","4":"has-post-thumbnail","6":"product_cat-fuehrerliteratur-alpin-winter","7":"pa_autor-shahshahani","8":"pa_erscheinungsjahr-22150","9":"pa_region-frankreich","10":"pa_sprache-fr","12":"first","13":"instock","14":"taxable","15":"shipping-taxable","16":"purchasable","17":"product-type-simple"},"_links":{"self":[{"href":"https:\/\/pizbube.ch\/en\/wp-json\/wp\/v2\/product\/146796","targetHints":{"allow":["GET"]}}],"collection":[{"href":"https:\/\/pizbube.ch\/en\/wp-json\/wp\/v2\/product"}],"about":[{"href":"https:\/\/pizbube.ch\/en\/wp-json\/wp\/v2\/types\/product"}],"wp:featuredmedia":[{"embeddable":true,"href":"https:\/\/pizbube.ch\/en\/wp-json\/wp\/v2\/media\/29217"}],"wp:attachment":[{"href":"https:\/\/pizbube.ch\/en\/wp-json\/wp\/v2\/media?parent=146796"}],"wp:term":[{"taxonomy":"product_brand","embeddable":true,"href":"https:\/\/pizbube.ch\/en\/wp-json\/wp\/v2\/product_brand?post=146796"},{"taxonomy":"product_cat","embeddable":true,"href":"https:\/\/pizbube.ch\/en\/wp-json\/wp\/v2\/product_cat?post=146796"},{"taxonomy":"product_tag","embeddable":true,"href":"https:\/\/pizbube.ch\/en\/wp-json\/wp\/v2\/product_tag?post=146796"}],"curies":[{"name":"wp","href":"https:\/\/api.w.org\/{rel}","templated":true}]}}