{"id":146798,"date":"2021-01-15T10:54:12","date_gmt":"2021-01-15T10:54:12","guid":{"rendered":"https:\/\/codengine3.ch\/?product=import-placeholder-for-200517"},"modified":"2021-01-15T10:58:24","modified_gmt":"2021-01-15T10:58:24","slug":"chartreuse-devoluy-vercors-toponeige","status":"publish","type":"product","link":"https:\/\/pizbube.ch\/en\/shop\/chartreuse-devoluy-vercors-toponeige\/","title":{"rendered":"Chartreuse &#8211; D\u00e9voluy &#8211; Vercors Toponeige"},"content":{"rendered":"<p>CDV est enti\u00e8rement consacr\u00e9 aux massifs pr\u00e9alpins qui s\u2019\u00e9tendent de la Savoie<br \/>\n\u00e0 la Dr\u00f4me en passant par l\u2019Is\u00e8re et les Hautes-Alpes. La relative homog\u00e9n\u00e9\u00eft\u00e9<br \/>\nmorphologique masque des contrastes climatiques et paysagers surprenants.<\/p>\n<p>Les fiches techniques d\u00e9crivent en d\u00e9tail 181 itin\u00e9raires de base (et 274<br \/>\nvariantes), trac\u00e9s sur 326 photos.<br \/>\nLa r\u00e9partition est assez \u00e9quilibr\u00e9e entre les trois massifs : 55 en<br \/>\nChartreuse, 63 en D\u00e9voluy, 63 en Vercors.<\/p>","protected":false},"excerpt":{"rendered":"<p>CDV est enti\u00e8rement consacr\u00e9 aux massifs pr\u00e9alpins qui s\u2019\u00e9tendent de la Savoie \u00e0 la Dr\u00f4me en passant par l\u2019Is\u00e8re et les Hautes-Alpes. La relative homog\u00e9n\u00e9\u00eft\u00e9 morphologique masque des contrastes climatiques et paysagers surprenants. Les fiches techniques d\u00e9crivent en d\u00e9tail 181 itin\u00e9raires de base (et 274 variantes), trac\u00e9s sur 326 photos. La r\u00e9partition est assez \u00e9quilibr\u00e9e [&#8230;]\n","protected":false},"featured_media":27156,"template":"","meta":[],"product_brand":[],"product_cat":[21540],"product_tag":[],"class_list":{"0":"post-146798","1":"product","2":"type-product","3":"status-publish","4":"has-post-thumbnail","6":"product_cat-fuehrerliteratur-alpin-winter","7":"pa_autor-shahshahani","8":"pa_erscheinungsjahr-21621","9":"pa_region-frankreich","10":"pa_sprache-fr","12":"first","13":"instock","14":"taxable","15":"shipping-taxable","16":"purchasable","17":"product-type-simple"},"_links":{"self":[{"href":"https:\/\/pizbube.ch\/en\/wp-json\/wp\/v2\/product\/146798","targetHints":{"allow":["GET"]}}],"collection":[{"href":"https:\/\/pizbube.ch\/en\/wp-json\/wp\/v2\/product"}],"about":[{"href":"https:\/\/pizbube.ch\/en\/wp-json\/wp\/v2\/types\/product"}],"wp:featuredmedia":[{"embeddable":true,"href":"https:\/\/pizbube.ch\/en\/wp-json\/wp\/v2\/media\/27156"}],"wp:attachment":[{"href":"https:\/\/pizbube.ch\/en\/wp-json\/wp\/v2\/media?parent=146798"}],"wp:term":[{"taxonomy":"product_brand","embeddable":true,"href":"https:\/\/pizbube.ch\/en\/wp-json\/wp\/v2\/product_brand?post=146798"},{"taxonomy":"product_cat","embeddable":true,"href":"https:\/\/pizbube.ch\/en\/wp-json\/wp\/v2\/product_cat?post=146798"},{"taxonomy":"product_tag","embeddable":true,"href":"https:\/\/pizbube.ch\/en\/wp-json\/wp\/v2\/product_tag?post=146798"}],"curies":[{"name":"wp","href":"https:\/\/api.w.org\/{rel}","templated":true}]}}