{"id":146799,"date":"2021-01-15T10:54:12","date_gmt":"2021-01-15T10:54:12","guid":{"rendered":"https:\/\/codengine3.ch\/?product=import-placeholder-for-208739"},"modified":"2022-04-20T15:58:37","modified_gmt":"2022-04-20T13:58:37","slug":"skieurs-du-ciel","status":"publish","type":"product","link":"https:\/\/pizbube.ch\/en\/shop\/skieurs-du-ciel\/","title":{"rendered":"Skieurs du ciel"},"content":{"rendered":"<p>Le premier livre sur l\u2019histoire du ski extr\u00eame.<br \/>\nDominique Potard nous entra\u00eene dans un tour du monde des montagnes, des<br \/>\npentes, et des passions les plus br\u00fblantes.<\/p>\n<p>**Le ski extr\u00eame, c\u2019est quand on n\u2019a pas le droit de tomber**<br \/>\nCelui qui a assist\u00e9, suspendu dans la benne de l\u2019Aiguille du Midi, \u00e0 3000<br \/>\nm\u00e8tres<br \/>\nAu-dessus de la vall\u00e9e de Chamonix, au spectacle d\u2019un skieur plongeant<br \/>\ndans la verticale, glissant entre les rochers sous les c\u00e2bles du<br \/>\nt\u00e9l\u00e9ph\u00e9rique\u2026 Celui-l\u00e0, qu\u2019il soit Japonais, Fran\u00e7ais, Anglais ou<br \/>\nItalien comprend ce que \u00ab ski extr\u00eame \u00bb veut dire. On peut l\u2019appeler<br \/>\ncomme on veut \u2013 ski de grande pente, ski de couloirs, ski de pente raide<br \/>\n\u2013 on voit bien que la vie du skieur ne tient qu\u2019\u00e0 une simple faute de<br \/>\ncarre. La vraie d\u00e9finition de cette discipline spectaculaire, ce sont<br \/>\nles Am\u00e9ricains qui l\u2019ont pos\u00e9e : la \u00ab No-fall zone \u00bb.<\/p>\n<p>**Une histoire m\u00e9connue, des caract\u00e8res bien tremp\u00e9s**<br \/>\nTout a commenc\u00e9 en 1928 avec l\u2019apparition des carres. C\u2019est au Tyrol que<br \/>\ndes skieurs se lancent dans des pentes \u00e0 50 \u00b0avec l\u2019id\u00e9e saugrenue<br \/>\nd\u2019accrocher leurs crampons sur leur sac \u00e0 dos pour se freiner en cas de<br \/>\nchute\u2026 Mais l\u2019incursion de ces hurluberlus sur le terrain des alpinistes<br \/>\nest mal per\u00e7ue. Ceux qui transpirent dans les parois ne voient pas<br \/>\npasser d\u2019un bon \u0153il ces skieurs qui filent comme des voleurs dans leurs<br \/>\nvoies. Il faudra attendre 1965, en Oisans, pour que les deux vrais<br \/>\npionniers, Paul Cl\u00e9ment et Andr\u00e9 Giraud, inventent les premi\u00e8res<br \/>\ndescentes dans le couloir Davin et le couloir Barre Noire. Arriv\u00e9s \u00e0<br \/>\nChamonix, trois ans plus tard, ils se feront souffler le couloir Whymper<br \/>\npar Sylvain Saudan qui, du coup, empoche la premi\u00e8re et la paternit\u00e9 de<br \/>\nce nouveau jeu.<br \/>\nLe ski extr\u00eame va pouvoir s\u2019\u00e9lancer sur toutes les grandes parois.<\/p>\n<p>**L\u2019\u00e2ge d\u2019or des ann\u00e9es 70\/80**<br \/>\nApr\u00e8s Patrick Vallen\u00e7ant et Anselme Baud, autres pionniers, viennent les<br \/>\nann\u00e9es Boivin, Giacomini, Chauchefoin, Tardivel et sa descente du Grand<br \/>\nPilier d\u2019Angle ; ou les Italiens comme Stefano Di Benedetti qui skie<br \/>\nl\u2019Innominata, une pente faite plus de rocher que de neige.<\/p>\n<p>**L\u2019\u00e2ge d\u2019irraison**<br \/>\nEn cette fin de si\u00e8cle, Pierre-Andr\u00e9 Rhem, J\u00e9r\u00f4me Ruby, Sam Beaugey et<br \/>\nbien d\u2019autres vont inscrire leur trace l\u00e9g\u00e8re dans le vide vertical.<br \/>\nComme le Slov\u00e8ne Davo Karnicar qui s\u2019offre en 2000 la premi\u00e8re int\u00e9grale<br \/>\nde l\u2019Everest, sommet &#8211; camp de base en 4h30. Sans le savoir, ils<br \/>\ndessinent l\u2019avenir d\u2019un ski nouveau.<\/p>\n<p>**Le ski sauvage des nouvelles g\u00e9n\u00e9rations**<br \/>\nLes jeunes skieurs descendent les pentes raides pour le simple plaisir<br \/>\nd\u2019un ski libre. L\u2019extr\u00eame se conjugue sur tous les modes : ski<br \/>\nalpinisme, free-ride, le jeu est dans l\u2019inspiration du moment et le<br \/>\nrisque dont les seules limites sont la physique : au-del\u00e0 de 70\u00b0, la<br \/>\nneige ne colle plus aux parois. Aujourd\u2019hui, la pratique s\u2019est banalis\u00e9e<br \/>\n\u2014 \u00e0 chaque saison d\u2019hiver, des dizaines de skieurs se lancent dans \u00ab le<br \/>\nMallory \u00bb sous les c\u00e2bles de l\u2019aiguille du Midi.<\/p>\n<p>Les passagers du t\u00e9l\u00e9ph\u00e9rique n\u2019ont pas fini de fr\u00e9mir.<\/p>","protected":false},"excerpt":{"rendered":"<ul>\n<li><a href=\"https:\/\/youtu.be\/m46Jdv6Tujo\" target=\"_blank\" rel=\"noopener\">Video: Skieurs du ciel<\/a><\/li>\n<\/ul>","protected":false},"featured_media":41219,"template":"","meta":[],"product_brand":[],"product_cat":[21542],"product_tag":[],"class_list":{"0":"post-146799","1":"product","2":"type-product","3":"status-publish","4":"has-post-thumbnail","6":"product_cat-sachbuecher-dokumentationen","7":"pa_autor-potard","8":"pa_erscheinungsjahr-21621","9":"pa_region-frankreich","10":"pa_sprache-fr","12":"first","13":"outofstock","14":"taxable","15":"shipping-taxable","16":"purchasable","17":"product-type-simple"},"_links":{"self":[{"href":"https:\/\/pizbube.ch\/en\/wp-json\/wp\/v2\/product\/146799","targetHints":{"allow":["GET"]}}],"collection":[{"href":"https:\/\/pizbube.ch\/en\/wp-json\/wp\/v2\/product"}],"about":[{"href":"https:\/\/pizbube.ch\/en\/wp-json\/wp\/v2\/types\/product"}],"wp:featuredmedia":[{"embeddable":true,"href":"https:\/\/pizbube.ch\/en\/wp-json\/wp\/v2\/media\/41219"}],"wp:attachment":[{"href":"https:\/\/pizbube.ch\/en\/wp-json\/wp\/v2\/media?parent=146799"}],"wp:term":[{"taxonomy":"product_brand","embeddable":true,"href":"https:\/\/pizbube.ch\/en\/wp-json\/wp\/v2\/product_brand?post=146799"},{"taxonomy":"product_cat","embeddable":true,"href":"https:\/\/pizbube.ch\/en\/wp-json\/wp\/v2\/product_cat?post=146799"},{"taxonomy":"product_tag","embeddable":true,"href":"https:\/\/pizbube.ch\/en\/wp-json\/wp\/v2\/product_tag?post=146799"}],"curies":[{"name":"wp","href":"https:\/\/api.w.org\/{rel}","templated":true}]}}