{"id":146800,"date":"2021-01-15T10:54:12","date_gmt":"2021-01-15T10:54:12","guid":{"rendered":"https:\/\/codengine3.ch\/?product=import-placeholder-for-205685"},"modified":"2021-01-15T14:43:08","modified_gmt":"2021-01-15T14:43:08","slug":"die-schoensten-naturparadiese-der-schweiz","status":"publish","type":"product","link":"https:\/\/pizbube.ch\/en\/shop\/die-schoensten-naturparadiese-der-schweiz\/","title":{"rendered":"Die sch\u00f6nsten Naturparadiese der Schweiz"},"content":{"rendered":"<p>Das grosse Wander- und Erlebnisbuch  <\/p>\n<p>Wirklich unversehrte Naturlandschaften sind in der Schweiz selten geworden &#8211;<br \/>\naber es gibt sie. Dieses spektakul\u00e4r bebilderte Werk stellt 25 dieser<br \/>\ngrandiosen Gebiete vor, ausgew\u00e4hlt und beschrieben von Kennern der Materie.<br \/>\nAuf leichten Wanderungen und Spazierg\u00e4ngen lernen wir unber\u00fchrte H\u00f6henz\u00fcge,<br \/>\nentlegene Gebirgst\u00e4ler, Gletscher, Schluchten, Wildb\u00e4che, Moore, Bergseen und<br \/>\nUrw\u00e4lder kennen. Besondere Tier- und Pflanzenarten werden ebenso vorgestellt<br \/>\nund erkl\u00e4rt wie Landschaftsformen und Naturbesonderheiten. Beispielsweise der<br \/>\nSaoseosee in Graub\u00fcnden, der mehrmals t\u00e4glich seine Farbe wechselt, der<br \/>\nVorderrhein, der in seiner Wildheit an den Grand Canyon erinnert, oder die<br \/>\nSteinb\u00f6cke, die sich im S\u00e4ntismassiv besonders gut beobachten lassen. Genaue<br \/>\nKartenausschnitte, Tourenvorschl\u00e4ge und \u00dcbernachtungstipps helfen bei der<br \/>\nPlanung eines Ausflugs zu einigen der sch\u00f6nsten Schweizer Naturlandschaften.  <\/p>\n<p>Die 25 sch\u00f6nsten unber\u00fchrten Naturlandschaften in der Schweiz<br \/>\nZahlreiche Wandervorschl\u00e4ge<br \/>\nFundierte Texte von erstklassigen Kennern<br \/>\nEindruchsvolle gro\u00dfformatige Fotos<\/p>","protected":false},"excerpt":{"rendered":"<ul>\n<li><b>INFO: Vergriffen, keine Neuauflage\/Nachdruck<b><\/li>\n<\/ul>","protected":false},"featured_media":34491,"template":"","meta":[],"product_brand":[],"product_cat":[21542],"product_tag":[],"class_list":{"0":"post-146800","1":"product","2":"type-product","3":"status-publish","4":"has-post-thumbnail","6":"product_cat-sachbuecher-dokumentationen","7":"pa_autor-arnold-gerth","8":"pa_erscheinungsjahr-21693","9":"pa_region-schweiz","10":"pa_sprache-de","12":"first","13":"outofstock","14":"taxable","15":"shipping-taxable","16":"purchasable","17":"product-type-simple"},"_links":{"self":[{"href":"https:\/\/pizbube.ch\/en\/wp-json\/wp\/v2\/product\/146800","targetHints":{"allow":["GET"]}}],"collection":[{"href":"https:\/\/pizbube.ch\/en\/wp-json\/wp\/v2\/product"}],"about":[{"href":"https:\/\/pizbube.ch\/en\/wp-json\/wp\/v2\/types\/product"}],"wp:featuredmedia":[{"embeddable":true,"href":"https:\/\/pizbube.ch\/en\/wp-json\/wp\/v2\/media\/34491"}],"wp:attachment":[{"href":"https:\/\/pizbube.ch\/en\/wp-json\/wp\/v2\/media?parent=146800"}],"wp:term":[{"taxonomy":"product_brand","embeddable":true,"href":"https:\/\/pizbube.ch\/en\/wp-json\/wp\/v2\/product_brand?post=146800"},{"taxonomy":"product_cat","embeddable":true,"href":"https:\/\/pizbube.ch\/en\/wp-json\/wp\/v2\/product_cat?post=146800"},{"taxonomy":"product_tag","embeddable":true,"href":"https:\/\/pizbube.ch\/en\/wp-json\/wp\/v2\/product_tag?post=146800"}],"curies":[{"name":"wp","href":"https:\/\/api.w.org\/{rel}","templated":true}]}}