{"id":146801,"date":"2021-01-15T10:54:12","date_gmt":"2021-01-15T10:54:12","guid":{"rendered":"https:\/\/codengine3.ch\/?product=import-placeholder-for-200110"},"modified":"2021-01-15T10:54:23","modified_gmt":"2021-01-15T10:54:23","slug":"naturerbe-der-schweiz","status":"publish","type":"product","link":"https:\/\/pizbube.ch\/en\/shop\/naturerbe-der-schweiz\/","title":{"rendered":"Naturerbe der Schweiz"},"content":{"rendered":"<p>Die Landschaften und Naturdenkm\u00e4ler von nationaler Bedeutung<\/p>\n<p>Der gro\u00dfe, bibliophile Bildband zum Naturerbe der Schweiz: zum Genie\u00dfen,<br \/>\nStaunen und Schenken.<br \/>\nVon den Weinbergen am Genfersee \u00fcber die Alpen zum Rheinfall: die sch\u00f6nsten<br \/>\nLandschaften der Schweiz.<\/p>\n<p>Die Gebiete des Bundesinventars der Landschaften und Naturdenkm\u00e4ler von<br \/>\nnationaler Bedeutung (BLN): 162 Objekte in Bild und Text.<\/p>\n<p>Alpine Eiswelten und Trockensteppen, weite Moore neben bizarren Karstgebieten,<br \/>\nuralte Rebterrassen, malerische Seen, imposante Schluchten und Wasserf\u00e4lle &#8211;<br \/>\ndie Sch\u00f6nheit der Schweizer Landschaften ist weltber\u00fchmt.<\/p>\n<p>Im Sinne eines \u00abBest of\u00bb vereint das Bundesinventar der Landschaften und<br \/>\nNaturdenkm\u00e4ler von nationaler Bedeutung (BLN) insgesamt 162 au\u00dfergew\u00f6hnliche<br \/>\nGebiete: Gro\u00dflandschaften und bekannte Kleinode wie die Berner Hochalpen oder<br \/>\ndas Hochmoor Chaltenbrunnen, das Lavaux und andere spezielle<br \/>\nKulturlandschaften sowie Naturdenkm\u00e4ler wie der Luzerner Gletschergarten oder<br \/>\ndie Erdpyramiden von Euseigne.<\/p>\n<p>Mit brillanten Fotografien, kurzen Landschaftsbeschreibungen und<br \/>\nKartenausschnitten werden alle 162 BLN-Objekte vorgestellt. Die<br \/>\nLandschaftsportr\u00e4ts f\u00fcgen sich zu einem \u00e4sthetisch ansprechenden und<br \/>\ninformativen Nachschlagewerk, das den faszinierenden Landschaftsreichtum der<br \/>\nSchweiz umfassend dokumentiert und den Wert des Naturerbes der Schweiz vor<br \/>\nAugen f\u00fchrt.<\/p>","protected":false},"excerpt":{"rendered":"<ul>\n<li><a href=\"https:\/\/pizbube.ch\/wp-content\/uploads\/attachments\/a_001\/0B0B66A8D5C92E7C50BC4956E5D62AC3.pdf\" target=\"_blank\" rel=\"noopener\">PDF: Naturerbe der Schweiz_Inhaltsverzeichnis.pdf<\/a><\/li>\n<\/ul>","protected":false},"featured_media":25948,"template":"","meta":[],"product_brand":[],"product_cat":[21542],"product_tag":[],"class_list":{"0":"post-146801","1":"product","2":"type-product","3":"status-publish","4":"has-post-thumbnail","6":"product_cat-sachbuecher-dokumentationen","7":"pa_autor-beutler-gerth","8":"pa_erscheinungsjahr-21597","9":"pa_region-schweiz","10":"pa_sprache-de","12":"first","13":"instock","14":"taxable","15":"shipping-taxable","16":"purchasable","17":"product-type-simple"},"_links":{"self":[{"href":"https:\/\/pizbube.ch\/en\/wp-json\/wp\/v2\/product\/146801","targetHints":{"allow":["GET"]}}],"collection":[{"href":"https:\/\/pizbube.ch\/en\/wp-json\/wp\/v2\/product"}],"about":[{"href":"https:\/\/pizbube.ch\/en\/wp-json\/wp\/v2\/types\/product"}],"wp:featuredmedia":[{"embeddable":true,"href":"https:\/\/pizbube.ch\/en\/wp-json\/wp\/v2\/media\/25948"}],"wp:attachment":[{"href":"https:\/\/pizbube.ch\/en\/wp-json\/wp\/v2\/media?parent=146801"}],"wp:term":[{"taxonomy":"product_brand","embeddable":true,"href":"https:\/\/pizbube.ch\/en\/wp-json\/wp\/v2\/product_brand?post=146801"},{"taxonomy":"product_cat","embeddable":true,"href":"https:\/\/pizbube.ch\/en\/wp-json\/wp\/v2\/product_cat?post=146801"},{"taxonomy":"product_tag","embeddable":true,"href":"https:\/\/pizbube.ch\/en\/wp-json\/wp\/v2\/product_tag?post=146801"}],"curies":[{"name":"wp","href":"https:\/\/api.w.org\/{rel}","templated":true}]}}