{"id":146802,"date":"2021-01-15T10:54:12","date_gmt":"2021-01-15T10:54:12","guid":{"rendered":"https:\/\/codengine3.ch\/?product=import-placeholder-for-200661"},"modified":"2021-01-15T10:59:41","modified_gmt":"2021-01-15T10:59:41","slug":"naturparadiese-schweiz","status":"publish","type":"product","link":"https:\/\/pizbube.ch\/en\/shop\/naturparadiese-schweiz\/","title":{"rendered":"Naturparadiese Schweiz"},"content":{"rendered":"<p>40 Tagestouren zu unber\u00fchrten Landschaften und Naturdenkm\u00e4lern<\/p>\n<p>Je st\u00e4rker die Verst\u00e4dterung mancher Teile der Schweiz fortschreitet, desto<br \/>\ngr\u00f6sser wird die Sehnsucht nach Natur, Gr\u00fcnfl\u00e4chen, Wildnis. Dieses Buch<br \/>\nstellt 40 Tagestouren durch urt\u00fcmlich gebliebene Landschaften der Schweiz vor.<br \/>\nDie Auswahl umfasst einsame Hochalpent\u00e4ler, den Nationalpark, idyllische<br \/>\nBergseen, Auenw\u00e4lder, Riedlandschaften, Hochmoore, Weiden und Schluchten des<br \/>\nJuras, dschungelartige Tessiner W\u00e4lder.<\/p>\n<p>Die Routen nehmen R\u00fccksicht auf trittempfindliche Biotope. Wer diese \u00abletzten<br \/>\nParadiese\u00bb zu Fuss besucht, soll dies mit gutem Gewissen tun d\u00fcrfen.<br \/>\n1. Auflage 2017; 312 Seiten, 14,3 x 21,4 cm, gebunden, Softcover; Mit 160<br \/>\nAbbildungen<\/p>","protected":false},"excerpt":{"rendered":"<p>40 Tagestouren zu unber\u00fchrten Landschaften und Naturdenkm\u00e4lern Je st\u00e4rker die Verst\u00e4dterung mancher Teile der Schweiz fortschreitet, desto gr\u00f6sser wird die Sehnsucht nach Natur, Gr\u00fcnfl\u00e4chen, Wildnis. Dieses Buch stellt 40 Tagestouren durch urt\u00fcmlich gebliebene Landschaften der Schweiz vor. Die Auswahl umfasst einsame Hochalpent\u00e4ler, den Nationalpark, idyllische Bergseen, Auenw\u00e4lder, Riedlandschaften, Hochmoore, Weiden und Schluchten des Juras, dschungelartige [&#8230;]\n","protected":false},"featured_media":27537,"template":"","meta":[],"product_brand":[],"product_cat":[21605],"product_tag":[],"class_list":{"0":"post-146802","1":"product","2":"type-product","3":"status-publish","4":"has-post-thumbnail","6":"product_cat-wanderfuehrer-trekking","7":"pa_autor-auf-der-maur","8":"pa_erscheinungsjahr-21574","9":"pa_region-schweiz","10":"pa_sprache-de","12":"first","13":"instock","14":"taxable","15":"shipping-taxable","16":"purchasable","17":"product-type-simple"},"_links":{"self":[{"href":"https:\/\/pizbube.ch\/en\/wp-json\/wp\/v2\/product\/146802","targetHints":{"allow":["GET"]}}],"collection":[{"href":"https:\/\/pizbube.ch\/en\/wp-json\/wp\/v2\/product"}],"about":[{"href":"https:\/\/pizbube.ch\/en\/wp-json\/wp\/v2\/types\/product"}],"wp:featuredmedia":[{"embeddable":true,"href":"https:\/\/pizbube.ch\/en\/wp-json\/wp\/v2\/media\/27537"}],"wp:attachment":[{"href":"https:\/\/pizbube.ch\/en\/wp-json\/wp\/v2\/media?parent=146802"}],"wp:term":[{"taxonomy":"product_brand","embeddable":true,"href":"https:\/\/pizbube.ch\/en\/wp-json\/wp\/v2\/product_brand?post=146802"},{"taxonomy":"product_cat","embeddable":true,"href":"https:\/\/pizbube.ch\/en\/wp-json\/wp\/v2\/product_cat?post=146802"},{"taxonomy":"product_tag","embeddable":true,"href":"https:\/\/pizbube.ch\/en\/wp-json\/wp\/v2\/product_tag?post=146802"}],"curies":[{"name":"wp","href":"https:\/\/api.w.org\/{rel}","templated":true}]}}