{"id":146803,"date":"2021-01-15T10:54:12","date_gmt":"2021-01-15T10:54:12","guid":{"rendered":"https:\/\/codengine3.ch\/?product=import-placeholder-for-206689"},"modified":"2021-01-15T14:50:50","modified_gmt":"2021-01-15T14:50:50","slug":"urlandschaften-der-schweiz","status":"publish","type":"product","link":"https:\/\/pizbube.ch\/en\/shop\/urlandschaften-der-schweiz\/","title":{"rendered":"Urlandschaften der Schweiz"},"content":{"rendered":"<p>Die sch\u00f6nsten Wanderungen durch wilde Bergwelten<\/p>\n<p>Wandern, Trekking oder Bergsteigen in den Schweizer Alpen &#8211; dieses Buch ist<br \/>\ndaf\u00fcr der perfekte Begleiter. Der Wanderf\u00fchrer begleitet sie durch die<br \/>\nurt\u00fcmlichsten Gebiete in den Schweizer Bergen. Wandern Sie durch zwanzig<br \/>\nunber\u00fchrte und wilde Landschaften, die in diesem Buch mit atemberaubenden<br \/>\nFotos in Szene gesetzt sind &#8211; alte W\u00e4lder, einsame Bergseen, m\u00e4chtigen<br \/>\nGletscher und Berge mit imposanter Rundsicht.<\/p>\n<p>Im Buch beleuchten informative Texte Natur, \u00d6kologie sowie Tier- und<br \/>\nPflanzenwelt, die Sie beim Wandern entdecken k\u00f6nnen. Ausgesuchte Vorschl\u00e4ge<br \/>\nf\u00fcr Wander- oder Trekking-Touren, von denen sich viele auch f\u00fcr Familien mit<br \/>\nKindern eignen, inspirieren zum Erkunden der im Buch beschriebenen Regionen<br \/>\nder Schweizer Alpen. Ein Wanderf\u00fchrer f\u00fcr alle, die die unverf\u00e4lschte<br \/>\nBergnatur lieben und erleben wollen: um Tiere und Pflanzen zu beobachten, f\u00fcr<br \/>\nTrekking, zum Bergsteigen oder zum Wandern.<\/p>","protected":false},"excerpt":{"rendered":"<p>Die sch\u00f6nsten Wanderungen durch wilde Bergwelten Wandern, Trekking oder Bergsteigen in den Schweizer Alpen &#8211; dieses Buch ist daf\u00fcr der perfekte Begleiter. Der Wanderf\u00fchrer begleitet sie durch die urt\u00fcmlichsten Gebiete in den Schweizer Bergen. Wandern Sie durch zwanzig unber\u00fchrte und wilde Landschaften, die in diesem Buch mit atemberaubenden Fotos in Szene gesetzt sind &#8211; alte [&#8230;]\n","protected":false},"featured_media":35855,"template":"","meta":[],"product_brand":[],"product_cat":[21605],"product_tag":[],"class_list":{"0":"post-146803","1":"product","2":"type-product","3":"status-publish","4":"has-post-thumbnail","6":"product_cat-wanderfuehrer-trekking","7":"pa_autor-staffelbach","8":"pa_erscheinungsjahr-21574","9":"pa_region-schweiz","10":"pa_sprache-de","12":"first","13":"instock","14":"taxable","15":"shipping-taxable","16":"purchasable","17":"product-type-simple"},"_links":{"self":[{"href":"https:\/\/pizbube.ch\/en\/wp-json\/wp\/v2\/product\/146803","targetHints":{"allow":["GET"]}}],"collection":[{"href":"https:\/\/pizbube.ch\/en\/wp-json\/wp\/v2\/product"}],"about":[{"href":"https:\/\/pizbube.ch\/en\/wp-json\/wp\/v2\/types\/product"}],"wp:featuredmedia":[{"embeddable":true,"href":"https:\/\/pizbube.ch\/en\/wp-json\/wp\/v2\/media\/35855"}],"wp:attachment":[{"href":"https:\/\/pizbube.ch\/en\/wp-json\/wp\/v2\/media?parent=146803"}],"wp:term":[{"taxonomy":"product_brand","embeddable":true,"href":"https:\/\/pizbube.ch\/en\/wp-json\/wp\/v2\/product_brand?post=146803"},{"taxonomy":"product_cat","embeddable":true,"href":"https:\/\/pizbube.ch\/en\/wp-json\/wp\/v2\/product_cat?post=146803"},{"taxonomy":"product_tag","embeddable":true,"href":"https:\/\/pizbube.ch\/en\/wp-json\/wp\/v2\/product_tag?post=146803"}],"curies":[{"name":"wp","href":"https:\/\/api.w.org\/{rel}","templated":true}]}}