{"id":146805,"date":"2021-01-15T10:54:12","date_gmt":"2021-01-15T10:54:12","guid":{"rendered":"https:\/\/codengine3.ch\/?product=import-placeholder-for-201203"},"modified":"2022-11-17T11:27:05","modified_gmt":"2022-11-17T10:27:05","slug":"lost-in-the-alps-wanderungen-durch-atemberaubende-schweizer-bergwelten","status":"publish","type":"product","link":"https:\/\/pizbube.ch\/en\/shop\/lost-in-the-alps-wanderungen-durch-atemberaubende-schweizer-bergwelten\/","title":{"rendered":"Lost in the Alps &#8211; Wanderungen durch atemberaubende Schweizer Bergwelten"},"content":{"rendered":"<p>Das Berg- und Wanderbuch der Instagram-Generation.<br \/>\nMit den besten Fotospots und Tipps zum Fotografieren.<br \/>\n66 Wanderungen mit \u00dcbernachtungsm\u00f6glichkeiten und Karten.<\/p>\n<p>Atemberaubende Bilder, unglaubliche Aussichten, ph\u00e4nomenale Orte &#8211; das<br \/>\nerwartet uns in diesem Buch. Das Autorenkollektiv \u00abThe Alpinists\u00bb, bekannt<br \/>\ndurch spektakul\u00e4re Fotos auf Instagram, inspiriert dazu, in traumhafte<br \/>\nBergwelten einzutauchen. Das Buch ist nicht nur ein Schau- und Lesegenuss,<br \/>\nsondern regt auch zu eigenen Unternehmungen an. Karten,<br \/>\nBackgroundinformationen und Tipps rund ums Wandern erg\u00e4nzen die fantastischen<br \/>\nBilder. Jedes Mitglied pr\u00e4sentiert sich selbst, einige seiner<br \/>\nLieblingswanderungen und Geschichten dazu. Die Fotografen geben Tipps zum<br \/>\nFotografieren und Finden der besten Fotospots. Dabei ist auch der<br \/>\numweltfreundliche und nachhaltige Umgang mit der Bergwelt ein Thema.<\/p>\n<p>The Alpinists ist ein Kollektiv von elf jungen Freunden, die ihre Leidenschaft<br \/>\nf\u00fcr Natur und Abenteuer verbindet. Ob Student oder Freiberufler, jedes<br \/>\nMitglied der Gruppe verbringt viel Zeit damit, durch den Sucher seiner Kamera<br \/>\nzu blicken und nach dem einen, dem ultimativen Bild zu suchen. Die Kombination<br \/>\nvon Bergbegeisterung und fotografischem Ehrgeiz f\u00fchrt zu atemberaubenden<br \/>\nMomenten, die The Alpinists in diesem Buch mit allen Interessierten teilen<br \/>\nwollen.<\/p>\n<p>The Alpinists stellen ihre Lieblingswanderungen in den Schweizer Bergen vor<br \/>\nund vermitteln das Wissen, das es braucht, um sie in Angriff zu nehmen, wie<br \/>\nZeitangaben, Informationen zu Distanzen, H\u00f6henunterschieden und den besten<br \/>\nFotospots.<br \/>\nJede Wanderung wurde mit einem Schwierigkeitsgrad bewertet, je nach L\u00e4nge der<br \/>\nWanderung, der zu absolvierenden H\u00f6henmeter, der Breite und Begehbarkeit des<br \/>\nWeges, aber auch danach, wie anspruchsvoll die Wanderungen sind und welche<br \/>\nErfahrung man daf\u00fcr mitbringen sollte.<\/p>\n<p>Die \u00dcbersichtskarten enthalten vor allem Informationen zu<br \/>\n\u00dcbernachtungsm\u00f6glichkeiten und guten Fotospots. Kamera-Icons markieren jeweils<br \/>\neine gute Gelegenheit f\u00fcr ein Bild und auch die Stellen, wo die Bilder der<br \/>\nAutoren entstanden sind. Diese Angaben helfen, tolle Bilder von Highlights auf<br \/>\nden Wanderungen zu machen. QR-Codes f\u00fchren zu detaillierten Wanderkarten.<\/p>\n<p>The Alpinists nehmen uns mit auf abwechslungsreiche Wanderungen mit imposanten<br \/>\nAussichten auf Berge, Seen und T\u00e4ler. Zum Beispiel vom Pfannenstiel auf den<br \/>\nMutschen und hinunter nach Wildhaus, zur Sidelenh\u00fctte, von der man einen<br \/>\nsch\u00f6nen Blick auf die bizarren Granitt\u00fcrme der wohl ber\u00fchmtesten Kamele der<br \/>\nWelt, auf den massiven Galenstock und auf die Bielenh\u00f6rner hat, zur Cabane du<br \/>\nMountet, zum Nufenenstock, zum Limmerensee oder zur SAC-H\u00fctte Corno-Gries mit<br \/>\nihrer unverwechselbaren Architektur.<\/p>\n<p>Wanderschuhe schn\u00fcren &#8211; Kamera einpacken &#8211; fertig &#8211; los!<\/p>\n<p><span class=\"book_info\">6. Auflage, 2022<br \/>\nEinband: Gebunden<br \/>\nUmfang: 312 Seiten<br \/>\nGewicht: 1540 g<br \/>\nFormat: 21 cm x 28 cm<\/span><\/p>","protected":false},"excerpt":{"rendered":"<p><strong><a href=\"https:\/\/pizbube.ch\/wp-content\/uploads\/2021\/01\/lESEPROBE_LOST_IN_THE_ALPS.pdf\" target=\"_blank\" rel=\"noopener\">Leseprobe_Lost_in_the_Alps<\/a><\/strong><\/p>","protected":false},"featured_media":158980,"template":"","meta":[],"product_brand":[],"product_cat":[21542],"product_tag":[],"class_list":{"0":"post-146805","1":"product","2":"type-product","3":"status-publish","4":"has-post-thumbnail","6":"product_cat-sachbuecher-dokumentationen","7":"pa_autor-the-alpinists-kollektiv","8":"pa_erscheinungsjahr-27013","9":"pa_region-schweiz","10":"pa_sprache-de","12":"first","13":"instock","14":"taxable","15":"shipping-taxable","16":"purchasable","17":"product-type-simple"},"_links":{"self":[{"href":"https:\/\/pizbube.ch\/en\/wp-json\/wp\/v2\/product\/146805","targetHints":{"allow":["GET"]}}],"collection":[{"href":"https:\/\/pizbube.ch\/en\/wp-json\/wp\/v2\/product"}],"about":[{"href":"https:\/\/pizbube.ch\/en\/wp-json\/wp\/v2\/types\/product"}],"wp:featuredmedia":[{"embeddable":true,"href":"https:\/\/pizbube.ch\/en\/wp-json\/wp\/v2\/media\/158980"}],"wp:attachment":[{"href":"https:\/\/pizbube.ch\/en\/wp-json\/wp\/v2\/media?parent=146805"}],"wp:term":[{"taxonomy":"product_brand","embeddable":true,"href":"https:\/\/pizbube.ch\/en\/wp-json\/wp\/v2\/product_brand?post=146805"},{"taxonomy":"product_cat","embeddable":true,"href":"https:\/\/pizbube.ch\/en\/wp-json\/wp\/v2\/product_cat?post=146805"},{"taxonomy":"product_tag","embeddable":true,"href":"https:\/\/pizbube.ch\/en\/wp-json\/wp\/v2\/product_tag?post=146805"}],"curies":[{"name":"wp","href":"https:\/\/api.w.org\/{rel}","templated":true}]}}