{"id":146808,"date":"2021-01-15T10:54:18","date_gmt":"2021-01-15T10:54:18","guid":{"rendered":"https:\/\/codengine3.ch\/?product=import-placeholder-for-200660"},"modified":"2021-01-15T10:59:41","modified_gmt":"2021-01-15T10:59:41","slug":"die-sechs-grossen-nordwaende-der-alpen-dvd","status":"publish","type":"product","link":"https:\/\/pizbube.ch\/en\/shop\/die-sechs-grossen-nordwaende-der-alpen-dvd\/","title":{"rendered":"Die sechs grossen Nordw\u00e4nde der Alpen (DVD)"},"content":{"rendered":"<p>Eiger, Grandes Jorasses, Piz Badile, Grosser Zinne, Aiguille Du Dru,<br \/>\nMatterhorn.<\/p>\n<p>D\u00fcster, kalt, abweisend, steil: Nordw\u00e4nde sind der Inbegriff des extremen<br \/>\nBergsteigens. Ganz besonders gilt dies f\u00fcr die Nordw\u00e4nde von Eiger,<br \/>\nMatterhorn, Grandes Jorasses, Piz Badile, Gro\u00dfer Zinne und Aiguille du Dru &#8211;<br \/>\nsie verk\u00f6rperten im 20. Jahrhundert jene Ziele, die ein Bergsteiger gemacht<br \/>\nhaben musste, um zur Elite zu z\u00e4hlen. Doch diese W\u00e4nde sind bis heute<br \/>\nSpielwiesen der Extremen geblieben.<\/p>\n<p>Sechs Dokumentationen zeigen die gro\u00dfen Nordw\u00e4nde der Alpen aus neuer und<br \/>\n\u00fcberraschender Perspektive. Weltbekannte Spitzenbergsteiger wie Robert Jasper,<br \/>\nUeli Steck, Hansj\u00f6rg Auer, Alexander Huber und Steve House demonstrieren mit<br \/>\nErst- und Alleinbegehungen Kletterkunst auf h\u00f6chstem Niveau. Spektakul\u00e4re<br \/>\nBilder aus den W\u00e4nden und atemberaubende Helikopter-Cineflex-Aufnahmen lassen<br \/>\nden Zuschauer hautnah am Geschehen teilnehmen.<\/p>\n<p>Mit zum Teil nie zuvor gezeigtem Archivmaterial und nachgedrehten Szenen (Re-<br \/>\nenactments) werden die dramatischen Geschichten von Triumphen und Trag\u00f6dien<br \/>\ndieser sechs gro\u00dfen Nordw\u00e4nde erz\u00e4hlt. Die Ereignisse werden durch Interviews<br \/>\nmit Bergsteigerlegenden wie Reinhold Messner, Walter Bonatti, Mark Twight,<br \/>\nKurt Diemberger und Sir Chris Bonington wieder lebendig. Moderne und Historie<br \/>\nverschmelzen zu Portr\u00e4ts spektakul\u00e4rer Berglandschaften und Menschen in<br \/>\nExtremsituationen.<\/p>\n<p>Folge 1: Minus 30 &#8211; Herausforderung Eigernordwand-Winterdirettissima<br \/>\nFolge 2: Einsame Spitze &#8211; Alleing\u00e4nger am Matterhorn<br \/>\nFolge 3: Durch den Tod zum Leben &#8211; Grandes Jorasses-Nordwand<br \/>\nFolge 4: Licht und Schatten: Eine Hommage an Hermann Buhl &#8211; Piz Badile-<br \/>\nNordostwand<br \/>\nFolge 5: Grenzen der Felskletterei &#8211; Gro\u00dfe-Zinne-Nordwand &#038; Drei Zinnen<br \/>\nFolge 6: Der wandelnde Berg &#8211; Dru-Nordwand<\/p>\n<p>Laufzeit (6 x 30 Min.) 300 Min. ; 2 DVD&#8217;s<\/p>","protected":false},"excerpt":{"rendered":"<p>Eiger, Grandes Jorasses, Piz Badile, Grosser Zinne, Aiguille Du Dru, Matterhorn. D\u00fcster, kalt, abweisend, steil: Nordw\u00e4nde sind der Inbegriff des extremen Bergsteigens. Ganz besonders gilt dies f\u00fcr die Nordw\u00e4nde von Eiger, Matterhorn, Grandes Jorasses, Piz Badile, Gro\u00dfer Zinne und Aiguille du Dru &#8211; sie verk\u00f6rperten im 20. Jahrhundert jene Ziele, die ein Bergsteiger gemacht haben [&#8230;]\n","protected":false},"featured_media":27532,"template":"","meta":[],"product_brand":[],"product_cat":[21628],"product_tag":[],"class_list":{"0":"post-146808","1":"product","2":"type-product","3":"status-publish","4":"has-post-thumbnail","6":"product_cat-video-dvd-multimedia","7":"pa_erscheinungsjahr-21550","8":"pa_region-schweiz","9":"pa_sprache-de","11":"first","12":"outofstock","13":"taxable","14":"shipping-taxable","15":"purchasable","16":"product-type-simple"},"_links":{"self":[{"href":"https:\/\/pizbube.ch\/en\/wp-json\/wp\/v2\/product\/146808","targetHints":{"allow":["GET"]}}],"collection":[{"href":"https:\/\/pizbube.ch\/en\/wp-json\/wp\/v2\/product"}],"about":[{"href":"https:\/\/pizbube.ch\/en\/wp-json\/wp\/v2\/types\/product"}],"wp:featuredmedia":[{"embeddable":true,"href":"https:\/\/pizbube.ch\/en\/wp-json\/wp\/v2\/media\/27532"}],"wp:attachment":[{"href":"https:\/\/pizbube.ch\/en\/wp-json\/wp\/v2\/media?parent=146808"}],"wp:term":[{"taxonomy":"product_brand","embeddable":true,"href":"https:\/\/pizbube.ch\/en\/wp-json\/wp\/v2\/product_brand?post=146808"},{"taxonomy":"product_cat","embeddable":true,"href":"https:\/\/pizbube.ch\/en\/wp-json\/wp\/v2\/product_cat?post=146808"},{"taxonomy":"product_tag","embeddable":true,"href":"https:\/\/pizbube.ch\/en\/wp-json\/wp\/v2\/product_tag?post=146808"}],"curies":[{"name":"wp","href":"https:\/\/api.w.org\/{rel}","templated":true}]}}