{"id":146810,"date":"2021-01-15T10:54:18","date_gmt":"2021-01-15T10:54:18","guid":{"rendered":"https:\/\/codengine3.ch\/?product=import-placeholder-for-203791"},"modified":"2021-01-15T14:26:36","modified_gmt":"2021-01-15T14:26:36","slug":"48-stunden-matterhorn-dvd","status":"publish","type":"product","link":"https:\/\/pizbube.ch\/en\/shop\/48-stunden-matterhorn-dvd\/","title":{"rendered":"48 Stunden Matterhorn DVD"},"content":{"rendered":"<p>Am Wochenende des 1. August 2004 herrscht Hochbetrieb am Matterhorn: 100<br \/>\nPersonen warten in der H\u00f6rnlih\u00fctte auf 3`260 Metern, um am n\u00e4chsten Tag das<br \/>\nMatterhorn zu besteigen. In Zermatt stehen die Japaner um 5.30 Uhr bereit, um<br \/>\nden ersten Sonnenstrahl, der die Spitze des Matterhorns ber\u00fchrt, zu<br \/>\nfotografieren. Und die Retter im Tal sind alarmiert. Was steckt hinter der<br \/>\nFaszination des Matterhorns? Der Film zeigt, wieviel Rummel sich an einem<br \/>\nWochenende in der Hochsaison am Matterhorn und in Zermatt zeitgleich abspielt.<br \/>\nEr zeigt, wie das Matterhorn von Bergsteigern oft massiv untersch\u00e4tzt und von<br \/>\nden Zermatter Bergf\u00fchrern mit Respekt behandelt wird. Leben und Tod liegen<br \/>\nnahe beieinander. Genau so wie der wirtschaftliche Aspekt eng mit dem Horu,<br \/>\nwie die Zermatter ihr Matterhorn liebevoll nennen, verbunden ist. Klar ist:<br \/>\nOhne das Matterhorn w\u00e4re Zermatt nicht was es heute ist; ein weltber\u00fchmter<br \/>\nalpiner Kurort. DVD, 134 Min.  <\/p>","protected":false},"excerpt":{"rendered":"<p>Am Wochenende des 1. August 2004 herrscht Hochbetrieb am Matterhorn: 100 Personen warten in der H\u00f6rnlih\u00fctte auf 3`260 Metern, um am n\u00e4chsten Tag das Matterhorn zu besteigen. In Zermatt stehen die Japaner um 5.30 Uhr bereit, um den ersten Sonnenstrahl, der die Spitze des Matterhorns ber\u00fchrt, zu fotografieren. Und die Retter im Tal sind alarmiert. [&#8230;]\n","protected":false},"featured_media":31475,"template":"","meta":[],"product_brand":[],"product_cat":[21628],"product_tag":[],"class_list":{"0":"post-146810","1":"product","2":"type-product","3":"status-publish","4":"has-post-thumbnail","6":"product_cat-video-dvd-multimedia","7":"pa_autor-senn","8":"pa_erscheinungsjahr-21920","9":"pa_region-schweiz","10":"pa_sprache-de","12":"first","13":"instock","14":"taxable","15":"shipping-taxable","16":"purchasable","17":"product-type-simple"},"_links":{"self":[{"href":"https:\/\/pizbube.ch\/en\/wp-json\/wp\/v2\/product\/146810","targetHints":{"allow":["GET"]}}],"collection":[{"href":"https:\/\/pizbube.ch\/en\/wp-json\/wp\/v2\/product"}],"about":[{"href":"https:\/\/pizbube.ch\/en\/wp-json\/wp\/v2\/types\/product"}],"wp:featuredmedia":[{"embeddable":true,"href":"https:\/\/pizbube.ch\/en\/wp-json\/wp\/v2\/media\/31475"}],"wp:attachment":[{"href":"https:\/\/pizbube.ch\/en\/wp-json\/wp\/v2\/media?parent=146810"}],"wp:term":[{"taxonomy":"product_brand","embeddable":true,"href":"https:\/\/pizbube.ch\/en\/wp-json\/wp\/v2\/product_brand?post=146810"},{"taxonomy":"product_cat","embeddable":true,"href":"https:\/\/pizbube.ch\/en\/wp-json\/wp\/v2\/product_cat?post=146810"},{"taxonomy":"product_tag","embeddable":true,"href":"https:\/\/pizbube.ch\/en\/wp-json\/wp\/v2\/product_tag?post=146810"}],"curies":[{"name":"wp","href":"https:\/\/api.w.org\/{rel}","templated":true}]}}