{"id":146813,"date":"2021-01-15T10:54:18","date_gmt":"2021-01-15T10:54:18","guid":{"rendered":"https:\/\/codengine3.ch\/?product=import-placeholder-for-207753"},"modified":"2023-12-16T11:25:19","modified_gmt":"2023-12-16T10:25:19","slug":"matterhorn-berg-der-berge","status":"publish","type":"product","link":"https:\/\/pizbube.ch\/en\/shop\/matterhorn-berg-der-berge\/","title":{"rendered":"Matterhorn &#8211; Berg der Berge"},"content":{"rendered":"<p>Matterhorn: Wahrzeichen von Zermatt und Cervinia, Symbol der Schweiz und<br \/>\nItaliens, Traumberg der Alpinisten und Touristen. Das grosse Buch zum gr\u00f6ssten<br \/>\nBerg. 336 Seiten voller Geschichte und Geschichten, voller Facts und Figures,<br \/>\nvoller Fotos, Gem\u00e4lde und Reklamen. Alles, was Sie wissen m\u00f6chten zum<br \/>\nberu\u0308hmtesten Berg der Welt. Und noch viel mehr.<\/p>\n<p>Vor 150 Jahren standen sieben M\u00e4nner zuoberst auf dem umworbenen Matterhorn:<br \/>\ndie Briten Edward Whymper, Francis Douglas, Douglas Robert Hadow und Charles<br \/>\nHudson sowie die Bergf\u00fchrer Michel-Auguste Croz aus Chamonix, Peter Taugwalder<br \/>\nVater und Sohn aus Zermatt.<\/p>\n<p>\u00dcber den br\u00fcchigen H\u00f6rnligrat waren sie von Zermatt aus aufgestiegen,<br \/>\nstundenlang hoffend, dass die Besteigung dieses gewaltigen Obelisken auf dem<br \/>\nschweizerisch-italienischen Grenzkamm gelingen m\u00f6ge. Buchst\u00e4blich das<br \/>\nNachsehen hatte an diesem besonderen 14. Juli der Italiener Jean-Antoine<br \/>\nCarrel, einst F\u00fchrer und Seilgef\u00e4hrte von Whymper: Er sah seinen Rivalen auf<br \/>\ndem Gipfel des Matterhorns (4478 m) stehen. Aber drei Tage sp\u00e4ter erreichte<br \/>\nauch er, zusammen mit Jean-Baptiste Bich, von Breuil aus \u00fcber den Liongrat den<br \/>\nCervino. Da war die Katastrophe schon passiert, die den Berg schlagartig<br \/>\nweltbekannt machte. Hadow, der seinen ersten Bergsommer mit dem Matterhorn<br \/>\nkr\u00f6nen wollte, rutschte beim Abstieg aus, fiel auf Croz und verwandelte so den<br \/>\nTriumph schlagartig in eine Trag\u00f6die. Zum Gl\u00fcck aber war zwischen Taugwalder<br \/>\nVater und Douglas ein schwaches Seil eingebunden, sonst w\u00e4ren wohl alle sieben<br \/>\nErstbesteiger des Matterhorns abgest\u00fcrzt. Nachmittags um drei Uhr: der<br \/>\nfolgenreichste Augenblick in der Geschichte des Matterhorns \u2013 und des<br \/>\nAlpinismus \u00fcberhaupt.<\/p>\n<p>Der erste Abstieg vom Matterhorn mit vier Toten sorgte f\u00fcr viel mehr<br \/>\nSchlagzeilen als der erste Aufstieg. Die Londoner \u00abTimes\u00bb stellte die Frage:<br \/>\n\u00abIst Bergsteigen nicht kriminell?\u00bb Den Hoteliers konnte die Frage nur recht<br \/>\nsein, denn nun kamen die Touristen, um diesen Schicksalsberg aus der N\u00e4he zu<br \/>\nsehen. Zermatt und Breuil Cervinia wurden zu sehr bekannten<br \/>\nFremdenverkehrsorten der Schweiz bzw. Italiens. Der Gipfel selbst wird heute<br \/>\nw\u00e4hrend einer Sommersaison von 1000 bis 1500 Menschen erklommen. Zugleich<br \/>\nerfuhr das Matterhorn eine weltweite Vermarktung: Es ist zum Werbetr\u00e4ger f\u00fcr<br \/>\nalles M\u00f6gliche und Unm\u00f6gliche aufgestiegen.<\/p>","protected":false},"excerpt":{"rendered":"<p>Matterhorn: Wahrzeichen von Zermatt und Cervinia, Symbol der Schweiz und Italiens, Traumberg der Alpinisten und Touristen. Das grosse Buch zum gr\u00f6ssten Berg. 336 Seiten voller Geschichte und Geschichten, voller Facts und Figures, voller Fotos, Gem\u00e4lde und Reklamen. Alles, was Sie wissen m\u00f6chten zum beru\u0308hmtesten Berg der Welt. Und noch viel mehr. Vor 150 Jahren standen [&#8230;]\n","protected":false},"featured_media":157163,"template":"","meta":[],"product_brand":[],"product_cat":[21542],"product_tag":[],"class_list":{"0":"post-146813","1":"product","2":"type-product","3":"status-publish","4":"has-post-thumbnail","6":"product_cat-sachbuecher-dokumentationen","7":"pa_autor-anker-boesch","8":"pa_erscheinungsjahr-21597","9":"pa_region-schweiz","10":"pa_sprache-de","12":"first","13":"outofstock","14":"taxable","15":"shipping-taxable","16":"purchasable","17":"product-type-simple"},"_links":{"self":[{"href":"https:\/\/pizbube.ch\/en\/wp-json\/wp\/v2\/product\/146813","targetHints":{"allow":["GET"]}}],"collection":[{"href":"https:\/\/pizbube.ch\/en\/wp-json\/wp\/v2\/product"}],"about":[{"href":"https:\/\/pizbube.ch\/en\/wp-json\/wp\/v2\/types\/product"}],"wp:featuredmedia":[{"embeddable":true,"href":"https:\/\/pizbube.ch\/en\/wp-json\/wp\/v2\/media\/157163"}],"wp:attachment":[{"href":"https:\/\/pizbube.ch\/en\/wp-json\/wp\/v2\/media?parent=146813"}],"wp:term":[{"taxonomy":"product_brand","embeddable":true,"href":"https:\/\/pizbube.ch\/en\/wp-json\/wp\/v2\/product_brand?post=146813"},{"taxonomy":"product_cat","embeddable":true,"href":"https:\/\/pizbube.ch\/en\/wp-json\/wp\/v2\/product_cat?post=146813"},{"taxonomy":"product_tag","embeddable":true,"href":"https:\/\/pizbube.ch\/en\/wp-json\/wp\/v2\/product_tag?post=146813"}],"curies":[{"name":"wp","href":"https:\/\/api.w.org\/{rel}","templated":true}]}}