{"id":146814,"date":"2021-01-15T10:54:18","date_gmt":"2021-01-15T10:54:18","guid":{"rendered":"https:\/\/codengine3.ch\/?product=import-placeholder-for-207709"},"modified":"2024-11-23T12:29:12","modified_gmt":"2024-11-23T11:29:12","slug":"focus-matterhorn","status":"publish","type":"product","link":"https:\/\/pizbube.ch\/en\/shop\/focus-matterhorn\/","title":{"rendered":"Focus Matterhorn"},"content":{"rendered":"<p>Zermatter Geschichte und Geschichten<\/p>\n<p>Geschichten \u00fcber seine Heimat Zermatt faszinierten K\u00f6bi Julen, den Initianten dieses Buches, schon seit seiner Kindheit. W\u00e4hrend vielen Gespr\u00e4chen sammelte er Begebenheiten und Berichte von einheimischen Berglern und zahlreiche Aufzeichnungen von Wissenschaftlern \u00fcber sein Dorf. Tauchen Sie ein in 10000 Jahre Zermatt und erfahren viel Wissenswertes, Interessantes und Am\u00fcsantes \u00fcber die weltbekannte Destination am Fusse des Matterhorns.<\/p>\n<p>110 Geschichten \u00fcber Arch\u00e4ologie, Handelswege, die Beziehung zur Kirche, den Kampf mit Naturgewalten, \u00fcber Bahnen und Gewerbe, legend\u00e4re und junge Bergf\u00fchrer und das allgemeine Dorfleben.<\/p>\n<p>232 Seiten<\/p>","protected":false},"excerpt":{"rendered":"<p>Zermatter Geschichte und Geschichten Geschichten \u00fcber seine Heimat Zermatt faszinierten K\u00f6bi Julen, den Initianten dieses Buches, schon seit seiner Kindheit. W\u00e4hrend vielen Gespr\u00e4chen sammelte er Begebenheiten und Berichte von einheimischen Berglern und zahlreiche Aufzeichnungen von Wissenschaftlern \u00fcber sein Dorf. Tauchen Sie ein in 10000 Jahre Zermatt und erfahren viel Wissenswertes, Interessantes und Am\u00fcsantes \u00fcber die [&#8230;]\n","protected":false},"featured_media":177328,"template":"","meta":[],"product_brand":[],"product_cat":[21542],"product_tag":[],"class_list":{"0":"post-146814","1":"product","2":"type-product","3":"status-publish","4":"has-post-thumbnail","6":"product_cat-sachbuecher-dokumentationen","7":"pa_autor-julen","8":"pa_erscheinungsjahr-21597","9":"pa_region-schweiz","10":"pa_sprache-de","12":"first","13":"instock","14":"taxable","15":"shipping-taxable","16":"purchasable","17":"product-type-simple"},"_links":{"self":[{"href":"https:\/\/pizbube.ch\/en\/wp-json\/wp\/v2\/product\/146814","targetHints":{"allow":["GET"]}}],"collection":[{"href":"https:\/\/pizbube.ch\/en\/wp-json\/wp\/v2\/product"}],"about":[{"href":"https:\/\/pizbube.ch\/en\/wp-json\/wp\/v2\/types\/product"}],"wp:featuredmedia":[{"embeddable":true,"href":"https:\/\/pizbube.ch\/en\/wp-json\/wp\/v2\/media\/177328"}],"wp:attachment":[{"href":"https:\/\/pizbube.ch\/en\/wp-json\/wp\/v2\/media?parent=146814"}],"wp:term":[{"taxonomy":"product_brand","embeddable":true,"href":"https:\/\/pizbube.ch\/en\/wp-json\/wp\/v2\/product_brand?post=146814"},{"taxonomy":"product_cat","embeddable":true,"href":"https:\/\/pizbube.ch\/en\/wp-json\/wp\/v2\/product_cat?post=146814"},{"taxonomy":"product_tag","embeddable":true,"href":"https:\/\/pizbube.ch\/en\/wp-json\/wp\/v2\/product_tag?post=146814"}],"curies":[{"name":"wp","href":"https:\/\/api.w.org\/{rel}","templated":true}]}}