{"id":146815,"date":"2021-01-15T10:54:18","date_gmt":"2021-01-15T10:54:18","guid":{"rendered":"https:\/\/codengine3.ch\/?product=import-placeholder-for-200378"},"modified":"2021-01-15T10:57:03","modified_gmt":"2021-01-15T10:57:03","slug":"matterhorn-bergfuehrer-erzaehlen","status":"publish","type":"product","link":"https:\/\/pizbube.ch\/en\/shop\/matterhorn-bergfuehrer-erzaehlen\/","title":{"rendered":"Matterhorn, Bergf\u00fchrer erz\u00e4hlen"},"content":{"rendered":"<p>Gipfelgeschichten gesammelt von Kurt Lauber<\/p>\n<p>Jedes Jahr str\u00f6men Tausende Alpinisten ins Wallis, um das Matterhorn zu<br \/>\nerklimmen. Die meisten nehmen den Aufstieg in Begleitung eines erfahrenen<br \/>\nBergf\u00fchrers in Angriff. Diese mutigen M\u00e4nner und Frauen kennen auf dem Weg zum<br \/>\nGipfel jeden Stein, wissen um Gefahren und motivieren ihre G\u00e4ste, wenn diese<br \/>\nden Mut verlieren. Am Berg erleben sie Gl\u00fccksmomente und Trag\u00f6dien, Lustiges<br \/>\nund Skurriles.<\/p>\n<p>Bergf\u00fchrer haben eine Menge \u00adzu erz\u00e4hlen. Und wer schon einmal mit einem von<br \/>\nihnen bei einem Glas Wein in der H\u00fctte sa\u00df, der wei\u00df wie schnell die Zeit<br \/>\nverfliegt. Zum 150. Jubil\u00e4um der Matterhorn-Erstbesteigung portr\u00e4tiert Kurt<br \/>\nLauber die ber\u00fchmtesten Bergf\u00fchrer Zermatts und erz\u00e4hlt ihr emotionalstes<br \/>\nErlebnis vom Berg der Berge. Eine lebendige Zeitreise durch 150 Jahre<br \/>\nBergf\u00fchrergeschichte.<\/p>\n<p>Taschenbuchausgabe 2017  <\/p>","protected":false},"excerpt":{"rendered":"<p>Gipfelgeschichten gesammelt von Kurt Lauber Jedes Jahr str\u00f6men Tausende Alpinisten ins Wallis, um das Matterhorn zu erklimmen. Die meisten nehmen den Aufstieg in Begleitung eines erfahrenen Bergf\u00fchrers in Angriff. Diese mutigen M\u00e4nner und Frauen kennen auf dem Weg zum Gipfel jeden Stein, wissen um Gefahren und motivieren ihre G\u00e4ste, wenn diese den Mut verlieren. Am [&#8230;]\n","protected":false},"featured_media":26730,"template":"","meta":[],"product_brand":[],"product_cat":[21542],"product_tag":[],"class_list":{"0":"post-146815","1":"product","2":"type-product","3":"status-publish","4":"has-post-thumbnail","6":"product_cat-sachbuecher-dokumentationen","7":"pa_autor-lauber","8":"pa_erscheinungsjahr-21574","9":"pa_region-schweiz","10":"pa_sprache-de","12":"first","13":"instock","14":"taxable","15":"shipping-taxable","16":"purchasable","17":"product-type-simple"},"_links":{"self":[{"href":"https:\/\/pizbube.ch\/en\/wp-json\/wp\/v2\/product\/146815","targetHints":{"allow":["GET"]}}],"collection":[{"href":"https:\/\/pizbube.ch\/en\/wp-json\/wp\/v2\/product"}],"about":[{"href":"https:\/\/pizbube.ch\/en\/wp-json\/wp\/v2\/types\/product"}],"wp:featuredmedia":[{"embeddable":true,"href":"https:\/\/pizbube.ch\/en\/wp-json\/wp\/v2\/media\/26730"}],"wp:attachment":[{"href":"https:\/\/pizbube.ch\/en\/wp-json\/wp\/v2\/media?parent=146815"}],"wp:term":[{"taxonomy":"product_brand","embeddable":true,"href":"https:\/\/pizbube.ch\/en\/wp-json\/wp\/v2\/product_brand?post=146815"},{"taxonomy":"product_cat","embeddable":true,"href":"https:\/\/pizbube.ch\/en\/wp-json\/wp\/v2\/product_cat?post=146815"},{"taxonomy":"product_tag","embeddable":true,"href":"https:\/\/pizbube.ch\/en\/wp-json\/wp\/v2\/product_tag?post=146815"}],"curies":[{"name":"wp","href":"https:\/\/api.w.org\/{rel}","templated":true}]}}