{"id":146819,"date":"2021-01-15T10:54:18","date_gmt":"2021-01-15T10:54:18","guid":{"rendered":"https:\/\/codengine3.ch\/?product=import-placeholder-for-204102"},"modified":"2025-10-10T12:55:09","modified_gmt":"2025-10-10T10:55:09","slug":"kletterfuehrer-kreta-topoguide-crete-kapetaniana-kofinas","status":"publish","type":"product","link":"https:\/\/pizbube.ch\/en\/shop\/kletterfuehrer-kreta-topoguide-crete-kapetaniana-kofinas\/","title":{"rendered":"Kletterf\u00fchrer Kreta &#8211; Topoguide Cr\u00e8te Kapetaniana \/ Kofinas"},"content":{"rendered":"<p>Kletterf\u00fchrer Kreta: beschrieben sind \u00fcber 150 Routen in 7 Gebieten in<br \/>\nKapetaniana und Kofinas.<\/p>\n<p>Ce petit livre blanc r\u00e9pertorie les sites d&#8217;escalade sportive les plus<br \/>\nint\u00e9ressants de l&#8217;\u00eele de Cr\u00e8te. On y trouve soigneusement comment\u00e9s pr\u00e8s de<br \/>\n150 itin\u00e9raires, certains en plusieurs longueurs et quelques-uns en terrain<br \/>\nd&#8217;aventure.<br \/>\nSites d\u00e9crits : tous les sites autour du mont Kofinas (tout particuli\u00e8rement<br \/>\nautour du petit village de Kapetaniana) ainsi qu&#8217;une bonne pr\u00e9sentation d&#8217;Agio<br \/>\nFarango.<\/p>\n<p>Climbingguidebook Crete; described are over 150 routes.<\/p>","protected":false},"excerpt":{"rendered":"<p>Kletterf\u00fchrer Kreta: beschrieben sind \u00fcber 150 Routen in 7 Gebieten in Kapetaniana und Kofinas. Ce petit livre blanc r\u00e9pertorie les sites d&#8217;escalade sportive les plus int\u00e9ressants de l&#8217;\u00eele de Cr\u00e8te. On y trouve soigneusement comment\u00e9s pr\u00e8s de 150 itin\u00e9raires, certains en plusieurs longueurs et quelques-uns en terrain d&#8217;aventure. Sites d\u00e9crits : tous les sites autour [&#8230;]\n","protected":false},"featured_media":158730,"template":"","meta":[],"product_brand":[],"product_cat":[21539],"product_tag":[],"class_list":{"0":"post-146819","1":"product","2":"type-product","3":"status-publish","4":"has-post-thumbnail","6":"product_cat-fuehrerliteratur-sportklettern-bouldern","7":"pa_autor-bugada","8":"pa_erscheinungsjahr-21763","9":"pa_region-griechenland","10":"pa_sprache-d","11":"pa_sprache-e-gr","12":"pa_sprache-f","14":"first","15":"instock","16":"taxable","17":"shipping-taxable","18":"purchasable","19":"product-type-simple"},"_links":{"self":[{"href":"https:\/\/pizbube.ch\/en\/wp-json\/wp\/v2\/product\/146819","targetHints":{"allow":["GET"]}}],"collection":[{"href":"https:\/\/pizbube.ch\/en\/wp-json\/wp\/v2\/product"}],"about":[{"href":"https:\/\/pizbube.ch\/en\/wp-json\/wp\/v2\/types\/product"}],"wp:featuredmedia":[{"embeddable":true,"href":"https:\/\/pizbube.ch\/en\/wp-json\/wp\/v2\/media\/158730"}],"wp:attachment":[{"href":"https:\/\/pizbube.ch\/en\/wp-json\/wp\/v2\/media?parent=146819"}],"wp:term":[{"taxonomy":"product_brand","embeddable":true,"href":"https:\/\/pizbube.ch\/en\/wp-json\/wp\/v2\/product_brand?post=146819"},{"taxonomy":"product_cat","embeddable":true,"href":"https:\/\/pizbube.ch\/en\/wp-json\/wp\/v2\/product_cat?post=146819"},{"taxonomy":"product_tag","embeddable":true,"href":"https:\/\/pizbube.ch\/en\/wp-json\/wp\/v2\/product_tag?post=146819"}],"curies":[{"name":"wp","href":"https:\/\/api.w.org\/{rel}","templated":true}]}}