{"id":146820,"date":"2021-01-15T10:54:18","date_gmt":"2021-01-15T10:54:18","guid":{"rendered":"https:\/\/codengine3.ch\/?product=import-placeholder-for-205790"},"modified":"2026-04-14T15:18:34","modified_gmt":"2026-04-14T13:18:34","slug":"grimper-du-nord-au-sud-en-ile-de-crete-climbing-in-crete-from-north-to-south","status":"publish","type":"product","link":"https:\/\/pizbube.ch\/en\/shop\/grimper-du-nord-au-sud-en-ile-de-crete-climbing-in-crete-from-north-to-south\/","title":{"rendered":"Grimper du Nord au Sud en \u00eele de Cr\u00e8te &#8211; Climbing in Crete From North to South"},"content":{"rendered":"<p>Grimper du Nord au Sud en \u00eele de Cr\u00e8te d\u00e9crit et commente une palette fort<br \/>\nall\u00e9chante de sites sur plus grande des \u00eeles grecques, avec la passion, la<br \/>\nclart\u00e9 et la pr\u00e9cision qui ont fait la r\u00e9putation de la collection.<br \/>\nSites d\u00e9crits : 8 sites r\u00e9partis du nord au sud de l`\u00eele:<\/p>\n<p>Skoteino, Malia, Plakias, Dhamnoni Bay, Agiofarango, Agios Ioannis, Treis<br \/>\nEkklisies, Koumoi<br \/>\nrepr\u00e9sentant plus de 250 longueurs, la quasi-totalit\u00e9 d`entre elles r\u00e9centes<br \/>\net in\u00e9dites.<\/p>\n<p>Pour chacun des sites, une carte d`acc\u00e8s routier, une carte plus pr\u00e9cise pour<br \/>\nl`acc\u00e8s p\u00e9destre, ainsi que des explications d\u00e9taill\u00e9es agr\u00e9ment\u00e9es de<br \/>\nsch\u00e9mas, devraient vous permettre d`aller droit au but.<\/p>\n<p>From North to South, climbing in Crete<br \/>\nThis book contains about 250 new sport climbing routes from 4 to 8 and some<br \/>\nmultipitch and trad climbing ones.<\/p>\n<p>Sites covered : 8 areas spread over the North and the south coast of the<br \/>\ncentral part of the island :<br \/>\nSkoteino, Malia, Plakias, Dhamnoni Bay, Agiofarango, Agios Ioannis, Treis<br \/>\nEkklisies, Koumoi.<\/p>","protected":false},"excerpt":{"rendered":"<p>Grimper du Nord au Sud en \u00eele de Cr\u00e8te d\u00e9crit et commente une palette fort all\u00e9chante de sites sur plus grande des \u00eeles grecques, avec la passion, la clart\u00e9 et la pr\u00e9cision qui ont fait la r\u00e9putation de la collection. Sites d\u00e9crits : 8 sites r\u00e9partis du nord au sud de l`\u00eele: Skoteino, Malia, Plakias, [&#8230;]\n","protected":false},"featured_media":158731,"template":"","meta":[],"product_brand":[],"product_cat":[21539],"product_tag":[27037],"class_list":{"0":"post-146820","1":"product","2":"type-product","3":"status-publish","4":"has-post-thumbnail","6":"product_cat-fuehrerliteratur-sportklettern-bouldern","7":"product_tag-kreta","8":"pa_autor-bugada-knapp","9":"pa_erscheinungsjahr-21693","10":"pa_region-griechenland","11":"pa_sprache-en-fr","13":"first","14":"instock","15":"featured","16":"taxable","17":"shipping-taxable","18":"purchasable","19":"product-type-simple"},"_links":{"self":[{"href":"https:\/\/pizbube.ch\/en\/wp-json\/wp\/v2\/product\/146820","targetHints":{"allow":["GET"]}}],"collection":[{"href":"https:\/\/pizbube.ch\/en\/wp-json\/wp\/v2\/product"}],"about":[{"href":"https:\/\/pizbube.ch\/en\/wp-json\/wp\/v2\/types\/product"}],"wp:featuredmedia":[{"embeddable":true,"href":"https:\/\/pizbube.ch\/en\/wp-json\/wp\/v2\/media\/158731"}],"wp:attachment":[{"href":"https:\/\/pizbube.ch\/en\/wp-json\/wp\/v2\/media?parent=146820"}],"wp:term":[{"taxonomy":"product_brand","embeddable":true,"href":"https:\/\/pizbube.ch\/en\/wp-json\/wp\/v2\/product_brand?post=146820"},{"taxonomy":"product_cat","embeddable":true,"href":"https:\/\/pizbube.ch\/en\/wp-json\/wp\/v2\/product_cat?post=146820"},{"taxonomy":"product_tag","embeddable":true,"href":"https:\/\/pizbube.ch\/en\/wp-json\/wp\/v2\/product_tag?post=146820"}],"curies":[{"name":"wp","href":"https:\/\/api.w.org\/{rel}","templated":true}]}}