{"id":146821,"date":"2021-01-15T10:54:18","date_gmt":"2021-01-15T10:54:18","guid":{"rendered":"https:\/\/codengine3.ch\/?product=import-placeholder-for-205512"},"modified":"2021-12-02T09:47:41","modified_gmt":"2021-12-02T08:47:41","slug":"wanderfuehrer-kreta-der-osten","status":"publish","type":"product","link":"https:\/\/pizbube.ch\/en\/shop\/wanderfuehrer-kreta-der-osten\/","title":{"rendered":"Wanderf\u00fchrer Kreta &#8211; der Osten"},"content":{"rendered":"<p>Kreta, ein meerumsp\u00fclter Gebirgsstock, ist ein Kontinent f\u00fcr sich. F\u00fcr den<br \/>\nWanderer steht das Naturerlebnis im Vordergrund, doch wird er bei seinen<br \/>\nG\u00e4ngen auf alten Pfaden auch st\u00e4ndig auf Spuren einer bewegten Geschichte<br \/>\nsto\u00dfen: auf Ruinen antiker St\u00e4dte, abgelegene Kl\u00f6ster und urspr\u00fcngliche<br \/>\nD\u00f6rfer.<\/p>\n<p>Kretas Osten ist touristisch weniger erschlossen als der Westen, aber nicht<br \/>\nminder spektakul\u00e4r. Sechs g\u00fcnstige Standorte (u.a. \u00c1gios Nik\u00f3laos und<br \/>\nPal\u00e9kastro) erlauben es dem Individualreisenden, mal auf leichten, mal auf<br \/>\nanspruchsvollen Routen in das Kreta der Schafhirten einzutauchen &#8211; teils auf<br \/>\nneu entdeckten Wegen des Autors.<\/p>\n<p>Vierzig exakt beschriebene Wandertouren f\u00fchren zu idyllischen Str\u00e4nden oder in<br \/>\nabenteuerliche Schluchten, \u00fcber alte Maultierpfade des D\u00edkti-und Psilor\u00edtis-<br \/>\nMassivs oder auf die ber\u00fchmte Lass\u00edthi-Hochebene, ins Weideland der Orn\u00f3-Berge<br \/>\noder zum Palmenstrand von V\u00e1i.<\/p>\n<p>Mit kulinarischem Lexikon und Sprachf\u00fchrer Griechisch, Tipps zur Anreise und<br \/>\nReisevorbereitung, Hintergrundinformationen zu Natur, Kultur und Geschichte<br \/>\nsowie Empfehlungen f\u00fcr Hotels und Restaurants.<\/p>","protected":false},"excerpt":{"rendered":"<p>Kreta, ein meerumsp\u00fclter Gebirgsstock, ist ein Kontinent f\u00fcr sich. F\u00fcr den Wanderer steht das Naturerlebnis im Vordergrund, doch wird er bei seinen G\u00e4ngen auf alten Pfaden auch st\u00e4ndig auf Spuren einer bewegten Geschichte sto\u00dfen: auf Ruinen antiker St\u00e4dte, abgelegene Kl\u00f6ster und urspr\u00fcngliche D\u00f6rfer. Kretas Osten ist touristisch weniger erschlossen als der Westen, aber nicht minder [&#8230;]\n","protected":false},"featured_media":34240,"template":"","meta":[],"product_brand":[],"product_cat":[21605],"product_tag":[],"class_list":{"0":"post-146821","1":"product","2":"type-product","3":"status-publish","4":"has-post-thumbnail","6":"product_cat-wanderfuehrer-trekking","7":"pa_autor-fischer","8":"pa_erscheinungsjahr-21693","9":"pa_region-griechenland","10":"pa_sprache-de","12":"first","13":"outofstock","14":"taxable","15":"shipping-taxable","16":"purchasable","17":"product-type-simple"},"_links":{"self":[{"href":"https:\/\/pizbube.ch\/en\/wp-json\/wp\/v2\/product\/146821","targetHints":{"allow":["GET"]}}],"collection":[{"href":"https:\/\/pizbube.ch\/en\/wp-json\/wp\/v2\/product"}],"about":[{"href":"https:\/\/pizbube.ch\/en\/wp-json\/wp\/v2\/types\/product"}],"wp:featuredmedia":[{"embeddable":true,"href":"https:\/\/pizbube.ch\/en\/wp-json\/wp\/v2\/media\/34240"}],"wp:attachment":[{"href":"https:\/\/pizbube.ch\/en\/wp-json\/wp\/v2\/media?parent=146821"}],"wp:term":[{"taxonomy":"product_brand","embeddable":true,"href":"https:\/\/pizbube.ch\/en\/wp-json\/wp\/v2\/product_brand?post=146821"},{"taxonomy":"product_cat","embeddable":true,"href":"https:\/\/pizbube.ch\/en\/wp-json\/wp\/v2\/product_cat?post=146821"},{"taxonomy":"product_tag","embeddable":true,"href":"https:\/\/pizbube.ch\/en\/wp-json\/wp\/v2\/product_tag?post=146821"}],"curies":[{"name":"wp","href":"https:\/\/api.w.org\/{rel}","templated":true}]}}