{"id":146832,"date":"2021-01-15T10:54:19","date_gmt":"2021-01-15T10:54:19","guid":{"rendered":"https:\/\/codengine3.ch\/?product=import-placeholder-for-200109"},"modified":"2021-01-15T10:54:22","modified_gmt":"2021-01-15T10:54:22","slug":"skitouren-untervinschgau-und-meraner-land","status":"publish","type":"product","link":"https:\/\/pizbube.ch\/en\/shop\/skitouren-untervinschgau-und-meraner-land\/","title":{"rendered":"Skitouren Untervinschgau und Meraner Land"},"content":{"rendered":"<p>\nLaaser Tal, Martelltal, Schnalstal, Passeriertal und Ultental<\/p>\n<p>Dieser neue Gebietsf\u00fchrer f\u00fcr die Regionen im Unteren Vinschgau und im<br \/>\ngesamten Meraner Land &#8211; Laaser Tal, Martelltal, Schnalstal, Passeiertal,<br \/>\nUltental und Deutschnonsberg &#8211; beeindruckt wiederum mit spektakul\u00e4ren und<br \/>\ninformativen Luftbildern mit genau eingezeichneten Routen.<\/p>\n<p>Der F\u00fchrer enth\u00e4lt 112 Skitouren: jede Tour enth\u00e4lt die wichtigsten Daten wie<br \/>\nAnfahrt, Ausgangspunkt, Parkm\u00f6glichkeiten, Aufstiegszeit, H\u00f6henunterschied,<br \/>\nKartenmaterial, skitechnische und alpintechnische Schwierigkeiten sowie eine<br \/>\ndetaillierte Routenbeschreibung, die mit einer phantastischen Luftbildaufnahme<br \/>\nf\u00fcr jede Tour vervollst\u00e4ndigt wird.  <\/p>","protected":false},"excerpt":{"rendered":"<p>Laaser Tal, Martelltal, Schnalstal, Passeriertal und Ultental Dieser neue Gebietsf\u00fchrer f\u00fcr die Regionen im Unteren Vinschgau und im gesamten Meraner Land &#8211; Laaser Tal, Martelltal, Schnalstal, Passeiertal, Ultental und Deutschnonsberg &#8211; beeindruckt wiederum mit spektakul\u00e4ren und informativen Luftbildern mit genau eingezeichneten Routen. Der F\u00fchrer enth\u00e4lt 112 Skitouren: jede Tour enth\u00e4lt die wichtigsten Daten wie Anfahrt, [&#8230;]\n","protected":false},"featured_media":25946,"template":"","meta":[],"product_brand":[],"product_cat":[21540],"product_tag":[],"class_list":{"0":"post-146832","1":"product","2":"type-product","3":"status-publish","4":"has-post-thumbnail","6":"product_cat-fuehrerliteratur-alpin-winter","7":"pa_autor-koessler","8":"pa_erscheinungsjahr-21568","9":"pa_region-italien","10":"pa_sprache-de","12":"first","13":"outofstock","14":"taxable","15":"shipping-taxable","16":"purchasable","17":"product-type-simple"},"_links":{"self":[{"href":"https:\/\/pizbube.ch\/en\/wp-json\/wp\/v2\/product\/146832","targetHints":{"allow":["GET"]}}],"collection":[{"href":"https:\/\/pizbube.ch\/en\/wp-json\/wp\/v2\/product"}],"about":[{"href":"https:\/\/pizbube.ch\/en\/wp-json\/wp\/v2\/types\/product"}],"wp:featuredmedia":[{"embeddable":true,"href":"https:\/\/pizbube.ch\/en\/wp-json\/wp\/v2\/media\/25946"}],"wp:attachment":[{"href":"https:\/\/pizbube.ch\/en\/wp-json\/wp\/v2\/media?parent=146832"}],"wp:term":[{"taxonomy":"product_brand","embeddable":true,"href":"https:\/\/pizbube.ch\/en\/wp-json\/wp\/v2\/product_brand?post=146832"},{"taxonomy":"product_cat","embeddable":true,"href":"https:\/\/pizbube.ch\/en\/wp-json\/wp\/v2\/product_cat?post=146832"},{"taxonomy":"product_tag","embeddable":true,"href":"https:\/\/pizbube.ch\/en\/wp-json\/wp\/v2\/product_tag?post=146832"}],"curies":[{"name":"wp","href":"https:\/\/api.w.org\/{rel}","templated":true}]}}