{"id":146834,"date":"2021-01-15T10:54:19","date_gmt":"2021-01-15T10:54:19","guid":{"rendered":"https:\/\/codengine3.ch\/?product=import-placeholder-for-203411"},"modified":"2023-01-20T12:37:36","modified_gmt":"2023-01-20T11:37:36","slug":"vinschgau-mit-passeier-sarntal-ulten-und-fornokessel","status":"publish","type":"product","link":"https:\/\/pizbube.ch\/en\/shop\/vinschgau-mit-passeier-sarntal-ulten-und-fornokessel\/","title":{"rendered":"Vinschgau mit Passeier, Sarntal, Ulten und Fornokessel"},"content":{"rendered":"<p>50 Skitouren f\u00fcr Einsteiger und Genie\u00dfer. Wir finden im Langtauferer Tal neben<br \/>\nnormalen Prachtgipfeln wie dem Schafkopf auch einen der gro\u00dfartigsten<br \/>\nSkigipfel der Ostalpen: den B\u00e4renbartkogel, eine anspruchsvolle Skitour f\u00fcr<br \/>\ndas sp\u00e4te Fr\u00fchjahr. Gro\u00dfartig auch die Mitterlochspitze, ein Dreitausender,<br \/>\ndurch Lifthilfe eine reine Genusstour. Im Matschertal verk\u00fcrzt ein gem\u00fctlicher<br \/>\nSt\u00fctzpunkt die Anstiege, ebenso im Schnalstal.<br \/>\nTourenm\u00f6glichkeiten unterschiedlicher L\u00e4nge und Schwierigkeit gibt es auch in<br \/>\nden Ortleralpen, im Martelltal z.B. von der Zufallh\u00fctte aus oder (mit<br \/>\nkr\u00e4ftiger Seilbahnhilfe) im Suldental (z.B. Cevedale). Auch die Sesvennagruppe<br \/>\nbieten mit den prachtvollen Hocht\u00e4ler von Schlinig (Rasassspitze, Piz<br \/>\nSesvenna) und Rojen (Nockenk\u00f6pfe, Elfer) eine Vielzahl gro\u00dfartiger Skitouren.<\/p>\n<p>Als Nachbargebiet wurde das Burggrafenamt aufgenommen, das historische Zentrum<br \/>\nS\u00fcdtirols rund um Meran, mit den lohnenden Tourenbereichen Passeiertal<br \/>\n(\u00d6tztaler-, Stubaier- und Sarntaler Alpen) sowie dem Ultental (Ortleralpen).<br \/>\nEinen besonderen Hinweis verdienen zwei H\u00fctten s\u00fcdlich der Grenze (Branca- und<br \/>\nPizzini-H\u00fctte), die von S\u00fcdtirol \u00fcber die Berge schneller zu erreichen sind<br \/>\nals mit dem Auto \u00fcber Ofenpass und Livigno.<\/p>","protected":false},"excerpt":{"rendered":"<ul>\n<li><a href=\"https:\/\/pizbube.ch\/wp-content\/uploads\/attachments\/a_024\/824A5973A8041EF41C05EB29A5EF81FA.pdf\" target=\"_blank\" rel=\"noopener\">PDF: vinschgau ski_inhalt<\/a><\/li>\n<\/ul>\n<ul>\n<li><b>INFO: vergriffen, laut Verlag keine Neuauflage\/Nachdruck<b><\/b><\/b><\/li>\n<\/ul>","protected":false},"featured_media":31016,"template":"","meta":[],"product_brand":[],"product_cat":[21540],"product_tag":[],"class_list":{"0":"post-146834","1":"product","2":"type-product","3":"status-publish","4":"has-post-thumbnail","6":"product_cat-fuehrerliteratur-alpin-winter","7":"pa_autor-weiss","8":"pa_erscheinungsjahr-21763","9":"pa_region-italien","10":"pa_sprache-de","12":"first","13":"outofstock","14":"taxable","15":"shipping-taxable","16":"purchasable","17":"product-type-simple"},"_links":{"self":[{"href":"https:\/\/pizbube.ch\/en\/wp-json\/wp\/v2\/product\/146834","targetHints":{"allow":["GET"]}}],"collection":[{"href":"https:\/\/pizbube.ch\/en\/wp-json\/wp\/v2\/product"}],"about":[{"href":"https:\/\/pizbube.ch\/en\/wp-json\/wp\/v2\/types\/product"}],"wp:featuredmedia":[{"embeddable":true,"href":"https:\/\/pizbube.ch\/en\/wp-json\/wp\/v2\/media\/31016"}],"wp:attachment":[{"href":"https:\/\/pizbube.ch\/en\/wp-json\/wp\/v2\/media?parent=146834"}],"wp:term":[{"taxonomy":"product_brand","embeddable":true,"href":"https:\/\/pizbube.ch\/en\/wp-json\/wp\/v2\/product_brand?post=146834"},{"taxonomy":"product_cat","embeddable":true,"href":"https:\/\/pizbube.ch\/en\/wp-json\/wp\/v2\/product_cat?post=146834"},{"taxonomy":"product_tag","embeddable":true,"href":"https:\/\/pizbube.ch\/en\/wp-json\/wp\/v2\/product_tag?post=146834"}],"curies":[{"name":"wp","href":"https:\/\/api.w.org\/{rel}","templated":true}]}}