{"id":146835,"date":"2021-01-15T10:54:19","date_gmt":"2021-01-15T10:54:19","guid":{"rendered":"https:\/\/codengine3.ch\/?product=import-placeholder-for-205501"},"modified":"2021-01-15T14:41:45","modified_gmt":"2021-01-15T14:41:45","slug":"skitouren-in-suedtirol-band-1","status":"publish","type":"product","link":"https:\/\/pizbube.ch\/en\/shop\/skitouren-in-suedtirol-band-1\/","title":{"rendered":"Skitouren in S\u00fcdtirol Band 1"},"content":{"rendered":"<p>\u00d6tztaler Alpen, Ortlergruppe, Stubaier- und Sarntaler Alpen.  <\/p>\n<p>Der Skitourenf\u00fchrer f\u00fcr das Gebiet \u00d6tztaler Alpen, Ortlergruppe, Stubaier- und<br \/>\nSarntaler Alpen, beeindruckt mit spektakul\u00e4ren und informativen Luftbildern<br \/>\nund genauer Routenbeschreibung: Dieser Band beinhaltet 60 der sch\u00f6nsten Touren<br \/>\nim westlichen Teil S\u00fcdtirols. Jede Tour enth\u00e4lt die wichtigsten technischen<br \/>\nDaten wie Anfahrt, Ausgangspunkt, Parkm\u00f6glichkeiten, Aufstiegszeit,<br \/>\nH\u00f6henunterschied, Karten, skitechnische- und alpintechnische Schwierigkeiten<br \/>\nsowie eine detaillierte Routenbeschreibung. Eine phantastische<br \/>\nLuftbildaufnahme mit eingezeichneter Route vervollst\u00e4ndigt die jeweilige<br \/>\nSkitour<br \/>\n137 S.; 2. Aulg.<\/p>","protected":false},"excerpt":{"rendered":"<p>\u00d6tztaler Alpen, Ortlergruppe, Stubaier- und Sarntaler Alpen. Der Skitourenf\u00fchrer f\u00fcr das Gebiet \u00d6tztaler Alpen, Ortlergruppe, Stubaier- und Sarntaler Alpen, beeindruckt mit spektakul\u00e4ren und informativen Luftbildern und genauer Routenbeschreibung: Dieser Band beinhaltet 60 der sch\u00f6nsten Touren im westlichen Teil S\u00fcdtirols. Jede Tour enth\u00e4lt die wichtigsten technischen Daten wie Anfahrt, Ausgangspunkt, Parkm\u00f6glichkeiten, Aufstiegszeit, H\u00f6henunterschied, Karten, skitechnische- und [&#8230;]\n","protected":false},"featured_media":34227,"template":"","meta":[],"product_brand":[],"product_cat":[21540],"product_tag":[],"class_list":{"0":"post-146835","1":"product","2":"type-product","3":"status-publish","4":"has-post-thumbnail","6":"product_cat-fuehrerliteratur-alpin-winter","7":"pa_autor-koessler","8":"pa_erscheinungsjahr-21693","9":"pa_region-italien","10":"pa_sprache-de","12":"first","13":"outofstock","14":"taxable","15":"shipping-taxable","16":"purchasable","17":"product-type-simple"},"_links":{"self":[{"href":"https:\/\/pizbube.ch\/en\/wp-json\/wp\/v2\/product\/146835","targetHints":{"allow":["GET"]}}],"collection":[{"href":"https:\/\/pizbube.ch\/en\/wp-json\/wp\/v2\/product"}],"about":[{"href":"https:\/\/pizbube.ch\/en\/wp-json\/wp\/v2\/types\/product"}],"wp:featuredmedia":[{"embeddable":true,"href":"https:\/\/pizbube.ch\/en\/wp-json\/wp\/v2\/media\/34227"}],"wp:attachment":[{"href":"https:\/\/pizbube.ch\/en\/wp-json\/wp\/v2\/media?parent=146835"}],"wp:term":[{"taxonomy":"product_brand","embeddable":true,"href":"https:\/\/pizbube.ch\/en\/wp-json\/wp\/v2\/product_brand?post=146835"},{"taxonomy":"product_cat","embeddable":true,"href":"https:\/\/pizbube.ch\/en\/wp-json\/wp\/v2\/product_cat?post=146835"},{"taxonomy":"product_tag","embeddable":true,"href":"https:\/\/pizbube.ch\/en\/wp-json\/wp\/v2\/product_tag?post=146835"}],"curies":[{"name":"wp","href":"https:\/\/api.w.org\/{rel}","templated":true}]}}