{"id":146836,"date":"2021-01-15T10:54:19","date_gmt":"2021-01-15T10:54:19","guid":{"rendered":"https:\/\/codengine3.ch\/?product=import-placeholder-for-208241"},"modified":"2024-02-06T09:13:32","modified_gmt":"2024-02-06T08:13:32","slug":"skitouren-sarntaler-alpen-und-westliche-dolomiten","status":"publish","type":"product","link":"https:\/\/pizbube.ch\/en\/shop\/skitouren-sarntaler-alpen-und-westliche-dolomiten\/","title":{"rendered":"Skitouren Sarntaler Alpen und Westliche Dolomiten"},"content":{"rendered":"<p>Sarntal, Schlanders, Eggental, Gr\u00f6den, Villn\u00f6\u00df und L\u00fcsen<\/p>\n<p>90 Touren. Dieser Gebietsf\u00fchrer f\u00fcr die Regionen im Sarntal, in Schlanders, im<br \/>\nEggental, in Gr\u00f6den, Villn\u00f6\u00df und L\u00fcsen beeindruckt mit spektakul\u00e4ren und<br \/>\ninformativen Luftbildern mit genau eingezeichneten Routen. Jede Tour enth\u00e4lt<br \/>\ndie wichtigsten Daten wie Anfahrt, Ausgehpunkt, Parkm\u00f6glichkeit, Aufstiegzeit,<br \/>\nH\u00f6henunterschied, Kartenmaterial, skitechnische und alpintechnische<br \/>\nSchwierigkeiten.<\/p>","protected":false},"excerpt":{"rendered":"<p>Sarntal, Schlanders, Eggental, Gr\u00f6den, Villn\u00f6\u00df und L\u00fcsen 90 Touren. Dieser Gebietsf\u00fchrer f\u00fcr die Regionen im Sarntal, in Schlanders, im Eggental, in Gr\u00f6den, Villn\u00f6\u00df und L\u00fcsen beeindruckt mit spektakul\u00e4ren und informativen Luftbildern mit genau eingezeichneten Routen. Jede Tour enth\u00e4lt die wichtigsten Daten wie Anfahrt, Ausgehpunkt, Parkm\u00f6glichkeit, Aufstiegzeit, H\u00f6henunterschied, Kartenmaterial, skitechnische und alpintechnische Schwierigkeiten.<\/p>","protected":false},"featured_media":39724,"template":"","meta":[],"product_brand":[],"product_cat":[21540],"product_tag":[],"class_list":{"0":"post-146836","1":"product","2":"type-product","3":"status-publish","4":"has-post-thumbnail","6":"product_cat-fuehrerliteratur-alpin-winter","7":"pa_autor-koessler","8":"pa_erscheinungsjahr-21550","9":"pa_region-italien","10":"pa_sprache-de","12":"first","13":"outofstock","14":"taxable","15":"shipping-taxable","16":"purchasable","17":"product-type-simple"},"_links":{"self":[{"href":"https:\/\/pizbube.ch\/en\/wp-json\/wp\/v2\/product\/146836","targetHints":{"allow":["GET"]}}],"collection":[{"href":"https:\/\/pizbube.ch\/en\/wp-json\/wp\/v2\/product"}],"about":[{"href":"https:\/\/pizbube.ch\/en\/wp-json\/wp\/v2\/types\/product"}],"wp:featuredmedia":[{"embeddable":true,"href":"https:\/\/pizbube.ch\/en\/wp-json\/wp\/v2\/media\/39724"}],"wp:attachment":[{"href":"https:\/\/pizbube.ch\/en\/wp-json\/wp\/v2\/media?parent=146836"}],"wp:term":[{"taxonomy":"product_brand","embeddable":true,"href":"https:\/\/pizbube.ch\/en\/wp-json\/wp\/v2\/product_brand?post=146836"},{"taxonomy":"product_cat","embeddable":true,"href":"https:\/\/pizbube.ch\/en\/wp-json\/wp\/v2\/product_cat?post=146836"},{"taxonomy":"product_tag","embeddable":true,"href":"https:\/\/pizbube.ch\/en\/wp-json\/wp\/v2\/product_tag?post=146836"}],"curies":[{"name":"wp","href":"https:\/\/api.w.org\/{rel}","templated":true}]}}