{"id":146837,"date":"2021-01-15T10:54:19","date_gmt":"2021-01-15T10:54:19","guid":{"rendered":"https:\/\/codengine3.ch\/?product=import-placeholder-for-208549"},"modified":"2021-01-15T17:55:12","modified_gmt":"2021-01-15T17:55:12","slug":"der-tote-am-gletscher","status":"publish","type":"product","link":"https:\/\/pizbube.ch\/en\/shop\/der-tote-am-gletscher\/","title":{"rendered":"Der Tote am Gletscher"},"content":{"rendered":"<p>Ein Fall f\u00fcr Commissario Grauner  <\/p>\n<p>Alpenkulisse, italienisches Flair und ein raffinierter Fall &#8211; ein Muss f\u00fcr<br \/>\nalle S\u00fcdtirol-Fans Nachts auf dem Gletscher, da geh\u00f6rt der Mensch nicht hin.<br \/>\nDa sind nur die Geister der Toten und der Sturm und der Schnee. Trotzdem<br \/>\nentdeckt Skipisten-Toni im Dezember hoch oben ein seltsames Licht &#8211; und wenig<br \/>\nsp\u00e4ter die Leiche eines Einsiedlers. Mit einer Pfeilspitze in der Schulter.<br \/>\nFast am selben Ort, an dem viele Jahre zuvor \u00d6tzi, die weltber\u00fchmte<br \/>\nSteinzeitmumie, gefunden wurde, die mittlerweile im Bozener Museum liegt.<br \/>\nEbenfalls von einer Pfeilspitze durchbohrt.<\/p>\n<p>Commissario Grauner, der an manchen Tagen lieber nur \u00bbViechbauer\u00ab w\u00e4re, macht<br \/>\nsich im tief verschneiten Schnalstal an die Ermittlungen. Unterst\u00fctzt wird er<br \/>\nvon Saltapepe, seinem jungen Ispettore aus Neapel, der noch immer nicht<br \/>\nversteht, was die Einheimischen an den Bergen finden. Zwischen Dorfintrigen,<br \/>\nwortkargen Bewohnern, gl\u00fchweinseligen Touristen, den kriminellen<br \/>\nMachenschaften eines Skiliftunternehmers und kuriosen \u00d6tzi-Spuren entwickelt<br \/>\nsich ein hochspannender Fall, der weit in die Vergangenheit f\u00fchrt und die<br \/>\nErmittler vor immer neue R\u00e4tsel stellt.<\/p>","protected":false},"excerpt":{"rendered":"<p>Ein Fall f\u00fcr Commissario Grauner Alpenkulisse, italienisches Flair und ein raffinierter Fall &#8211; ein Muss f\u00fcr alle S\u00fcdtirol-Fans Nachts auf dem Gletscher, da geh\u00f6rt der Mensch nicht hin. Da sind nur die Geister der Toten und der Sturm und der Schnee. Trotzdem entdeckt Skipisten-Toni im Dezember hoch oben ein seltsames Licht &#8211; und wenig sp\u00e4ter [&#8230;]\n","protected":false},"featured_media":40520,"template":"","meta":[],"product_brand":[],"product_cat":[21629],"product_tag":[],"class_list":{"0":"post-146837","1":"product","2":"type-product","3":"status-publish","4":"has-post-thumbnail","6":"product_cat-belletristik","7":"pa_autor-koppelstaetter","8":"pa_erscheinungsjahr-21597","9":"pa_region-italien","10":"pa_sprache-de","12":"first","13":"instock","14":"taxable","15":"shipping-taxable","16":"purchasable","17":"product-type-simple"},"_links":{"self":[{"href":"https:\/\/pizbube.ch\/en\/wp-json\/wp\/v2\/product\/146837","targetHints":{"allow":["GET"]}}],"collection":[{"href":"https:\/\/pizbube.ch\/en\/wp-json\/wp\/v2\/product"}],"about":[{"href":"https:\/\/pizbube.ch\/en\/wp-json\/wp\/v2\/types\/product"}],"wp:featuredmedia":[{"embeddable":true,"href":"https:\/\/pizbube.ch\/en\/wp-json\/wp\/v2\/media\/40520"}],"wp:attachment":[{"href":"https:\/\/pizbube.ch\/en\/wp-json\/wp\/v2\/media?parent=146837"}],"wp:term":[{"taxonomy":"product_brand","embeddable":true,"href":"https:\/\/pizbube.ch\/en\/wp-json\/wp\/v2\/product_brand?post=146837"},{"taxonomy":"product_cat","embeddable":true,"href":"https:\/\/pizbube.ch\/en\/wp-json\/wp\/v2\/product_cat?post=146837"},{"taxonomy":"product_tag","embeddable":true,"href":"https:\/\/pizbube.ch\/en\/wp-json\/wp\/v2\/product_tag?post=146837"}],"curies":[{"name":"wp","href":"https:\/\/api.w.org\/{rel}","templated":true}]}}