{"id":146838,"date":"2021-01-15T10:54:19","date_gmt":"2021-01-15T10:54:19","guid":{"rendered":"https:\/\/codengine3.ch\/?product=import-placeholder-for-208278"},"modified":"2021-01-15T17:52:14","modified_gmt":"2021-01-15T17:52:14","slug":"faszination-bergwaelder","status":"publish","type":"product","link":"https:\/\/pizbube.ch\/en\/shop\/faszination-bergwaelder\/","title":{"rendered":"Faszination Bergw\u00e4lder"},"content":{"rendered":"<p>\nDie sch\u00f6nsten Waldlandschaften der Schweiz<\/p>\n<p>W\u00e4lder sind der Schmuck der Berge \u2013 aber noch viel mehr. Sie bewahren die<br \/>\nBergflanken vor Erosion, Rutschungen und Steinschlag und sch\u00fctzen die<br \/>\nSiedlungen in den Alpent\u00e4lern vor Naturgefahren. W\u00e4lder sind \u00abgr\u00fcne Lungen\u00bb,<br \/>\ndie Sauerstoff spenden, sie sind Lebensraum f\u00fcr Tiere und Pflanzen von grosser<br \/>\nArtenvielfalt und Oasen der Ruhe und Besinnung f\u00fcr den Menschen.<\/p>\n<p>Der Naturfotograf Roland Gerth nimmt uns mit auf eine Reise durch die W\u00e4lder<br \/>\nder Schweiz in den Alpen, den Voralpen, den s\u00fcdlichen Alpent\u00e4lern und im Jura.<br \/>\nSeine stimmungsvollen Bilder zeigen die W\u00e4lder in ihrem ganz eigenen Charakter<br \/>\nund Zauber bei Sonnenschein, Regen, Schnee oder Nebel. Sie erscheinen im<br \/>\nWandel der Jahreszeiten, des Lichts und der Farben \u2013 vom frischen Gr\u00fcn des<br \/>\nFr\u00fchlings bis zum goldenen Herbst und der weissen Pracht des Winters.<\/p>\n<p>Unter anderem stellt das Buch die drei Urw\u00e4lder der Schweiz vor: Scatl\u00e9 in der<br \/>\nSurselva, B\u00f6dmeren am Pragelpass und Derborence im Wallis. Es zeigt die<br \/>\nber\u00fchmten Arven im h\u00f6chstgelegenen Arvenwald Europas im Naturreservat God da<br \/>\nTamangur im Unterengadin, die Moorw\u00e4lder auf der Chaltenbrunnenalp im Berner<br \/>\nOberland und bei Rothenthurm im Kanton Schwyz. Auch die Kastanienw\u00e4lder im<br \/>\nTessin und Graub\u00fcnden, die einst einen wichtigen Teil der Ern\u00e4hrung f\u00fcr die<br \/>\nBev\u00f6lkerung der Bergt\u00e4ler bildeten, hat der Fotograf besucht.<\/p>\n<p>Die eindrucksvollen Bilder von Roland Gerth und die begleitenden Texte des<br \/>\nSchriftstellers Emil Zopfi regen an, die faszinierende und geheimnisvolle Welt<br \/>\nunserer Bergw\u00e4lder auf eigenen Streifz\u00fcgen und Wanderungen zu entdecken und<br \/>\ndabei ihre Stille, ihre Farben und D\u00fcfte und die Vielfalt ihrer Tier- und<br \/>\nPflanzenwelt zu erleben. Dabei werden wir uns bewusst, wie sorgsam wir mit dem<br \/>\nSchatz unserer W\u00e4lder umgehen m\u00fcssen.<\/p>\n<p>128 Seiten, 106 Abb. vierfarbig; 30 x 24 cm; Hardcover  <\/p>","protected":false},"excerpt":{"rendered":"<p>Die sch\u00f6nsten Waldlandschaften der Schweiz W\u00e4lder sind der Schmuck der Berge \u2013 aber noch viel mehr. Sie bewahren die Bergflanken vor Erosion, Rutschungen und Steinschlag und sch\u00fctzen die Siedlungen in den Alpent\u00e4lern vor Naturgefahren. W\u00e4lder sind \u00abgr\u00fcne Lungen\u00bb, die Sauerstoff spenden, sie sind Lebensraum f\u00fcr Tiere und Pflanzen von grosser Artenvielfalt und Oasen der Ruhe [&#8230;]\n","protected":false},"featured_media":39847,"template":"","meta":[],"product_brand":[],"product_cat":[21542],"product_tag":[],"class_list":{"0":"post-146838","1":"product","2":"type-product","3":"status-publish","4":"has-post-thumbnail","6":"product_cat-sachbuecher-dokumentationen","7":"pa_autor-gerth-zopfi","8":"pa_erscheinungsjahr-21597","9":"pa_region-schweiz","10":"pa_sprache-de","12":"first","13":"instock","14":"taxable","15":"shipping-taxable","16":"purchasable","17":"product-type-simple"},"_links":{"self":[{"href":"https:\/\/pizbube.ch\/en\/wp-json\/wp\/v2\/product\/146838","targetHints":{"allow":["GET"]}}],"collection":[{"href":"https:\/\/pizbube.ch\/en\/wp-json\/wp\/v2\/product"}],"about":[{"href":"https:\/\/pizbube.ch\/en\/wp-json\/wp\/v2\/types\/product"}],"wp:featuredmedia":[{"embeddable":true,"href":"https:\/\/pizbube.ch\/en\/wp-json\/wp\/v2\/media\/39847"}],"wp:attachment":[{"href":"https:\/\/pizbube.ch\/en\/wp-json\/wp\/v2\/media?parent=146838"}],"wp:term":[{"taxonomy":"product_brand","embeddable":true,"href":"https:\/\/pizbube.ch\/en\/wp-json\/wp\/v2\/product_brand?post=146838"},{"taxonomy":"product_cat","embeddable":true,"href":"https:\/\/pizbube.ch\/en\/wp-json\/wp\/v2\/product_cat?post=146838"},{"taxonomy":"product_tag","embeddable":true,"href":"https:\/\/pizbube.ch\/en\/wp-json\/wp\/v2\/product_tag?post=146838"}],"curies":[{"name":"wp","href":"https:\/\/api.w.org\/{rel}","templated":true}]}}