{"id":146839,"date":"2021-01-15T10:54:19","date_gmt":"2021-01-15T10:54:19","guid":{"rendered":"https:\/\/codengine3.ch\/?product=import-placeholder-for-208267"},"modified":"2025-05-01T10:10:35","modified_gmt":"2025-05-01T08:10:35","slug":"faszination-bergwasser","status":"publish","type":"product","link":"https:\/\/pizbube.ch\/en\/shop\/faszination-bergwasser\/","title":{"rendered":"Faszination Bergwasser"},"content":{"rendered":"<p>Die sch\u00f6nsten Wasserlandschaften der Schweiz<\/p>\n<p>Zum grenzenlosen Formenreichtum der Natur geh\u00f6ren die unz\u00e4hligen Gew\u00e4sser der<br \/>\nSchweizer Bergwelt. Geschaffen durch Erosion wie an der Verzasca oder der<br \/>\nMaggia im Tessin, ver\u00e4ndert sich die Landschaft im Lauf der Jahre und<br \/>\nJahrhunderte.<\/p>\n<p>Neue, teilweise noch namenlose Seen entstehen durch den R\u00fcckzug der Gletscher.<br \/>\nWinterrinnsale verwandeln sich nach der Schneeschmelze in tosende Wasserf\u00e4lle.<br \/>\nDer Naturfotograf Roland Gerth hat die Wasserlandschaften der Schweizer Berge<br \/>\nins beste Licht ger\u00fcckt \u2013 fr\u00fchmorgens zum Beispiel, aber auch bei Sturm und<br \/>\nRegen oder in der Nacht. Dazu hat er oft vor Ort in Bergh\u00fctten, im Zelt oder<br \/>\nim Auto \u00fcbernachtet. So sind ihm Bilder gelungen, welche die Einzigartigkeit<br \/>\nder Moore, Seen, Wasserf\u00e4lle, Gletscher und Fl\u00fcsse der Schweizer Berge aufs<br \/>\nSch\u00f6nste wiedergeben.<\/p>\n<p>An die hundert Gew\u00e4sser und Gletscher stellt er uns vor. Darunter den<br \/>\nStellisee und den Aletschgletscher im Wallis, die Aare-schlucht und den<br \/>\nStaubbachfall im Berner Oberland, den Rossfall und den Voralpsee in der<br \/>\nwinterlichen Ostschweiz. In der Zentralschweiz hat er unter anderem den<br \/>\nFulensee und die Wasserlandschaft auf der G\u00f6scheneralp fotografiert, im<br \/>\nB\u00fcndnerland die Greinaebene und den Silsersee. Im Tessin entstanden Bilder vom<br \/>\nGotthardpass und von Ponte Brolla. Fast alle der vorgestellten Gew\u00e4sser sind<br \/>\nproblemlos zu erreichen. F\u00fcr einige, wie den Gauligletscher oder den<br \/>\nGeisspfadsee, braucht es et-was Ausdauer und Kondition. Manche wie das<br \/>\nMoorseelein von Lai\u00f2zz im Maggiatal verstecken sich und wollen entdeckt<br \/>\nwerden.<\/p>\n<p>Das Buch ist eine Aufforderung, sich selber auf eine Entdeckungsreise durch<br \/>\ndie faszinierende Wasserwelt der Schweizer Berge zu machen, und zeigt dabei,<br \/>\nwie bedeutungsvoll ein sorgsamer und nachhaltiger Umgang mit der Ressource<br \/>\nWasser ist.<\/p>\n<p>Die Bilder werden durch die Texte des Schweizer Schriftstellers Emil Zopfi<br \/>\nbegleitet und erg\u00e4nzt.<\/p>","protected":false},"excerpt":{"rendered":"<p>Die sch\u00f6nsten Wasserlandschaften der Schweiz Zum grenzenlosen Formenreichtum der Natur geh\u00f6ren die unz\u00e4hligen Gew\u00e4sser der Schweizer Bergwelt. Geschaffen durch Erosion wie an der Verzasca oder der Maggia im Tessin, ver\u00e4ndert sich die Landschaft im Lauf der Jahre und Jahrhunderte. Neue, teilweise noch namenlose Seen entstehen durch den R\u00fcckzug der Gletscher. Winterrinnsale verwandeln sich nach der [&#8230;]\n","protected":false},"featured_media":179539,"template":"","meta":[],"product_brand":[],"product_cat":[21542],"product_tag":[],"class_list":{"0":"post-146839","1":"product","2":"type-product","3":"status-publish","4":"has-post-thumbnail","6":"product_cat-sachbuecher-dokumentationen","7":"pa_autor-gerth-zopfi","8":"pa_erscheinungsjahr-21550","9":"pa_region-schweiz","10":"pa_sprache-de","12":"first","13":"instock","14":"taxable","15":"shipping-taxable","16":"purchasable","17":"product-type-simple"},"_links":{"self":[{"href":"https:\/\/pizbube.ch\/en\/wp-json\/wp\/v2\/product\/146839","targetHints":{"allow":["GET"]}}],"collection":[{"href":"https:\/\/pizbube.ch\/en\/wp-json\/wp\/v2\/product"}],"about":[{"href":"https:\/\/pizbube.ch\/en\/wp-json\/wp\/v2\/types\/product"}],"wp:featuredmedia":[{"embeddable":true,"href":"https:\/\/pizbube.ch\/en\/wp-json\/wp\/v2\/media\/179539"}],"wp:attachment":[{"href":"https:\/\/pizbube.ch\/en\/wp-json\/wp\/v2\/media?parent=146839"}],"wp:term":[{"taxonomy":"product_brand","embeddable":true,"href":"https:\/\/pizbube.ch\/en\/wp-json\/wp\/v2\/product_brand?post=146839"},{"taxonomy":"product_cat","embeddable":true,"href":"https:\/\/pizbube.ch\/en\/wp-json\/wp\/v2\/product_cat?post=146839"},{"taxonomy":"product_tag","embeddable":true,"href":"https:\/\/pizbube.ch\/en\/wp-json\/wp\/v2\/product_tag?post=146839"}],"curies":[{"name":"wp","href":"https:\/\/api.w.org\/{rel}","templated":true}]}}