{"id":146840,"date":"2021-01-15T10:54:19","date_gmt":"2021-01-15T10:54:19","guid":{"rendered":"https:\/\/codengine3.ch\/?product=import-placeholder-for-207015"},"modified":"2021-01-15T14:54:19","modified_gmt":"2021-01-15T14:54:19","slug":"naturpaerke-erwandern","status":"publish","type":"product","link":"https:\/\/pizbube.ch\/en\/shop\/naturpaerke-erwandern\/","title":{"rendered":"Naturp\u00e4rke erwandern"},"content":{"rendered":"<p>22 Schweizer Natur- und Kulturlandschaften entdecken  <\/p>\n<p>Lange hatte die Schweiz nur den Nationalpark im Engadin. Dann entstand innert<br \/>\nk\u00fcrzester Zeit ein Dutzend neuer Naturp\u00e4rke. Z\u00e4hlt man die UNESCO-Gebiete zur<br \/>\n&#8218;Parklandschaft Schweiz&#8216;, kommt man auf einen Drittel der Landesfl\u00e4che. Ob<br \/>\nsich alle diese P\u00e4rke daf\u00fcr eignen, die urspr\u00fcnglichsten Kultur- und<br \/>\nNaturlandschaften der Schweiz langfristig zu sichern, wird sich zeigen.<br \/>\nWandernde haben aber jetzt schon die Gelegenheit, auf dem dichten<br \/>\nWanderwegnetz die Naturp\u00e4rke und UNESCO-Gebiete zu erkunden. Einige der in<br \/>\ndiesem Buch vorgestellten Touren erm\u00f6glichen ein erstes bequemes<br \/>\n&#8218;Parkschnuppern&#8216;; andere m\u00f6chten den f\u00fcr einen Park typischen Landschafts- und<br \/>\nKulturcharakter erlebbar machen. So unterschiedlich wie die Motive, so<br \/>\nverschieden sind auch die Anspr\u00fcche an die Kondition Von der einfachen<br \/>\nFlusswanderung bis zur schwierigen Bergwanderung ist alles zu finden.<br \/>\n184 Seiten; zahlreiche Karten und farbige Abbildungen  <\/p>","protected":false},"excerpt":{"rendered":"<p>22 Schweizer Natur- und Kulturlandschaften entdecken Lange hatte die Schweiz nur den Nationalpark im Engadin. Dann entstand innert k\u00fcrzester Zeit ein Dutzend neuer Naturp\u00e4rke. Z\u00e4hlt man die UNESCO-Gebiete zur &#8218;Parklandschaft Schweiz&#8216;, kommt man auf einen Drittel der Landesfl\u00e4che. Ob sich alle diese P\u00e4rke daf\u00fcr eignen, die urspr\u00fcnglichsten Kultur- und Naturlandschaften der Schweiz langfristig zu sichern, [&#8230;]\n","protected":false},"featured_media":36593,"template":"","meta":[],"product_brand":[],"product_cat":[21605],"product_tag":[],"class_list":{"0":"post-146840","1":"product","2":"type-product","3":"status-publish","4":"has-post-thumbnail","6":"product_cat-wanderfuehrer-trekking","7":"pa_autor-hagmann","8":"pa_erscheinungsjahr-21621","9":"pa_region-schweiz","10":"pa_sprache-de","12":"first","13":"instock","14":"taxable","15":"shipping-taxable","16":"purchasable","17":"product-type-simple"},"_links":{"self":[{"href":"https:\/\/pizbube.ch\/en\/wp-json\/wp\/v2\/product\/146840","targetHints":{"allow":["GET"]}}],"collection":[{"href":"https:\/\/pizbube.ch\/en\/wp-json\/wp\/v2\/product"}],"about":[{"href":"https:\/\/pizbube.ch\/en\/wp-json\/wp\/v2\/types\/product"}],"wp:featuredmedia":[{"embeddable":true,"href":"https:\/\/pizbube.ch\/en\/wp-json\/wp\/v2\/media\/36593"}],"wp:attachment":[{"href":"https:\/\/pizbube.ch\/en\/wp-json\/wp\/v2\/media?parent=146840"}],"wp:term":[{"taxonomy":"product_brand","embeddable":true,"href":"https:\/\/pizbube.ch\/en\/wp-json\/wp\/v2\/product_brand?post=146840"},{"taxonomy":"product_cat","embeddable":true,"href":"https:\/\/pizbube.ch\/en\/wp-json\/wp\/v2\/product_cat?post=146840"},{"taxonomy":"product_tag","embeddable":true,"href":"https:\/\/pizbube.ch\/en\/wp-json\/wp\/v2\/product_tag?post=146840"}],"curies":[{"name":"wp","href":"https:\/\/api.w.org\/{rel}","templated":true}]}}