{"id":146842,"date":"2021-01-15T10:54:19","date_gmt":"2021-01-15T10:54:19","guid":{"rendered":"https:\/\/codengine3.ch\/?product=import-placeholder-for-207419"},"modified":"2021-01-15T16:03:03","modified_gmt":"2021-01-15T16:03:03","slug":"atlas-des-schweizerischen-nationalparks-die-ersten-100-jahre","status":"publish","type":"product","link":"https:\/\/pizbube.ch\/en\/shop\/atlas-des-schweizerischen-nationalparks-die-ersten-100-jahre\/","title":{"rendered":"Atlas des Schweizerischen Nationalparks &#8211; Die ersten 100 Jahre"},"content":{"rendered":"<p>Vor 100 Jahren begann im Schweizerischen Nationalpark das Experiment, Natur<br \/>\nsich selbst zu \u00fcberlassen und deren Entwicklung zu beobachten. Der \u00abAtlas des<br \/>\nSchweizerischen Nationalparks\u00bb zeigt, was im 170 Quadratkilometer gro\u00dfen<br \/>\nNaturreservat im Kernraum der Alpen geschehen ist.<br \/>\nMit einer Vielzahl von Karten und erl\u00e4uternden Texten bietet das Werk<br \/>\nspannende Informationen zu unterschiedlichen Themen &#8211; von den erdkundlichen<br \/>\nGrundlagen \u00fcber geschichtliche und r\u00e4umlich vergleichende Bez\u00fcge bis hin zu<br \/>\nPflanzen, Tieren, dem Menschen und dessen Forschung.<\/p>\n<p>Daraus resultiert eine umfassende und attraktive \u00dcbersicht \u00fcber den ersten und<br \/>\nam besten gesch\u00fctzten Nationalpark der Alpen. In verst\u00e4ndlicher Form werden<br \/>\nalle Aspekte des Parks beleuchtet: Von den Anf\u00e4ngen bis in geplante Zukunft &#8211;<br \/>\nvom \u00f6kologischen bis zum \u00f6konomischen Standpunkt. Spannende Information mit<br \/>\neiner Vielzahl von Karten und erl\u00e4uternden Texten.<\/p>\n<p>Der Atlas des Schweizerischen Nationalparks dokumentiert die Vorg\u00e4nge im 170<br \/>\nkm2 grossen Naturreservat im Kernraum der Alpen auf kartographischer Basis.<br \/>\nVon den erdkundlichen Grundlagen \u00fcber geschichtliche und r\u00e4umlich<br \/>\nvergleichende Bez\u00fcge bis hin zu Pflanzen, Tieren, dem Menschen und dessen<br \/>\nForschung einschliesslich Perspektiven findet sich im Werk eine Vielzahl von<br \/>\nKarten sowie erl\u00e4uternden Texten. Daraus resultiert eine ebenso umfassende wie<br \/>\nkonzise \u00dcbersicht \u00fcber den ersten und am besten gesch\u00fctzten Nationalpark der<br \/>\nAlpen.<\/p>","protected":false},"excerpt":{"rendered":"<p>Vor 100 Jahren begann im Schweizerischen Nationalpark das Experiment, Natur sich selbst zu \u00fcberlassen und deren Entwicklung zu beobachten. Der \u00abAtlas des Schweizerischen Nationalparks\u00bb zeigt, was im 170 Quadratkilometer gro\u00dfen Naturreservat im Kernraum der Alpen geschehen ist. Mit einer Vielzahl von Karten und erl\u00e4uternden Texten bietet das Werk spannende Informationen zu unterschiedlichen Themen &#8211; von [&#8230;]\n","protected":false},"featured_media":37389,"template":"","meta":[],"product_brand":[],"product_cat":[21542],"product_tag":[],"class_list":{"0":"post-146842","1":"product","2":"type-product","3":"status-publish","4":"has-post-thumbnail","6":"product_cat-sachbuecher-dokumentationen","7":"pa_autor-haller-hrsg","8":"pa_erscheinungsjahr-21568","9":"pa_region-schweiz","10":"pa_sprache-de","12":"first","13":"instock","14":"taxable","15":"shipping-taxable","16":"purchasable","17":"product-type-simple"},"_links":{"self":[{"href":"https:\/\/pizbube.ch\/en\/wp-json\/wp\/v2\/product\/146842","targetHints":{"allow":["GET"]}}],"collection":[{"href":"https:\/\/pizbube.ch\/en\/wp-json\/wp\/v2\/product"}],"about":[{"href":"https:\/\/pizbube.ch\/en\/wp-json\/wp\/v2\/types\/product"}],"wp:featuredmedia":[{"embeddable":true,"href":"https:\/\/pizbube.ch\/en\/wp-json\/wp\/v2\/media\/37389"}],"wp:attachment":[{"href":"https:\/\/pizbube.ch\/en\/wp-json\/wp\/v2\/media?parent=146842"}],"wp:term":[{"taxonomy":"product_brand","embeddable":true,"href":"https:\/\/pizbube.ch\/en\/wp-json\/wp\/v2\/product_brand?post=146842"},{"taxonomy":"product_cat","embeddable":true,"href":"https:\/\/pizbube.ch\/en\/wp-json\/wp\/v2\/product_cat?post=146842"},{"taxonomy":"product_tag","embeddable":true,"href":"https:\/\/pizbube.ch\/en\/wp-json\/wp\/v2\/product_tag?post=146842"}],"curies":[{"name":"wp","href":"https:\/\/api.w.org\/{rel}","templated":true}]}}