{"id":146846,"date":"2021-01-15T10:54:19","date_gmt":"2021-01-15T10:54:19","guid":{"rendered":"https:\/\/codengine3.ch\/?product=import-placeholder-for-200112"},"modified":"2022-06-08T10:47:21","modified_gmt":"2022-06-08T08:47:21","slug":"escalade-en-drome-vercors-sud-drome-des-collines","status":"publish","type":"product","link":"https:\/\/pizbube.ch\/en\/shop\/escalade-en-drome-vercors-sud-drome-des-collines\/","title":{"rendered":"Escalade en Dr\u00f4me &#8211; Vercors sud &amp; Dr\u00f4me des Collines"},"content":{"rendered":"<p>17 sites et 1573 longueurs sont s\u00e9lectionn\u00e9s:<\/p>\n<p>1) Les Roches qui Dansent 2) Les Grands Goulets 3) La Vierge du Vercors 4)<br \/>\nCombatier 5) La Cime du Mas 6) Pr\u00e9cipice de Corbi\u00e8re 7) La Glaci\u00e8re 8) Brudour<br \/>\n9) La Taupini\u00e8re 10) La Presqu\u2019\u00eele 11) L\u2019Auberge Espagnole 12) C\u00f4t\u00e9 Court 13)<br \/>\nPas de L\u2019escalier 14) Rochefort Samson 15) Le Tourniol 16) Barbi\u00e8re 17)<br \/>\nOmbl\u00e8ze.<\/p>\n<p>Orientation, temps de marche, altitude, coordonn\u00e9es GPS, saison id\u00e9ale,<br \/>\ninclinaison, ensoleillement, hauteur des voies, nb de points \u2026<\/p>\n<p>Ce volume est le deuxi\u00e8me d\u2019une s\u00e9rie de trois dont le dernier concernera la<br \/>\nVall\u00e9e de la Dr\u00f4me et le Diois.<\/p>","protected":false},"excerpt":{"rendered":"<p>17 sites et 1573 longueurs sont s\u00e9lectionn\u00e9s: 1) Les Roches qui Dansent 2) Les Grands Goulets 3) La Vierge du Vercors 4) Combatier 5) La Cime du Mas 6) Pr\u00e9cipice de Corbi\u00e8re 7) La Glaci\u00e8re 8) Brudour 9) La Taupini\u00e8re 10) La Presqu\u2019\u00eele 11) L\u2019Auberge Espagnole 12) C\u00f4t\u00e9 Court 13) Pas de L\u2019escalier 14) Rochefort [&#8230;]\n","protected":false},"featured_media":161000,"template":"","meta":[],"product_brand":[],"product_cat":[21539],"product_tag":[],"class_list":{"0":"post-146846","1":"product","2":"type-product","3":"status-publish","4":"has-post-thumbnail","6":"product_cat-fuehrerliteratur-sportklettern-bouldern","7":"pa_autor-ffme","8":"pa_erscheinungsjahr-21597","9":"pa_region-frankreich","10":"pa_sprache-fr-en","12":"first","13":"instock","14":"taxable","15":"shipping-taxable","16":"purchasable","17":"product-type-simple"},"_links":{"self":[{"href":"https:\/\/pizbube.ch\/en\/wp-json\/wp\/v2\/product\/146846","targetHints":{"allow":["GET"]}}],"collection":[{"href":"https:\/\/pizbube.ch\/en\/wp-json\/wp\/v2\/product"}],"about":[{"href":"https:\/\/pizbube.ch\/en\/wp-json\/wp\/v2\/types\/product"}],"wp:featuredmedia":[{"embeddable":true,"href":"https:\/\/pizbube.ch\/en\/wp-json\/wp\/v2\/media\/161000"}],"wp:attachment":[{"href":"https:\/\/pizbube.ch\/en\/wp-json\/wp\/v2\/media?parent=146846"}],"wp:term":[{"taxonomy":"product_brand","embeddable":true,"href":"https:\/\/pizbube.ch\/en\/wp-json\/wp\/v2\/product_brand?post=146846"},{"taxonomy":"product_cat","embeddable":true,"href":"https:\/\/pizbube.ch\/en\/wp-json\/wp\/v2\/product_cat?post=146846"},{"taxonomy":"product_tag","embeddable":true,"href":"https:\/\/pizbube.ch\/en\/wp-json\/wp\/v2\/product_tag?post=146846"}],"curies":[{"name":"wp","href":"https:\/\/api.w.org\/{rel}","templated":true}]}}