{"id":146848,"date":"2021-01-15T10:54:19","date_gmt":"2021-01-15T10:54:19","guid":{"rendered":"https:\/\/codengine3.ch\/?product=import-placeholder-for-202633"},"modified":"2021-01-15T12:38:01","modified_gmt":"2021-01-15T12:38:01","slug":"escalades-dans-le-massif-du-vercors","status":"publish","type":"product","link":"https:\/\/pizbube.ch\/en\/shop\/escalades-dans-le-massif-du-vercors\/","title":{"rendered":"Escalades dans le massif du Vercors"},"content":{"rendered":"<p>des Trois Pucelles \u00e0 Balme; topoguide  <\/p>\n<p>Description des itin\u00e9raires ouverts dans la barri\u00e8re est du Vercors, des<br \/>\nrochers du Playnet au mont Aiguille, ainsi que les secteurs d&#8217;Archiane et<br \/>\nGlandasse. On ne va pas au-del\u00e0 de Die au sud et du col de Rousset \u00e0 l&#8217;ouest.<br \/>\nCe guide ne traite que des voies ouvertes dans les parois en altitude et non<br \/>\ndans les \u00e9coles d&#8217;escalade situ\u00e9es plus bas. Toutes les voies r\u00e9pertori\u00e9es y<br \/>\nfigurent, anciennes ou r\u00e9centes.<\/p>","protected":false},"excerpt":{"rendered":"<p>des Trois Pucelles \u00e0 Balme; topoguide Description des itin\u00e9raires ouverts dans la barri\u00e8re est du Vercors, des rochers du Playnet au mont Aiguille, ainsi que les secteurs d&#8217;Archiane et Glandasse. On ne va pas au-del\u00e0 de Die au sud et du col de Rousset \u00e0 l&#8217;ouest. Ce guide ne traite que des voies ouvertes dans [&#8230;]\n","protected":false},"featured_media":30053,"template":"","meta":[],"product_brand":[],"product_cat":[21539],"product_tag":[],"class_list":{"0":"post-146848","1":"product","2":"type-product","3":"status-publish","4":"has-post-thumbnail","6":"product_cat-fuehrerliteratur-sportklettern-bouldern","7":"pa_autor-coupe","8":"pa_erscheinungsjahr-22319","9":"pa_region-frankreich","10":"pa_sprache-fr","12":"first","13":"outofstock","14":"taxable","15":"shipping-taxable","16":"purchasable","17":"product-type-simple"},"_links":{"self":[{"href":"https:\/\/pizbube.ch\/en\/wp-json\/wp\/v2\/product\/146848","targetHints":{"allow":["GET"]}}],"collection":[{"href":"https:\/\/pizbube.ch\/en\/wp-json\/wp\/v2\/product"}],"about":[{"href":"https:\/\/pizbube.ch\/en\/wp-json\/wp\/v2\/types\/product"}],"wp:featuredmedia":[{"embeddable":true,"href":"https:\/\/pizbube.ch\/en\/wp-json\/wp\/v2\/media\/30053"}],"wp:attachment":[{"href":"https:\/\/pizbube.ch\/en\/wp-json\/wp\/v2\/media?parent=146848"}],"wp:term":[{"taxonomy":"product_brand","embeddable":true,"href":"https:\/\/pizbube.ch\/en\/wp-json\/wp\/v2\/product_brand?post=146848"},{"taxonomy":"product_cat","embeddable":true,"href":"https:\/\/pizbube.ch\/en\/wp-json\/wp\/v2\/product_cat?post=146848"},{"taxonomy":"product_tag","embeddable":true,"href":"https:\/\/pizbube.ch\/en\/wp-json\/wp\/v2\/product_tag?post=146848"}],"curies":[{"name":"wp","href":"https:\/\/api.w.org\/{rel}","templated":true}]}}