{"id":146849,"date":"2021-01-15T10:54:19","date_gmt":"2021-01-15T10:54:19","guid":{"rendered":"https:\/\/codengine3.ch\/?product=import-placeholder-for-200469"},"modified":"2024-03-02T09:53:58","modified_gmt":"2024-03-02T08:53:58","slug":"escalade-en-drome-provencale","status":"publish","type":"product","link":"https:\/\/pizbube.ch\/en\/shop\/escalade-en-drome-provencale\/","title":{"rendered":"Escalade en Dr\u00f4me Proven\u00e7ale"},"content":{"rendered":"<p>Cette r\u00e9gion environnant Buis les Baronnies dans le Sud Est de la France<br \/>\nattendait d\u00e9sesp\u00e9r\u00e9ment une version moderne, \u00e0 jour et compl\u00e8te du topo local:<br \/>\nRocher Des Aures, \/ St Ferreol Trente Pas \/ Bellecombe \/ Bodon \/ Baume<br \/>\nNoir \/ Baume Rousse \/ Lou Passo \/ Ubrieux \/ L\u2019Aiguille de Buis\/ Rocher<br \/>\nde Saint Julien \/ La Clue de Plaisans \/ Mevouillon \/ Pelleret.<\/p>\n<p>Escalade en Dr\u00f4me Proven\u00e7ale couvre 13 falaises, et 6 d\u2019entre-elles n\u2019avaient<br \/>\njamais \u00e9t\u00e9 r\u00e9pertori\u00e9es dans un \u00ab vrai \u00bb topo mais \u00e9taient connues gr\u00e2ce au<br \/>\nbouche \u00e0 oreilles entre grimpeurs et de jolies photocopies.<br \/>\nLe livre est un super topo avec un tr\u00e8s grand nombre d\u2019informations pr\u00e9sent\u00e9<br \/>\nde fa\u00e7on claire et simple, mais aussi dans un format facile d\u2019utilisation avec<br \/>\ndes photos de tous les sites.<\/p>\n<p>Des codes couleurs et des symboles sont utilis\u00e9s tout au long de l\u2019ouvrage et<br \/>\ndonnent ainsi des infos essentielles pour chaque falaises\/voies, le tout dans<br \/>\nun format facilement et rapidement abordable.<\/p>\n<p>Reprint 2021;<br \/>\nD\u00e9pots l\u00e9gal: 2017<\/p>","protected":false},"excerpt":{"rendered":"<p>Cette r\u00e9gion environnant Buis les Baronnies dans le Sud Est de la France attendait d\u00e9sesp\u00e9r\u00e9ment une version moderne, \u00e0 jour et compl\u00e8te du topo local: Rocher Des Aures, \/ St Ferreol Trente Pas \/ Bellecombe \/ Bodon \/ Baume Noir \/ Baume Rousse \/ Lou Passo \/ Ubrieux \/ L\u2019Aiguille de Buis\/ Rocher de Saint [&#8230;]\n","protected":false},"featured_media":160996,"template":"","meta":[],"product_brand":[],"product_cat":[21539],"product_tag":[],"class_list":{"0":"post-146849","1":"product","2":"type-product","3":"status-publish","4":"has-post-thumbnail","6":"product_cat-fuehrerliteratur-sportklettern-bouldern","7":"pa_autor-ffme","8":"pa_erscheinungsjahr-25440","9":"pa_region-frankreich","10":"pa_sprache-de","11":"pa_sprache-en","13":"first","14":"outofstock","15":"taxable","16":"shipping-taxable","17":"purchasable","18":"product-type-simple"},"_links":{"self":[{"href":"https:\/\/pizbube.ch\/en\/wp-json\/wp\/v2\/product\/146849","targetHints":{"allow":["GET"]}}],"collection":[{"href":"https:\/\/pizbube.ch\/en\/wp-json\/wp\/v2\/product"}],"about":[{"href":"https:\/\/pizbube.ch\/en\/wp-json\/wp\/v2\/types\/product"}],"wp:featuredmedia":[{"embeddable":true,"href":"https:\/\/pizbube.ch\/en\/wp-json\/wp\/v2\/media\/160996"}],"wp:attachment":[{"href":"https:\/\/pizbube.ch\/en\/wp-json\/wp\/v2\/media?parent=146849"}],"wp:term":[{"taxonomy":"product_brand","embeddable":true,"href":"https:\/\/pizbube.ch\/en\/wp-json\/wp\/v2\/product_brand?post=146849"},{"taxonomy":"product_cat","embeddable":true,"href":"https:\/\/pizbube.ch\/en\/wp-json\/wp\/v2\/product_cat?post=146849"},{"taxonomy":"product_tag","embeddable":true,"href":"https:\/\/pizbube.ch\/en\/wp-json\/wp\/v2\/product_tag?post=146849"}],"curies":[{"name":"wp","href":"https:\/\/api.w.org\/{rel}","templated":true}]}}