{"id":146850,"date":"2021-01-15T10:54:19","date_gmt":"2021-01-15T10:54:19","guid":{"rendered":"https:\/\/codengine3.ch\/?product=import-placeholder-for-204110"},"modified":"2026-03-13T11:15:40","modified_gmt":"2026-03-13T10:15:40","slug":"escalades-en-drome-provencale-eson-et-le-palloir","status":"publish","type":"product","link":"https:\/\/pizbube.ch\/en\/shop\/escalades-en-drome-provencale-eson-et-le-palloir\/","title":{"rendered":"Escalades en Dr\u00f4me proven\u00e7ale &#8211; Eson et le Palloir"},"content":{"rendered":"<p>100 voies du 4c au 8b, plus de 2500 m\u00e8tres d&#8217;escalade.<br \/>\nPlan d&#8217;acc\u00e8s, vues g\u00e9n\u00e9rales de la falaise avec indication des diff\u00e9rents<br \/>\nsecteurs, croquis d\u00e9taill\u00e9s des voies secteur par secteur, liste des voies par<br \/>\ndifficult\u00e9s, photos&#8230;<br \/>\nSitu\u00e9es en Dr\u00f4me proven\u00e7ale, la falaise d&#8217;Eson sur la commune de Pont de<br \/>\nBarret, et celle du Palloir sur la commune de Sao\u00fb.<br \/>\nLa falaise d&#8217;Eson, orient\u00e9e Sud\/Ouest et Sud, abrit\u00e9e du mistral, pr\u00e9sente un<br \/>\nsite naturel exceptionnel pour les journ\u00e9es froides de l&#8217;hiver proven\u00e7al. Le<br \/>\nniveau moyen se situe autour de 7a pour des longueurs d&#8217;environ 30 m\u00e8tres.<br \/>\nLa falaise du Palloir est un petit spot d&#8217;une grosse quinzaine de voies dans<br \/>\ndu d\u00e9vers, du 7a au 8b, voire plus pour certains chantiers encore non r\u00e9alis\u00e9s<br \/>\n&#8211; Son orientation, Nord, en fait plut\u00f4t un site grimpable de la fin du<br \/>\nprintemps au d\u00e9but de l&#8217;automne.<\/p>","protected":false},"excerpt":{"rendered":"<p>100 voies du 4c au 8b, plus de 2500 m\u00e8tres d&#8217;escalade. Plan d&#8217;acc\u00e8s, vues g\u00e9n\u00e9rales de la falaise avec indication des diff\u00e9rents secteurs, croquis d\u00e9taill\u00e9s des voies secteur par secteur, liste des voies par difficult\u00e9s, photos&#8230; Situ\u00e9es en Dr\u00f4me proven\u00e7ale, la falaise d&#8217;Eson sur la commune de Pont de Barret, et celle du Palloir sur [&#8230;]\n","protected":false},"featured_media":31864,"template":"","meta":[],"product_brand":[],"product_cat":[21539],"product_tag":[],"class_list":{"0":"post-146850","1":"product","2":"type-product","3":"status-publish","4":"has-post-thumbnail","6":"product_cat-fuehrerliteratur-sportklettern-bouldern","7":"pa_autor-ffme","8":"pa_erscheinungsjahr-21776","9":"pa_region-frankreich","10":"pa_sprache-fr","12":"first","13":"outofstock","14":"taxable","15":"shipping-taxable","16":"purchasable","17":"product-type-simple"},"_links":{"self":[{"href":"https:\/\/pizbube.ch\/en\/wp-json\/wp\/v2\/product\/146850","targetHints":{"allow":["GET"]}}],"collection":[{"href":"https:\/\/pizbube.ch\/en\/wp-json\/wp\/v2\/product"}],"about":[{"href":"https:\/\/pizbube.ch\/en\/wp-json\/wp\/v2\/types\/product"}],"wp:featuredmedia":[{"embeddable":true,"href":"https:\/\/pizbube.ch\/en\/wp-json\/wp\/v2\/media\/31864"}],"wp:attachment":[{"href":"https:\/\/pizbube.ch\/en\/wp-json\/wp\/v2\/media?parent=146850"}],"wp:term":[{"taxonomy":"product_brand","embeddable":true,"href":"https:\/\/pizbube.ch\/en\/wp-json\/wp\/v2\/product_brand?post=146850"},{"taxonomy":"product_cat","embeddable":true,"href":"https:\/\/pizbube.ch\/en\/wp-json\/wp\/v2\/product_cat?post=146850"},{"taxonomy":"product_tag","embeddable":true,"href":"https:\/\/pizbube.ch\/en\/wp-json\/wp\/v2\/product_tag?post=146850"}],"curies":[{"name":"wp","href":"https:\/\/api.w.org\/{rel}","templated":true}]}}